{"id":7516,"date":"2025-06-14T09:10:36","date_gmt":"2025-06-14T08:10:36","guid":{"rendered":"https:\/\/solaroglo.com\/?post_type=product&#038;p=7516"},"modified":"2025-06-19T08:54:32","modified_gmt":"2025-06-19T07:54:32","slug":"sg723-300-iluminacao-publica-solar-tudo-em-um-unidade-totalmente-integrada-180-led-60w-painel-ip65-copy-copy-copy-copy-copy-copy","status":"publish","type":"product","link":"https:\/\/solaroglo.com\/pt-br\/produto\/sg723-300-iluminacao-publica-solar-tudo-em-um-unidade-totalmente-integrada-180-led-60w-painel-ip65-copy-copy-copy-copy-copy-copy\/","title":{"rendered":"SG723-300 Ilumina\u00e7\u00e3o P\u00fablica Solar Tudo em Um Unidade Totalmente Integrada 180 LED 60W Painel IP65 (Copy) (Copy) (Copy) (Copy) (Copy) (Copy)"},"content":{"rendered":"<h2>Introdu\u00e7\u00e3o<\/h2>\n<p class=\"whitespace-normal\">A <a href=\"https:\/\/solaroglo.com\/all-in-one-solar-street-light\/\">lumin\u00e1ria solar de rua multifuncional<\/a> SG723-300 combina painel solar, bateria e 180 luzes LED em uma \u00fanica unidade compacta. Este design integrado elimina instala\u00e7\u00f5es complexas ao mesmo tempo em que proporciona ilumina\u00e7\u00e3o potente sem custos de eletricidade ou requisitos de fia\u00e7\u00e3o.<\/p>\n<p class=\"whitespace-normal\">Com detec\u00e7\u00e3o inteligente de movimento e sensores de luz autom\u00e1ticos, o sistema maximiza a efici\u00eancia energ\u00e9tica ajustando o brilho com base na atividade ao redor. Essa tecnologia inteligente fornece mais de 12 horas de ilumina\u00e7\u00e3o confi\u00e1vel por noite, exatamente quando e onde \u00e9 necess\u00e1rio.<\/p>\n<p class=\"whitespace-normal\">Feitas com alum\u00ednio dur\u00e1vel e prote\u00e7\u00e3o contra intemp\u00e9ries IP65, essas luzes solares t\u00eam um desempenho confi\u00e1vel em v\u00e1rios ambientes externos. Esta solu\u00e7\u00e3o de ilumina\u00e7\u00e3o vers\u00e1til atende a diversas aplica\u00e7\u00f5es, desde ruas residenciais at\u00e9 propriedades comerciais, parques e \u00e1reas de estacionamento, oferecendo a voc\u00ea uma op\u00e7\u00e3o eficaz e sustent\u00e1vel para suas necessidades espec\u00edficas de ilumina\u00e7\u00e3o.<\/p>\n<h2 class=\"detail_h2\">Par\u00e2metro t\u00e9cnico<\/h2>\n<ul>\n<li class=\"whitespace-normal break-words\">Modelo: SG723-300<\/li>\n<li class=\"whitespace-normal break-words\">Temperatura de cor: 6500K<\/li>\n<li class=\"whitespace-normal break-words\">Bateria de l\u00edtio: bateria de fosfato de ferro-l\u00edtio de 3,2 V\/50000 mA<\/li>\n<li class=\"whitespace-normal break-words\">Painel Fotovoltaico: Sil\u00edcio Policristalino 6V\/60W<\/li>\n<li class=\"whitespace-normal break-words\">Tamanho do painel: 882 \u00d7 395 mm<\/li>\n<li class=\"whitespace-normal break-words\">Tamanho da l\u00e2mpada: 887 \u00d7 400 \u00d7 280 mm<\/li>\n<li class=\"whitespace-normal break-words\">Configura\u00e7\u00e3o de LED: 180 contas de l\u00e2mpada SMD 3030<\/li>\n<li class=\"whitespace-normal break-words\">Material: Perfil de alum\u00ednio + lente nano \u00f3ptica<\/li>\n<li class=\"whitespace-normal break-words\">N\u00edvel de prote\u00e7\u00e3o: IP65<\/li>\n<li class=\"whitespace-normal break-words\">Fun\u00e7\u00f5es de controle: controle de luz inteligente + indu\u00e7\u00e3o de radar + carregamento r\u00e1pido de flash<\/li>\n<li class=\"whitespace-normal break-words\">Dura\u00e7\u00e3o da ilumina\u00e7\u00e3o:&gt;12 hours<\/li>\n<\/ul>\n<p>&nbsp;<\/p>\n<h2 class=\"detail_h2\">Mais modelos<\/h2>\n<div id=\"supsystic-table-2_19999\" class=\"supsystic-tables-wrap \" style=\" display: inline-block; width:auto; visibility: hidden; \" data-table-width-fixed=\"auto\" data-table-width-mobile=\"auto\" ><table id=\"supsystic-table-2\" class=\"supsystic-table lfixed compact paragraphMode border stripe hover lightboxImg no-border\" data-id=\"2\" data-view-id=\"2_19999\" data-title=\"SolarGlo-723 All-in-one Solar Street Light\" data-currency-format=\"$1,000.00\" data-percent-format=\"10.00%\" data-date-format=\"DD.MM.YYYY\" data-time-format=\"HH:mm\" data-features=\"[&quot;after_table_loaded_script&quot;]\" data-search-value=\"\" data-lfixed=\"1\" data-lightbox-img=\"\" data-head-rows-count=\"1\" data-pagination-length=\"50,100,All\" data-auto-index=\"off\" data-searching-settings=\"{&quot;columnSearchPosition&quot;:&quot;bottom&quot;,&quot;minChars&quot;:&quot;0&quot;}\" data-lang=\"default\" data-override=\"{&quot;emptyTable&quot;:&quot;&quot;,&quot;info&quot;:&quot;&quot;,&quot;infoEmpty&quot;:&quot;&quot;,&quot;infoFiltered&quot;:&quot;&quot;,&quot;lengthMenu&quot;:&quot;&quot;,&quot;search&quot;:&quot;&quot;,&quot;previous&quot;:&quot;&quot;,&quot;next&quot;:&quot;&quot;,&quot;zeroRecords&quot;:&quot;&quot;,&quot;exportLabel&quot;:&quot;&quot;,&quot;file&quot;:&quot;default&quot;}\" data-merged=\"[]\" data-responsive-mode=\"2\" data-from-history=\"0\" style=\"width:auto;\" ><thead><tr><th class=\"\" style=\"width:; padding: 0 !important;\"><\/th><th class=\"\" style=\"width:; padding: 0 !important;\"><\/th><th class=\"\" style=\"width:; padding: 0 !important;\"><\/th><th class=\"\" style=\"width:; padding: 0 !important;\"><\/th><th class=\"\" style=\"width:; padding: 0 !important;\"><\/th><th class=\"\" style=\"width:; padding: 0 !important;\"><\/th><th class=\"\" style=\"width:; padding: 0 !important;\"><\/th><th class=\"\" style=\"width:; padding: 0 !important;\"><\/th><\/tr><\/thead><tbody><tr style=\"height:51px\" ><td data-cell-id=\"A1\" data-x=\"0\" data-y=\"1\" data-db-index=\"1\" class=\"htMiddle color-ffffff bg-2195f3 bold fsize-14 htLeft\" data-cell-type=\"text\" data-original-value=\"Model\" data-order=\"Model\" >Model <\/td><td data-cell-id=\"B1\" data-x=\"1\" data-y=\"1\" data-db-index=\"1\" class=\"htMiddle color-ffffff bg-2195f3 bold fsize-14 htLeft\" data-cell-type=\"text\" data-original-value=\"Material\" data-order=\"Material\" >Material <\/td><td data-cell-id=\"C1\" data-x=\"2\" data-y=\"1\" data-db-index=\"1\" class=\"htMiddle color-ffffff bg-2195f3 bold fsize-14 htLeft\" data-cell-type=\"text\" data-original-value=\"Temperature\" data-order=\"Temperature\" >Temperature <\/td><td data-cell-id=\"D1\" data-x=\"3\" data-y=\"1\" data-db-index=\"1\" class=\"htMiddle color-ffffff bg-2195f3 bold fsize-14 htLeft\" data-cell-type=\"text\" data-original-value=\"Light Source\" data-order=\"Light Source\" >Light Source <\/td><td data-cell-id=\"E1\" data-x=\"4\" data-y=\"1\" data-db-index=\"1\" class=\"htMiddle color-ffffff bg-2195f3 bold fsize-14 htLeft\" data-cell-type=\"text\" data-original-value=\"Lithium Battery\" data-order=\"Lithium Battery\" >Lithium Battery <\/td><td data-cell-id=\"F1\" data-x=\"5\" data-y=\"1\" data-db-index=\"1\" class=\"htMiddle color-ffffff bg-2195f3 bold fsize-14 htLeft\" data-cell-type=\"text\" data-original-value=\"Solar Panel\" data-order=\"Solar Panel\" >Solar Panel <\/td><td data-cell-id=\"G1\" data-x=\"6\" data-y=\"1\" data-db-index=\"1\" class=\"htMiddle color-ffffff bg-2195f3 bold fsize-14 htLeft\" data-cell-type=\"text\" data-original-value=\"Solar Panel Size(mm)\" data-order=\"Solar Panel Size(mm)\" >Solar Panel Size(mm) <\/td><td data-cell-id=\"H1\" data-x=\"7\" data-y=\"1\" data-db-index=\"1\" class=\"htMiddle color-ffffff bg-2195f3 bold fsize-14 htLeft\" data-cell-type=\"text\" data-original-value=\"Lamp Size (mm)\" data-order=\"Lamp Size (mm)\" >Lamp Size (mm) <\/td><\/tr><tr style=\"height:px\" ><td data-cell-id=\"A2\" data-x=\"0\" data-y=\"2\" data-db-index=\"2\" class=\"htMiddle fsize-14 htLeft\" data-cell-type=\"text\" data-original-value=\"&lt;a href=&quot;https:\/\/solaroglo.com\/product\/sg723-300-all-in-one-solar-street-light\/&quot; target=&quot;_self&quot;&gt;SG723-300&lt;\/a&gt;\" data-order=\"&lt;a href=&quot;https:\/\/solaroglo.com\/product\/sg723-300-all-in-one-solar-street-light\/&quot; target=&quot;_self&quot;&gt;SG723-300&lt;\/a&gt;\" ><a href=\"https:\/\/solaroglo.com\/product\/sg723-300-all-in-one-solar-street-light\/\" target=\"_self\">SG723-300<\/a><\/td><td data-cell-id=\"B2\" data-x=\"1\" data-y=\"2\" data-db-index=\"2\" class=\"htMiddle fsize-14 htLeft\" data-cell-type=\"text\" data-original-value=\"Profile aluminum + nano optical lens\" data-order=\"Profile aluminum + nano optical lens\" >Profile aluminum + nano optical lens <\/td><td data-cell-id=\"C2\" data-x=\"2\" data-y=\"2\" data-db-index=\"2\" class=\"htMiddle fsize-14 htLeft\" data-cell-type=\"text\" data-original-value=\"6500K\" data-order=\"6500K\" >6500K <\/td><td data-cell-id=\"D2\" data-x=\"3\" data-y=\"2\" data-db-index=\"2\" class=\"htMiddle fsize-14 htLeft\" data-cell-type=\"text\" data-original-value=\"3030\/180PCS\" data-order=\"3030\/180PCS\" >3030\/180PCS <\/td><td data-cell-id=\"E2\" data-x=\"4\" data-y=\"2\" data-db-index=\"2\" class=\"htMiddle fsize-14 htLeft\" data-cell-type=\"text\" data-original-value=\"3.2V\/50000MA\" data-order=\"3.2V\/50000MA\" >3.2V\/50000MA <\/td><td data-cell-id=\"F2\" data-x=\"5\" data-y=\"2\" data-db-index=\"2\" class=\"htMiddle fsize-14 htLeft\" data-cell-type=\"text\" data-original-value=\"6V\/60W\" data-order=\"6V\/60W\" >6V\/60W <\/td><td data-cell-id=\"G2\" data-x=\"6\" data-y=\"2\" data-db-index=\"2\" class=\"htMiddle fsize-14 htLeft\" data-cell-type=\"text\" data-original-value=\"882*395\" data-order=\"882*395\" >882*395 <\/td><td data-cell-id=\"H2\" data-x=\"7\" data-y=\"2\" data-db-index=\"2\" class=\"htMiddle fsize-14 htLeft\" data-cell-type=\"text\" data-original-value=\"887*400*280\" data-order=\"887*400*280\" >887*400*280 <\/td><\/tr><tr style=\"height:px\" ><td data-cell-id=\"A3\" data-x=\"0\" data-y=\"3\" data-db-index=\"3\" class=\"htMiddle fsize-14 htLeft\" data-cell-type=\"text\" data-original-value=\"&lt;a href=&quot;https:\/\/solaroglo.com\/product\/sg723-400-all-in-one-solar-street-light\/&quot; target=&quot;_self&quot;&gt;SG723-400&lt;\/a&gt;\" data-order=\"&lt;a href=&quot;https:\/\/solaroglo.com\/product\/sg723-400-all-in-one-solar-street-light\/&quot; target=&quot;_self&quot;&gt;SG723-400&lt;\/a&gt;\" ><a href=\"https:\/\/solaroglo.com\/product\/sg723-400-all-in-one-solar-street-light\/\" target=\"_self\">SG723-400<\/a><\/td><td data-cell-id=\"B3\" data-x=\"1\" data-y=\"3\" data-db-index=\"3\" class=\"htMiddle fsize-14 htLeft\" data-cell-type=\"text\" data-original-value=\"Profile aluminum + nano optical lens\" data-order=\"Profile aluminum + nano optical lens\" >Profile aluminum + nano optical lens <\/td><td data-cell-id=\"C3\" data-x=\"2\" data-y=\"3\" data-db-index=\"3\" class=\"htMiddle fsize-14 htLeft\" data-cell-type=\"text\" data-original-value=\"6500K\" data-order=\"6500K\" >6500K <\/td><td data-cell-id=\"D3\" data-x=\"3\" data-y=\"3\" data-db-index=\"3\" class=\"htMiddle fsize-14 htLeft\" data-cell-type=\"text\" data-original-value=\"3030\/240PCS\" data-order=\"3030\/240PCS\" >3030\/240PCS <\/td><td data-cell-id=\"E3\" data-x=\"4\" data-y=\"3\" data-db-index=\"3\" class=\"htMiddle fsize-14 htLeft\" data-cell-type=\"text\" data-original-value=\"3.2V\/60000MA\" data-order=\"3.2V\/60000MA\" >3.2V\/60000MA <\/td><td data-cell-id=\"F3\" data-x=\"5\" data-y=\"3\" data-db-index=\"3\" class=\"htMiddle fsize-14 htLeft\" data-cell-type=\"text\" data-original-value=\"6V\/80W\" data-order=\"6V\/80W\" >6V\/80W <\/td><td data-cell-id=\"G3\" data-x=\"6\" data-y=\"3\" data-db-index=\"3\" class=\"htMiddle fsize-14 htLeft\" data-cell-type=\"text\" data-original-value=\"1160*395\" data-order=\"1160*395\" >1160*395 <\/td><td data-cell-id=\"H3\" data-x=\"7\" data-y=\"3\" data-db-index=\"3\" class=\"htMiddle fsize-14 htLeft\" data-cell-type=\"text\" data-original-value=\"887*400*280\" data-order=\"887*400*280\" >887*400*280 <\/td><\/tr><tr style=\"height:px\" ><td data-cell-id=\"A4\" data-x=\"0\" data-y=\"4\" data-db-index=\"4\" class=\"htMiddle fsize-14 htLeft\" data-cell-type=\"text\" data-original-value=\"&lt;a href=&quot;https:\/\/solaroglo.com\/product\/municipal-roads-sg723-500-all-in-one-solar-street-light\/&quot; target=&quot;_self&quot;&gt;SG723-500&lt;\/a&gt;\" data-order=\"&lt;a href=&quot;https:\/\/solaroglo.com\/product\/municipal-roads-sg723-500-all-in-one-solar-street-light\/&quot; target=&quot;_self&quot;&gt;SG723-500&lt;\/a&gt;\" ><a href=\"https:\/\/solaroglo.com\/product\/municipal-roads-sg723-500-all-in-one-solar-street-light\/\" target=\"_self\">SG723-500<\/a><\/td><td data-cell-id=\"B4\" data-x=\"1\" data-y=\"4\" data-db-index=\"4\" class=\"htMiddle fsize-14 htLeft\" data-cell-type=\"text\" data-original-value=\"Profile aluminum + nano optical lens\" data-order=\"Profile aluminum + nano optical lens\" >Profile aluminum + nano optical lens <\/td><td data-cell-id=\"C4\" data-x=\"2\" data-y=\"4\" data-db-index=\"4\" class=\"htMiddle fsize-14 htLeft\" data-cell-type=\"text\" data-original-value=\"6500K\" data-order=\"6500K\" >6500K <\/td><td data-cell-id=\"D4\" data-x=\"3\" data-y=\"4\" data-db-index=\"4\" class=\"htMiddle fsize-14 htLeft\" data-cell-type=\"text\" data-original-value=\"3030\/300PCS\" data-order=\"3030\/300PCS\" >3030\/300PCS <\/td><td data-cell-id=\"E4\" data-x=\"4\" data-y=\"4\" data-db-index=\"4\" class=\"htMiddle fsize-14 htLeft\" data-cell-type=\"text\" data-original-value=\"3.2V\/80000MA\" data-order=\"3.2V\/80000MA\" >3.2V\/80000MA <\/td><td data-cell-id=\"F4\" data-x=\"5\" data-y=\"4\" data-db-index=\"4\" class=\"htMiddle fsize-14 htLeft\" data-cell-type=\"text\" data-original-value=\"6V\/100W\" data-order=\"6V\/100W\" >6V\/100W <\/td><td data-cell-id=\"G4\" data-x=\"6\" data-y=\"4\" data-db-index=\"4\" class=\"htMiddle fsize-14 htLeft\" data-cell-type=\"text\" data-original-value=\"1430*395\" data-order=\"1430*395\" >1430*395 <\/td><td data-cell-id=\"H4\" data-x=\"7\" data-y=\"4\" data-db-index=\"4\" class=\"htMiddle fsize-14 htLeft\" data-cell-type=\"text\" data-original-value=\"887*400*280\" data-order=\"887*400*280\" >887*400*280 <\/td><\/tr><\/tbody><\/table><!-- \/#supsystic-table-2.supsystic-table --><\/div><!-- \/.supsystic-tables-wrap --><!-- Tables Generator by Supsystic --><!-- Version:1.10.46 --><!-- http:\/\/supsystic.com\/ -->\n<p>&nbsp;<\/p>\n<h2 class=\"detail_h2\">Aplica\u00e7\u00e3o pr\u00e1tica<\/h2>\n<p data-pm-slice=\"1 1 []\">Com sua instala\u00e7\u00e3o conveniente, constru\u00e7\u00e3o dur\u00e1vel e controles de ilumina\u00e7\u00e3o inteligentes, a lumin\u00e1ria solar de rua SG723, tudo em um, oferece ilumina\u00e7\u00e3o de n\u00edvel profissional, ao mesmo tempo em que maximiza a efici\u00eancia energ\u00e9tica e minimiza o impacto ambiental. \u00c9 ideal para programas de ilumina\u00e7\u00e3o ambiental de alta qualidade em v\u00e1rios cen\u00e1rios:<\/p>\n<ul>\n<li class=\"whitespace-normal break-words\"><strong>Projetos de estradas municipais<\/strong> &#8211; Atende a padr\u00f5es rigorosos com prote\u00e7\u00e3o anticorrosiva C4H de n\u00edvel mar\u00edtimo e classifica\u00e7\u00e3o \u00e0 prova d&#8217;\u00e1gua IP65<\/li>\n<li class=\"whitespace-normal break-words\"><strong>Propriedades privadas<\/strong> &#8211; Sensor de radar inteligente com tr\u00eas fun\u00e7\u00f5es de escurecimento fornece ilumina\u00e7\u00e3o personaliz\u00e1vel<\/li>\n<li class=\"whitespace-normal break-words\"><strong>Parques e pra\u00e7as da cidade <\/strong>&#8211; F\u00e1cil instala\u00e7\u00e3o em alturas de 6 a 10 metros para cobertura ideal<\/li>\n<li class=\"whitespace-normal break-words\"><strong>Docas grandes<\/strong> &#8211; Suportam ambientes marinhos adversos ao mesmo tempo em que fornecem ilumina\u00e7\u00e3o confi\u00e1vel<\/li>\n<li class=\"whitespace-normal break-words\"><strong>\u00c1reas Comerciais<\/strong> &#8211; Mochila com bateria de l\u00edtio substitu\u00edvel aumenta a vida \u00fatil e reduz os custos de manuten\u00e7\u00e3o<\/li>\n<\/ul>\n","protected":false},"excerpt":{"rendered":"<ul>\n<li class=\"whitespace-normal\"><strong>Brilho superior:<\/strong> 180 luzes LED fornecem ilumina\u00e7\u00e3o brilhante com qualidade de luz do dia, com excelente cobertura para m\u00e1xima visibilidade.<\/li>\n<li class=\"whitespace-normal\"><strong>Energia duradoura:<\/strong> bateria potente e painel solar eficiente oferecem mais de 12 horas de ilumina\u00e7\u00e3o com uma \u00fanica carga di\u00e1ria.<\/li>\n<li class=\"whitespace-normal\"><strong>Opera\u00e7\u00e3o inteligente:<\/strong> sistema de controle de luz inteligente com detec\u00e7\u00e3o de movimento ajusta automaticamente o brilho com base nas condi\u00e7\u00f5es do ambiente.<\/li>\n<li class=\"whitespace-normal\"><strong>Durabilidade em todas as condi\u00e7\u00f5es clim\u00e1ticas:<\/strong> constru\u00e7\u00e3o em alum\u00ednio resistente com alta prote\u00e7\u00e3o contra poeira e \u00e1gua para um desempenho confi\u00e1vel durante todo o ano.<\/li>\n<\/ul>\n","protected":false},"featured_media":7809,"comment_status":"open","ping_status":"closed","template":"","meta":[],"product_brand":[],"product_cat":[],"product_tag":[],"class_list":{"0":"post-7516","1":"product","2":"type-product","3":"status-publish","4":"has-post-thumbnail","7":"first","8":"instock","9":"shipping-taxable","10":"purchasable","11":"product-type-simple"},"_links":{"self":[{"href":"https:\/\/solaroglo.com\/pt-br\/wp-json\/wp\/v2\/product\/7516","targetHints":{"allow":["GET"]}}],"collection":[{"href":"https:\/\/solaroglo.com\/pt-br\/wp-json\/wp\/v2\/product"}],"about":[{"href":"https:\/\/solaroglo.com\/pt-br\/wp-json\/wp\/v2\/types\/product"}],"replies":[{"embeddable":true,"href":"https:\/\/solaroglo.com\/pt-br\/wp-json\/wp\/v2\/comments?post=7516"}],"wp:featuredmedia":[{"embeddable":true,"href":"https:\/\/solaroglo.com\/pt-br\/wp-json\/wp\/v2\/media\/7809"}],"wp:attachment":[{"href":"https:\/\/solaroglo.com\/pt-br\/wp-json\/wp\/v2\/media?parent=7516"}],"wp:term":[{"taxonomy":"product_brand","embeddable":true,"href":"https:\/\/solaroglo.com\/pt-br\/wp-json\/wp\/v2\/product_brand?post=7516"},{"taxonomy":"product_cat","embeddable":true,"href":"https:\/\/solaroglo.com\/pt-br\/wp-json\/wp\/v2\/product_cat?post=7516"},{"taxonomy":"product_tag","embeddable":true,"href":"https:\/\/solaroglo.com\/pt-br\/wp-json\/wp\/v2\/product_tag?post=7516"}],"curies":[{"name":"wp","href":"https:\/\/api.w.org\/{rel}","templated":true}]}}