{"id":7430,"date":"2025-06-07T09:33:10","date_gmt":"2025-06-07T08:33:10","guid":{"rendered":"https:\/\/solaroglo.com\/?post_type=product&#038;p=7430"},"modified":"2025-06-14T08:12:02","modified_gmt":"2025-06-14T07:12:02","slug":"sg723-300-iluminacao-publica-solar-tudo-em-um-unidade-totalmente-integrada-180-led-60w-painel-ip65-copy-copy-copy","status":"publish","type":"product","link":"https:\/\/solaroglo.com\/pt-br\/produto\/sg723-300-iluminacao-publica-solar-tudo-em-um-unidade-totalmente-integrada-180-led-60w-painel-ip65-copy-copy-copy\/","title":{"rendered":"Ilumina\u00e7\u00e3o P\u00fablica Solar SG719-300 &#8211; Controle Inteligente LED de Alta Efici\u00eancia para Projetos"},"content":{"rendered":"<h2>Introdu\u00e7\u00e3o<\/h2>\n<p class=\"whitespace-normal break-words\">O SG719-300 foi projetado especificamente para projetos de grande escala e instala\u00e7\u00f5es comerciais. Ele combina tecnologia solar potente com design inteligente, apresentando uma bateria de l\u00edtio de 50 Ah de longa dura\u00e7\u00e3o, um painel solar eficiente de 60 W e 50 contas de LED brilhantes que fornecem luz natural n\u00edtida de 6500 K. Feito com estrutura de alum\u00ednio resistente e classifica\u00e7\u00e3o de impermeabilidade IP65, ele inclui sensor de luz inteligente, controle remoto e temporiza\u00e7\u00e3o program\u00e1vel para controle completo.<\/p>\n<p class=\"whitespace-normal break-words\">Esta <a href=\"https:\/\/solaroglo.com\/solar-street-light-supplier\/\">ilumina\u00e7\u00e3o p\u00fablica solar <\/a>de n\u00edvel de projeto funciona por mais de 12 horas com uma \u00fanica carga e recarrega rapidamente mesmo em dias nublados. O design \u00e0 prova de intemp\u00e9ries lida com condi\u00e7\u00f5es adversas, enquanto os controles inteligentes eliminam a fia\u00e7\u00e3o complicada. O painel solar de alta efici\u00eancia captura o m\u00e1ximo de energia, e a constru\u00e7\u00e3o de n\u00edvel profissional garante anos de opera\u00e7\u00e3o confi\u00e1vel com necessidades m\u00ednimas de manuten\u00e7\u00e3o em v\u00e1rias unidades.<\/p>\n<p class=\"whitespace-normal break-words\">Voc\u00ea economizar\u00e1 dinheiro em cada projeto com instala\u00e7\u00f5es mais r\u00e1pidas e praticamente nenhuma chamada de manuten\u00e7\u00e3o. O desempenho confi\u00e1vel significa clientes mais felizes e menos dores de cabe\u00e7a para voc\u00ea. Al\u00e9m disso, voc\u00ea pode concluir trabalhos mais rapidamente e oferecer aos clientes uma solu\u00e7\u00e3o de ilumina\u00e7\u00e3o premium que funciona automaticamente, aumentando sua reputa\u00e7\u00e3o e criando mais oportunidades de neg\u00f3cios recorrentes e indica\u00e7\u00f5es.<\/p>\n<h2 class=\"detail_h2\">Par\u00e2metro t\u00e9cnico<\/h2>\n<ul>\n<li class=\"whitespace-normal break-words\">Modelo: SG719-300<\/li>\n<li class=\"whitespace-normal break-words\">Temperatura de cor: 6500K<\/li>\n<li class=\"whitespace-normal break-words\">Bateria de l\u00edtio: bateria de fosfato de ferro-l\u00edtio de 3,2 V\/50000 mAh<\/li>\n<li class=\"whitespace-normal break-words\">Painel fotovoltaico: Sil\u00edcio policristalino 5V\/60W<\/li>\n<li class=\"whitespace-normal break-words\">Painel solar: Tamanho: 670 \u00d7 630 \u00d7 25 mm<\/li>\n<li class=\"whitespace-normal break-words\">Tamanho da l\u00e2mpada: 530 \u00d7 220 \u00d7 65 mm<\/li>\n<li class=\"whitespace-normal break-words\">Contas de l\u00e2mpada SMD: 5054 contas de l\u00e2mpada, 50 pe\u00e7as<\/li>\n<li class=\"whitespace-normal break-words\">Material: Corpo da l\u00e2mpada de alum\u00ednio fundido + m\u00e1scara de lente \u00f3ptica<\/li>\n<li class=\"whitespace-normal break-words\">N\u00edvel de prote\u00e7\u00e3o: IP65<\/li>\n<li class=\"whitespace-normal break-words\">Controle de fun\u00e7\u00e3o: controle de luz inteligente + controle remoto + controle de tempo + carregamento r\u00e1pido<\/li>\n<li class=\"whitespace-normal break-words\">Tempo de ilumina\u00e7\u00e3o: &gt;12 horas<\/li>\n<\/ul>\n<p>&nbsp;<\/p>\n<h2 class=\"detail_h2\">Mais modelos<\/h2>\n<div id=\"supsystic-table-3_24134\" class=\"supsystic-tables-wrap \" style=\" display: inline-block; width:auto; visibility: hidden; \" data-table-width-fixed=\"auto\" data-table-width-mobile=\"auto\" ><table id=\"supsystic-table-3\" class=\"supsystic-table lfixed compact paragraphMode border stripe hover lightboxImg no-border\" data-id=\"3\" data-view-id=\"3_24134\" data-title=\"SolarGlo-719 Solar Street Light\" data-currency-format=\"$1,000.00\" data-percent-format=\"10.00%\" data-date-format=\"DD.MM.YYYY\" data-time-format=\"HH:mm\" data-features=\"[&quot;after_table_loaded_script&quot;]\" data-search-value=\"\" data-lfixed=\"1\" data-lightbox-img=\"\" data-head-rows-count=\"1\" data-pagination-length=\"50,100,All\" data-auto-index=\"off\" data-searching-settings=\"{&quot;columnSearchPosition&quot;:&quot;bottom&quot;,&quot;minChars&quot;:&quot;0&quot;}\" data-lang=\"default\" data-override=\"{&quot;emptyTable&quot;:&quot;&quot;,&quot;info&quot;:&quot;&quot;,&quot;infoEmpty&quot;:&quot;&quot;,&quot;infoFiltered&quot;:&quot;&quot;,&quot;lengthMenu&quot;:&quot;&quot;,&quot;search&quot;:&quot;&quot;,&quot;previous&quot;:&quot;&quot;,&quot;next&quot;:&quot;&quot;,&quot;zeroRecords&quot;:&quot;&quot;,&quot;exportLabel&quot;:&quot;&quot;,&quot;file&quot;:&quot;default&quot;}\" data-merged=\"[]\" data-responsive-mode=\"2\" data-from-history=\"0\" style=\"width:auto;\" ><thead><tr><th class=\"\" style=\"width:; padding: 0 !important;\"><\/th><th class=\"\" style=\"width:; padding: 0 !important;\"><\/th><th class=\"\" style=\"width:; padding: 0 !important;\"><\/th><th class=\"\" style=\"width:; padding: 0 !important;\"><\/th><th class=\"\" style=\"width:; padding: 0 !important;\"><\/th><th class=\"\" style=\"width:; padding: 0 !important;\"><\/th><th class=\"\" style=\"width:; padding: 0 !important;\"><\/th><th class=\"\" style=\"width:; padding: 0 !important;\"><\/th><\/tr><\/thead><tbody><tr style=\"height:51px\" ><td data-cell-id=\"A1\" data-x=\"0\" data-y=\"1\" data-db-index=\"1\" class=\"htMiddle color-ffffff bg-2195f3 bold fsize-14 htLeft\" data-cell-type=\"text\" data-original-value=\"Model\" data-order=\"Model\" >Model <\/td><td data-cell-id=\"B1\" data-x=\"1\" data-y=\"1\" data-db-index=\"1\" class=\"htMiddle color-ffffff bg-2195f3 bold fsize-14 htLeft\" data-cell-type=\"text\" data-original-value=\"Material\" data-order=\"Material\" >Material <\/td><td data-cell-id=\"C1\" data-x=\"2\" data-y=\"1\" data-db-index=\"1\" class=\"htMiddle color-ffffff bg-2195f3 bold fsize-14 htLeft\" data-cell-type=\"text\" data-original-value=\"Temperature\" data-order=\"Temperature\" >Temperature <\/td><td data-cell-id=\"D1\" data-x=\"3\" data-y=\"1\" data-db-index=\"1\" class=\"htMiddle color-ffffff bg-2195f3 bold fsize-14 htLeft\" data-cell-type=\"text\" data-original-value=\"Light Source\" data-order=\"Light Source\" >Light Source <\/td><td data-cell-id=\"E1\" data-x=\"4\" data-y=\"1\" data-db-index=\"1\" class=\"htMiddle color-ffffff bg-2195f3 bold fsize-14 htLeft\" data-cell-type=\"text\" data-original-value=\"Lithium Battery\" data-order=\"Lithium Battery\" >Lithium Battery <\/td><td data-cell-id=\"F1\" data-x=\"5\" data-y=\"1\" data-db-index=\"1\" class=\"htMiddle color-ffffff bg-2195f3 bold fsize-14 htLeft\" data-cell-type=\"text\" data-original-value=\"Solar Panel\" data-order=\"Solar Panel\" >Solar Panel <\/td><td data-cell-id=\"G1\" data-x=\"6\" data-y=\"1\" data-db-index=\"1\" class=\"htMiddle color-ffffff bg-2195f3 bold fsize-14 htLeft\" data-cell-type=\"text\" data-original-value=\"Solar Panel Size(mm)\" data-order=\"Solar Panel Size(mm)\" >Solar Panel Size(mm) <\/td><td data-cell-id=\"H1\" data-x=\"7\" data-y=\"1\" data-db-index=\"1\" class=\"htMiddle color-ffffff bg-2195f3 bold fsize-14 htLeft\" data-cell-type=\"text\" data-original-value=\"Lamp Size (mm)\" data-order=\"Lamp Size (mm)\" >Lamp Size (mm) <\/td><\/tr><tr style=\"height:px\" ><td data-cell-id=\"A2\" data-x=\"0\" data-y=\"2\" data-db-index=\"2\" class=\"htMiddle fsize-14 htLeft\" data-cell-type=\"text\" data-original-value=\"&lt;a href=&quot;https:\/\/solaroglo.com\/product\/sg719-300-solar-street-light-for-projects\/&quot; target=&quot;_self&quot;&gt;SG719-300&lt;\/a&gt;\" data-order=\"&lt;a href=&quot;https:\/\/solaroglo.com\/product\/sg719-300-solar-street-light-for-projects\/&quot; target=&quot;_self&quot;&gt;SG719-300&lt;\/a&gt;\" ><a href=\"https:\/\/solaroglo.com\/product\/sg719-300-solar-street-light-for-projects\/\" target=\"_self\">SG719-300<\/a><\/td><td data-cell-id=\"B2\" data-x=\"1\" data-y=\"2\" data-db-index=\"2\" class=\"htMiddle fsize-14 htLeft\" data-cell-type=\"text\" data-original-value=\"Die-casting aluminum lamp body lamp body + optical lens mask\" data-order=\"Die-casting aluminum lamp body lamp body + optical lens mask\" >Die-casting aluminum lamp body lamp body + optical lens mask <\/td><td data-cell-id=\"C2\" data-x=\"2\" data-y=\"2\" data-db-index=\"2\" class=\"htMiddle fsize-14 htLeft\" data-cell-type=\"text\" data-original-value=\"6500K\" data-order=\"6500K\" >6500K <\/td><td data-cell-id=\"D2\" data-x=\"3\" data-y=\"2\" data-db-index=\"2\" class=\"htMiddle fsize-14 htLeft\" data-cell-type=\"text\" data-original-value=\"5054\/50PCS\" data-order=\"5054\/50PCS\" >5054\/50PCS <\/td><td data-cell-id=\"E2\" data-x=\"4\" data-y=\"2\" data-db-index=\"2\" class=\"htMiddle fsize-14 htLeft\" data-cell-type=\"text\" data-original-value=\"3.2V\/50000MA\" data-order=\"3.2V\/50000MA\" >3.2V\/50000MA <\/td><td data-cell-id=\"F2\" data-x=\"5\" data-y=\"2\" data-db-index=\"2\" class=\"htMiddle fsize-14 htLeft\" data-cell-type=\"text\" data-original-value=\"5V\/60W\" data-order=\"5V\/60W\" >5V\/60W <\/td><td data-cell-id=\"G2\" data-x=\"6\" data-y=\"2\" data-db-index=\"2\" class=\"htMiddle fsize-14 htLeft\" data-cell-type=\"text\" data-original-value=\"670*630*25\" data-order=\"670*630*25\" >670*630*25 <\/td><td data-cell-id=\"H2\" data-x=\"7\" data-y=\"2\" data-db-index=\"2\" class=\"htMiddle fsize-14 htLeft\" data-cell-type=\"text\" data-original-value=\"530*220*65\" data-order=\"530*220*65\" >530*220*65 <\/td><\/tr><tr style=\"height:px\" ><td data-cell-id=\"A3\" data-x=\"0\" data-y=\"3\" data-db-index=\"3\" class=\"htMiddle fsize-14 htLeft\" data-cell-type=\"text\" data-original-value=\"&lt;a href=&quot;https:\/\/solaroglo.com\/product\/sg719-400-solar-street-light-all-night-lighting-for-roads-parks-and-pathways\/&quot; target=&quot;_self&quot;&gt;SG719-400&lt;\/a&gt;\" data-order=\"&lt;a href=&quot;https:\/\/solaroglo.com\/product\/sg719-400-solar-street-light-all-night-lighting-for-roads-parks-and-pathways\/&quot; target=&quot;_self&quot;&gt;SG719-400&lt;\/a&gt;\" ><a href=\"https:\/\/solaroglo.com\/product\/sg719-400-solar-street-light-all-night-lighting-for-roads-parks-and-pathways\/\" target=\"_self\">SG719-400<\/a><\/td><td data-cell-id=\"B3\" data-x=\"1\" data-y=\"3\" data-db-index=\"3\" class=\"htMiddle fsize-14 htLeft\" data-cell-type=\"text\" data-original-value=\"Die-casting aluminum lamp body lamp body + optical lens mask\" data-order=\"Die-casting aluminum lamp body lamp body + optical lens mask\" >Die-casting aluminum lamp body lamp body + optical lens mask <\/td><td data-cell-id=\"C3\" data-x=\"2\" data-y=\"3\" data-db-index=\"3\" class=\"htMiddle fsize-14 htLeft\" data-cell-type=\"text\" data-original-value=\"6500K\" data-order=\"6500K\" >6500K <\/td><td data-cell-id=\"D3\" data-x=\"3\" data-y=\"3\" data-db-index=\"3\" class=\"htMiddle fsize-14 htLeft\" data-cell-type=\"text\" data-original-value=\"5054\/50PCS\" data-order=\"5054\/50PCS\" >5054\/50PCS <\/td><td data-cell-id=\"E3\" data-x=\"4\" data-y=\"3\" data-db-index=\"3\" class=\"htMiddle fsize-14 htLeft\" data-cell-type=\"text\" data-original-value=\"3.2V\/60000MA\" data-order=\"3.2V\/60000MA\" >3.2V\/60000MA <\/td><td data-cell-id=\"F3\" data-x=\"5\" data-y=\"3\" data-db-index=\"3\" class=\"htMiddle fsize-14 htLeft\" data-cell-type=\"text\" data-original-value=\"5V\/80W\" data-order=\"5V\/80W\" >5V\/80W <\/td><td data-cell-id=\"G3\" data-x=\"6\" data-y=\"3\" data-db-index=\"3\" class=\"htMiddle fsize-14 htLeft\" data-cell-type=\"text\" data-original-value=\"670*690*30\" data-order=\"670*690*30\" >670*690*30 <\/td><td data-cell-id=\"H3\" data-x=\"7\" data-y=\"3\" data-db-index=\"3\" class=\"htMiddle fsize-14 htLeft\" data-cell-type=\"text\" data-original-value=\"530*220*65\" data-order=\"530*220*65\" >530*220*65 <\/td><\/tr><tr style=\"height:px\" ><td data-cell-id=\"A4\" data-x=\"0\" data-y=\"4\" data-db-index=\"4\" class=\"htMiddle fsize-14 htLeft\" data-cell-type=\"text\" data-original-value=\"&lt;a href=&quot;https:\/\/solaroglo.com\/product\/sg719-500-solar-street-light-long-lasting-solution-for-rural-and-public-roads\/&quot; target=&quot;_self&quot;&gt;SG719-500&lt;\/a&gt;\" data-order=\"&lt;a href=&quot;https:\/\/solaroglo.com\/product\/sg719-500-solar-street-light-long-lasting-solution-for-rural-and-public-roads\/&quot; target=&quot;_self&quot;&gt;SG719-500&lt;\/a&gt;\" ><a href=\"https:\/\/solaroglo.com\/product\/sg719-500-solar-street-light-long-lasting-solution-for-rural-and-public-roads\/\" target=\"_self\">SG719-500<\/a><\/td><td data-cell-id=\"B4\" data-x=\"1\" data-y=\"4\" data-db-index=\"4\" class=\"htMiddle fsize-14 htLeft\" data-cell-type=\"text\" data-original-value=\"Die-casting aluminum lamp body lamp body + optical lens mask\" data-order=\"Die-casting aluminum lamp body lamp body + optical lens mask\" >Die-casting aluminum lamp body lamp body + optical lens mask <\/td><td data-cell-id=\"C4\" data-x=\"2\" data-y=\"4\" data-db-index=\"4\" class=\"htMiddle fsize-14 htLeft\" data-cell-type=\"text\" data-original-value=\"6500K\" data-order=\"6500K\" >6500K <\/td><td data-cell-id=\"D4\" data-x=\"3\" data-y=\"4\" data-db-index=\"4\" class=\"htMiddle fsize-14 htLeft\" data-cell-type=\"text\" data-original-value=\"5054\/50PCS\" data-order=\"5054\/50PCS\" >5054\/50PCS <\/td><td data-cell-id=\"E4\" data-x=\"4\" data-y=\"4\" data-db-index=\"4\" class=\"htMiddle fsize-14 htLeft\" data-cell-type=\"text\" data-original-value=\"3.2V\/80000MA\" data-order=\"3.2V\/80000MA\" >3.2V\/80000MA <\/td><td data-cell-id=\"F4\" data-x=\"5\" data-y=\"4\" data-db-index=\"4\" class=\"htMiddle fsize-14 htLeft\" data-cell-type=\"text\" data-original-value=\"5V\/100W\" data-order=\"5V\/100W\" >5V\/100W <\/td><td data-cell-id=\"G4\" data-x=\"6\" data-y=\"4\" data-db-index=\"4\" class=\"htMiddle fsize-14 htLeft\" data-cell-type=\"text\" data-original-value=\"670*1020*30\" data-order=\"670*1020*30\" >670*1020*30 <\/td><td data-cell-id=\"H4\" data-x=\"7\" data-y=\"4\" data-db-index=\"4\" class=\"htMiddle fsize-14 htLeft\" data-cell-type=\"text\" data-original-value=\"530*220*65\" data-order=\"530*220*65\" >530*220*65 <\/td><\/tr><\/tbody><\/table><!-- \/#supsystic-table-3.supsystic-table --><\/div><!-- \/.supsystic-tables-wrap --><!-- Tables Generator by Supsystic --><!-- Version:1.10.46 --><!-- http:\/\/supsystic.com\/ -->\n<p>&nbsp;<\/p>\n<h2 class=\"detail_h2\">Aplica\u00e7\u00e3o pr\u00e1tica<\/h2>\n<p data-pm-slice=\"1 1 []\">A s\u00e9rie de ilumina\u00e7\u00e3o p\u00fablica solar SG719 foi especialmente projetada para projetos de ilumina\u00e7\u00e3o p\u00fablica, constru\u00e7\u00e3o de ilumina\u00e7\u00e3o rural e ilumina\u00e7\u00e3o de estradas. Com brilho de alta qualidade, excelente adaptabilidade e fortes op\u00e7\u00f5es de personaliza\u00e7\u00e3o, \u00e9 a escolha preferida para instala\u00e7\u00f5es em massa que exigem desempenho confi\u00e1vel.<\/p>\n<ul>\n<li class=\"whitespace-normal break-words\"><strong>Estradas Rurais:<\/strong> Desenvolvimento de infraestrutura rural<\/li>\n<li class=\"whitespace-normal break-words\"><strong>Projetos Rodovi\u00e1rios:<\/strong> Ilumina\u00e7\u00e3o de grandes corredores de tr\u00e1fego<\/li>\n<li class=\"whitespace-normal break-words\"><strong>Ruas Municipais:<\/strong> Projetos de desenvolvimento da cidade<\/li>\n<li class=\"whitespace-normal break-words\"><strong>Acesso Industrial:<\/strong> Ilumina\u00e7\u00e3o de complexos comerciais<\/li>\n<li class=\"whitespace-normal break-words\"><strong>\u00c1reas Residenciais: <\/strong>Ilumina\u00e7\u00e3o de Projetos Habitacionais<\/li>\n<li class=\"whitespace-normal break-words\"><strong>Melhorias na infraestrutura:<\/strong> Projetos de moderniza\u00e7\u00e3o de estradas<\/li>\n<\/ul>\n<p>&nbsp;<\/p>\n<p><img fetchpriority=\"high\" decoding=\"async\" class=\"alignnone size-medium wp-image-2131\" src=\"https:\/\/solaroglo.com\/wp-content\/uploads\/2024\/09\/1-288x300.png\" alt=\"Ilumina\u00e7\u00e3o p\u00fablica solar SG719\" width=\"288\" height=\"300\" srcset=\"https:\/\/solaroglo.com\/wp-content\/uploads\/2024\/09\/1-288x300.png 288w, https:\/\/solaroglo.com\/wp-content\/uploads\/2024\/09\/1.png 470w\" sizes=\"(max-width: 288px) 100vw, 288px\" \/><\/p>\n","protected":false},"excerpt":{"rendered":"<ul>\n<li class=\"whitespace-normal break-words\"><strong>Autonomia estendida de mais de 12 horas<\/strong> &#8211; Bateria de fosfato de ferro-l\u00edtio de alta capacidade de 50 Ah garante ilumina\u00e7\u00e3o confi\u00e1vel durante toda a noite para projetos de grande escala<\/li>\n<li class=\"whitespace-normal break-words\"><strong>Durabilidade de n\u00edvel profissional<\/strong> &#8211; Classifica\u00e7\u00e3o IP65 \u00e0 prova d&#8217;\u00e1gua com constru\u00e7\u00e3o em alum\u00ednio fundido projetada para condi\u00e7\u00f5es clim\u00e1ticas adversas e requisitos de projetos de longo prazo<\/li>\n<li class=\"whitespace-normal break-words\"><strong>Sistema de controle m\u00faltiplo inteligente<\/strong> &#8211; Detec\u00e7\u00e3o inteligente de luz, controle remoto e programa\u00e7\u00e3o de tempo para opera\u00e7\u00e3o flex\u00edvel em v\u00e1rios locais de instala\u00e7\u00e3o<\/li>\n<li class=\"whitespace-normal break-words\"><strong>Painel solar de alta efici\u00eancia<\/strong> &#8211; Painel de sil\u00edcio policristalino de 60 W com capacidade de carregamento r\u00e1pido que maximiza a convers\u00e3o de energia para um desempenho consistente do projeto<\/li>\n<\/ul>\n","protected":false},"featured_media":7439,"comment_status":"open","ping_status":"closed","template":"","meta":[],"product_brand":[],"product_cat":[104],"product_tag":[],"class_list":{"0":"post-7430","1":"product","2":"type-product","3":"status-publish","4":"has-post-thumbnail","6":"product_cat-luz-de-rua-solar","8":"first","9":"instock","10":"shipping-taxable","11":"purchasable","12":"product-type-simple"},"_links":{"self":[{"href":"https:\/\/solaroglo.com\/pt-br\/wp-json\/wp\/v2\/product\/7430","targetHints":{"allow":["GET"]}}],"collection":[{"href":"https:\/\/solaroglo.com\/pt-br\/wp-json\/wp\/v2\/product"}],"about":[{"href":"https:\/\/solaroglo.com\/pt-br\/wp-json\/wp\/v2\/types\/product"}],"replies":[{"embeddable":true,"href":"https:\/\/solaroglo.com\/pt-br\/wp-json\/wp\/v2\/comments?post=7430"}],"wp:featuredmedia":[{"embeddable":true,"href":"https:\/\/solaroglo.com\/pt-br\/wp-json\/wp\/v2\/media\/7439"}],"wp:attachment":[{"href":"https:\/\/solaroglo.com\/pt-br\/wp-json\/wp\/v2\/media?parent=7430"}],"wp:term":[{"taxonomy":"product_brand","embeddable":true,"href":"https:\/\/solaroglo.com\/pt-br\/wp-json\/wp\/v2\/product_brand?post=7430"},{"taxonomy":"product_cat","embeddable":true,"href":"https:\/\/solaroglo.com\/pt-br\/wp-json\/wp\/v2\/product_cat?post=7430"},{"taxonomy":"product_tag","embeddable":true,"href":"https:\/\/solaroglo.com\/pt-br\/wp-json\/wp\/v2\/product_tag?post=7430"}],"curies":[{"name":"wp","href":"https:\/\/api.w.org\/{rel}","templated":true}]}}