{"id":8264,"date":"2025-09-04T09:56:09","date_gmt":"2025-09-04T08:56:09","guid":{"rendered":"https:\/\/solaroglo.com\/?post_type=product&#038;p=8264"},"modified":"2025-09-05T10:32:32","modified_gmt":"2025-09-05T09:32:32","slug":"sg723-300-unita-di-illuminazione-stradale-solare-completamente-integrata-180-led-60w-pannello-ip65-copy-copy-copy-2","status":"publish","type":"product","link":"https:\/\/solaroglo.com\/it\/prodotto\/sg723-300-unita-di-illuminazione-stradale-solare-completamente-integrata-180-led-60w-pannello-ip65-copy-copy-copy-2\/","title":{"rendered":"SG723-300 Unit\u00e0 di illuminazione stradale solare completamente integrata 180 LED 60W Pannello IP65 (Copy) (Copy) (Copy)"},"content":{"rendered":"<h2>Introduzione<\/h2>\n<p class=\"whitespace-normal\">Il lampione <a href=\"https:\/\/solaroglo.com\/all-in-one-solar-street-light\/\">solare All-in-One<\/a> SG723-300 combina pannello solare, batteria e 180 luci LED in un&#8217;unica unit\u00e0 compatta. Questo design integrato elimina la complessit\u00e0 dell&#8217;installazione e fornisce un&#8217;illuminazione potente senza costi di elettricit\u00e0 o requisiti di cablaggio.<\/p>\n<p class=\"whitespace-normal\">Grazie al rilevamento intelligente del movimento e ai sensori di luce automatici, il sistema massimizza l&#8217;efficienza energetica regolando la luminosit\u00e0 in base all&#8217;attivit\u00e0 circostante. Questa tecnologia intelligente fornisce oltre 12 ore di illuminazione affidabile ogni notte, proprio quando e dove \u00e8 necessario.<\/p>\n<p class=\"whitespace-normal\">Costruite in alluminio resistente e con protezione IP65, queste luci solari funzionano in modo affidabile in vari ambienti esterni. Questa versatile soluzione illuminotecnica \u00e8 adatta a molteplici applicazioni, dalle strade residenziali alle propriet\u00e0 commerciali, ai parchi e alle aree di parcheggio, offrendo un&#8217;opzione efficace e sostenibile per le vostre specifiche esigenze di illuminazione.<\/p>\n<h2 class=\"detail_h2\">Parametri tecnici<\/h2>\n<ul>\n<li class=\"whitespace-normal break-words\">Modello: SG723-300<\/li>\n<li class=\"whitespace-normal break-words\">Temperatura colore: 6500K<\/li>\n<li class=\"whitespace-normal break-words\">Batteria al litio: batteria al litio ferro fosfato da 3,2 V\/50000 mA<\/li>\n<li class=\"whitespace-normal break-words\">Pannello fotovoltaico: Silicio policristallino 6V\/60W<\/li>\n<li class=\"whitespace-normal break-words\">Dimensioni del pannello: 882 \u00d7 395 mm<\/li>\n<li class=\"whitespace-normal break-words\">Dimensioni della lampada: 887 \u00d7 400 \u00d7 280 mm<\/li>\n<li class=\"whitespace-normal break-words\">Configurazione LED: 180pcs 3030 SMD perle di lampada<\/li>\n<li class=\"whitespace-normal break-words\">Materiale: Profilo in alluminio + lente ottica nano<\/li>\n<li class=\"whitespace-normal break-words\">Livello di protezione: IP65<\/li>\n<li class=\"whitespace-normal break-words\">Funzioni di controllo: Controllo intelligente della luce + induzione radar + ricarica rapida del flash<\/li>\n<li class=\"whitespace-normal break-words\">Durata dell&#8217;illuminazione:&gt;12 ore<\/li>\n<\/ul>\n<p>&nbsp;<\/p>\n<h2 class=\"detail_h2\">Altri modelli<\/h2>\n<div id=\"supsystic-table-2_19999\" class=\"supsystic-tables-wrap \" style=\" display: inline-block; width:auto; visibility: hidden; \" data-table-width-fixed=\"auto\" data-table-width-mobile=\"auto\" ><table id=\"supsystic-table-2\" class=\"supsystic-table lfixed compact paragraphMode border stripe hover lightboxImg no-border\" data-id=\"2\" data-view-id=\"2_19999\" data-title=\"SolarGlo-723 All-in-one Solar Street Light\" data-currency-format=\"$1,000.00\" data-percent-format=\"10.00%\" data-date-format=\"DD.MM.YYYY\" data-time-format=\"HH:mm\" data-features=\"[&quot;after_table_loaded_script&quot;]\" data-search-value=\"\" data-lfixed=\"1\" data-lightbox-img=\"\" data-head-rows-count=\"1\" data-pagination-length=\"50,100,All\" data-auto-index=\"off\" data-searching-settings=\"{&quot;columnSearchPosition&quot;:&quot;bottom&quot;,&quot;minChars&quot;:&quot;0&quot;}\" data-lang=\"default\" data-override=\"{&quot;emptyTable&quot;:&quot;&quot;,&quot;info&quot;:&quot;&quot;,&quot;infoEmpty&quot;:&quot;&quot;,&quot;infoFiltered&quot;:&quot;&quot;,&quot;lengthMenu&quot;:&quot;&quot;,&quot;search&quot;:&quot;&quot;,&quot;previous&quot;:&quot;&quot;,&quot;next&quot;:&quot;&quot;,&quot;zeroRecords&quot;:&quot;&quot;,&quot;exportLabel&quot;:&quot;&quot;,&quot;file&quot;:&quot;default&quot;}\" data-merged=\"[]\" data-responsive-mode=\"2\" data-from-history=\"0\" style=\"width:auto;\" ><thead><tr><th class=\"\" style=\"width:; padding: 0 !important;\"><\/th><th class=\"\" style=\"width:; padding: 0 !important;\"><\/th><th class=\"\" style=\"width:; padding: 0 !important;\"><\/th><th class=\"\" style=\"width:; padding: 0 !important;\"><\/th><th class=\"\" style=\"width:; padding: 0 !important;\"><\/th><th class=\"\" style=\"width:; padding: 0 !important;\"><\/th><th class=\"\" style=\"width:; padding: 0 !important;\"><\/th><th class=\"\" style=\"width:; padding: 0 !important;\"><\/th><\/tr><\/thead><tbody><tr style=\"height:51px\" ><td data-cell-id=\"A1\" data-x=\"0\" data-y=\"1\" data-db-index=\"1\" class=\"htMiddle color-ffffff bg-2195f3 bold fsize-14 htLeft\" data-cell-type=\"text\" data-original-value=\"Model\" data-order=\"Model\" >Model <\/td><td data-cell-id=\"B1\" data-x=\"1\" data-y=\"1\" data-db-index=\"1\" class=\"htMiddle color-ffffff bg-2195f3 bold fsize-14 htLeft\" data-cell-type=\"text\" data-original-value=\"Material\" data-order=\"Material\" >Material <\/td><td data-cell-id=\"C1\" data-x=\"2\" data-y=\"1\" data-db-index=\"1\" class=\"htMiddle color-ffffff bg-2195f3 bold fsize-14 htLeft\" data-cell-type=\"text\" data-original-value=\"Temperature\" data-order=\"Temperature\" >Temperature <\/td><td data-cell-id=\"D1\" data-x=\"3\" data-y=\"1\" data-db-index=\"1\" class=\"htMiddle color-ffffff bg-2195f3 bold fsize-14 htLeft\" data-cell-type=\"text\" data-original-value=\"Light Source\" data-order=\"Light Source\" >Light Source <\/td><td data-cell-id=\"E1\" data-x=\"4\" data-y=\"1\" data-db-index=\"1\" class=\"htMiddle color-ffffff bg-2195f3 bold fsize-14 htLeft\" data-cell-type=\"text\" data-original-value=\"Lithium Battery\" data-order=\"Lithium Battery\" >Lithium Battery <\/td><td data-cell-id=\"F1\" data-x=\"5\" data-y=\"1\" data-db-index=\"1\" class=\"htMiddle color-ffffff bg-2195f3 bold fsize-14 htLeft\" data-cell-type=\"text\" data-original-value=\"Solar Panel\" data-order=\"Solar Panel\" >Solar Panel <\/td><td data-cell-id=\"G1\" data-x=\"6\" data-y=\"1\" data-db-index=\"1\" class=\"htMiddle color-ffffff bg-2195f3 bold fsize-14 htLeft\" data-cell-type=\"text\" data-original-value=\"Solar Panel Size(mm)\" data-order=\"Solar Panel Size(mm)\" >Solar Panel Size(mm) <\/td><td data-cell-id=\"H1\" data-x=\"7\" data-y=\"1\" data-db-index=\"1\" class=\"htMiddle color-ffffff bg-2195f3 bold fsize-14 htLeft\" data-cell-type=\"text\" data-original-value=\"Lamp Size (mm)\" data-order=\"Lamp Size (mm)\" >Lamp Size (mm) <\/td><\/tr><tr style=\"height:px\" ><td data-cell-id=\"A2\" data-x=\"0\" data-y=\"2\" data-db-index=\"2\" class=\"htMiddle fsize-14 htLeft\" data-cell-type=\"text\" data-original-value=\"&lt;a href=&quot;https:\/\/solaroglo.com\/product\/sg723-300-all-in-one-solar-street-light\/&quot; target=&quot;_self&quot;&gt;SG723-300&lt;\/a&gt;\" data-order=\"&lt;a href=&quot;https:\/\/solaroglo.com\/product\/sg723-300-all-in-one-solar-street-light\/&quot; target=&quot;_self&quot;&gt;SG723-300&lt;\/a&gt;\" ><a href=\"https:\/\/solaroglo.com\/product\/sg723-300-all-in-one-solar-street-light\/\" target=\"_self\">SG723-300<\/a><\/td><td data-cell-id=\"B2\" data-x=\"1\" data-y=\"2\" data-db-index=\"2\" class=\"htMiddle fsize-14 htLeft\" data-cell-type=\"text\" data-original-value=\"Profile aluminum + nano optical lens\" data-order=\"Profile aluminum + nano optical lens\" >Profile aluminum + nano optical lens <\/td><td data-cell-id=\"C2\" data-x=\"2\" data-y=\"2\" data-db-index=\"2\" class=\"htMiddle fsize-14 htLeft\" data-cell-type=\"text\" data-original-value=\"6500K\" data-order=\"6500K\" >6500K <\/td><td data-cell-id=\"D2\" data-x=\"3\" data-y=\"2\" data-db-index=\"2\" class=\"htMiddle fsize-14 htLeft\" data-cell-type=\"text\" data-original-value=\"3030\/180PCS\" data-order=\"3030\/180PCS\" >3030\/180PCS <\/td><td data-cell-id=\"E2\" data-x=\"4\" data-y=\"2\" data-db-index=\"2\" class=\"htMiddle fsize-14 htLeft\" data-cell-type=\"text\" data-original-value=\"3.2V\/50000MA\" data-order=\"3.2V\/50000MA\" >3.2V\/50000MA <\/td><td data-cell-id=\"F2\" data-x=\"5\" data-y=\"2\" data-db-index=\"2\" class=\"htMiddle fsize-14 htLeft\" data-cell-type=\"text\" data-original-value=\"6V\/60W\" data-order=\"6V\/60W\" >6V\/60W <\/td><td data-cell-id=\"G2\" data-x=\"6\" data-y=\"2\" data-db-index=\"2\" class=\"htMiddle fsize-14 htLeft\" data-cell-type=\"text\" data-original-value=\"882*395\" data-order=\"882*395\" >882*395 <\/td><td data-cell-id=\"H2\" data-x=\"7\" data-y=\"2\" data-db-index=\"2\" class=\"htMiddle fsize-14 htLeft\" data-cell-type=\"text\" data-original-value=\"887*400*280\" data-order=\"887*400*280\" >887*400*280 <\/td><\/tr><tr style=\"height:px\" ><td data-cell-id=\"A3\" data-x=\"0\" data-y=\"3\" data-db-index=\"3\" class=\"htMiddle fsize-14 htLeft\" data-cell-type=\"text\" data-original-value=\"&lt;a href=&quot;https:\/\/solaroglo.com\/product\/sg723-400-all-in-one-solar-street-light\/&quot; target=&quot;_self&quot;&gt;SG723-400&lt;\/a&gt;\" data-order=\"&lt;a href=&quot;https:\/\/solaroglo.com\/product\/sg723-400-all-in-one-solar-street-light\/&quot; target=&quot;_self&quot;&gt;SG723-400&lt;\/a&gt;\" ><a href=\"https:\/\/solaroglo.com\/product\/sg723-400-all-in-one-solar-street-light\/\" target=\"_self\">SG723-400<\/a><\/td><td data-cell-id=\"B3\" data-x=\"1\" data-y=\"3\" data-db-index=\"3\" class=\"htMiddle fsize-14 htLeft\" data-cell-type=\"text\" data-original-value=\"Profile aluminum + nano optical lens\" data-order=\"Profile aluminum + nano optical lens\" >Profile aluminum + nano optical lens <\/td><td data-cell-id=\"C3\" data-x=\"2\" data-y=\"3\" data-db-index=\"3\" class=\"htMiddle fsize-14 htLeft\" data-cell-type=\"text\" data-original-value=\"6500K\" data-order=\"6500K\" >6500K <\/td><td data-cell-id=\"D3\" data-x=\"3\" data-y=\"3\" data-db-index=\"3\" class=\"htMiddle fsize-14 htLeft\" data-cell-type=\"text\" data-original-value=\"3030\/240PCS\" data-order=\"3030\/240PCS\" >3030\/240PCS <\/td><td data-cell-id=\"E3\" data-x=\"4\" data-y=\"3\" data-db-index=\"3\" class=\"htMiddle fsize-14 htLeft\" data-cell-type=\"text\" data-original-value=\"3.2V\/60000MA\" data-order=\"3.2V\/60000MA\" >3.2V\/60000MA <\/td><td data-cell-id=\"F3\" data-x=\"5\" data-y=\"3\" data-db-index=\"3\" class=\"htMiddle fsize-14 htLeft\" data-cell-type=\"text\" data-original-value=\"6V\/80W\" data-order=\"6V\/80W\" >6V\/80W <\/td><td data-cell-id=\"G3\" data-x=\"6\" data-y=\"3\" data-db-index=\"3\" class=\"htMiddle fsize-14 htLeft\" data-cell-type=\"text\" data-original-value=\"1160*395\" data-order=\"1160*395\" >1160*395 <\/td><td data-cell-id=\"H3\" data-x=\"7\" data-y=\"3\" data-db-index=\"3\" class=\"htMiddle fsize-14 htLeft\" data-cell-type=\"text\" data-original-value=\"887*400*280\" data-order=\"887*400*280\" >887*400*280 <\/td><\/tr><tr style=\"height:px\" ><td data-cell-id=\"A4\" data-x=\"0\" data-y=\"4\" data-db-index=\"4\" class=\"htMiddle fsize-14 htLeft\" data-cell-type=\"text\" data-original-value=\"&lt;a href=&quot;https:\/\/solaroglo.com\/product\/municipal-roads-sg723-500-all-in-one-solar-street-light\/&quot; target=&quot;_self&quot;&gt;SG723-500&lt;\/a&gt;\" data-order=\"&lt;a href=&quot;https:\/\/solaroglo.com\/product\/municipal-roads-sg723-500-all-in-one-solar-street-light\/&quot; target=&quot;_self&quot;&gt;SG723-500&lt;\/a&gt;\" ><a href=\"https:\/\/solaroglo.com\/product\/municipal-roads-sg723-500-all-in-one-solar-street-light\/\" target=\"_self\">SG723-500<\/a><\/td><td data-cell-id=\"B4\" data-x=\"1\" data-y=\"4\" data-db-index=\"4\" class=\"htMiddle fsize-14 htLeft\" data-cell-type=\"text\" data-original-value=\"Profile aluminum + nano optical lens\" data-order=\"Profile aluminum + nano optical lens\" >Profile aluminum + nano optical lens <\/td><td data-cell-id=\"C4\" data-x=\"2\" data-y=\"4\" data-db-index=\"4\" class=\"htMiddle fsize-14 htLeft\" data-cell-type=\"text\" data-original-value=\"6500K\" data-order=\"6500K\" >6500K <\/td><td data-cell-id=\"D4\" data-x=\"3\" data-y=\"4\" data-db-index=\"4\" class=\"htMiddle fsize-14 htLeft\" data-cell-type=\"text\" data-original-value=\"3030\/300PCS\" data-order=\"3030\/300PCS\" >3030\/300PCS <\/td><td data-cell-id=\"E4\" data-x=\"4\" data-y=\"4\" data-db-index=\"4\" class=\"htMiddle fsize-14 htLeft\" data-cell-type=\"text\" data-original-value=\"3.2V\/80000MA\" data-order=\"3.2V\/80000MA\" >3.2V\/80000MA <\/td><td data-cell-id=\"F4\" data-x=\"5\" data-y=\"4\" data-db-index=\"4\" class=\"htMiddle fsize-14 htLeft\" data-cell-type=\"text\" data-original-value=\"6V\/100W\" data-order=\"6V\/100W\" >6V\/100W <\/td><td data-cell-id=\"G4\" data-x=\"6\" data-y=\"4\" data-db-index=\"4\" class=\"htMiddle fsize-14 htLeft\" data-cell-type=\"text\" data-original-value=\"1430*395\" data-order=\"1430*395\" >1430*395 <\/td><td data-cell-id=\"H4\" data-x=\"7\" data-y=\"4\" data-db-index=\"4\" class=\"htMiddle fsize-14 htLeft\" data-cell-type=\"text\" data-original-value=\"887*400*280\" data-order=\"887*400*280\" >887*400*280 <\/td><\/tr><\/tbody><\/table><!-- \/#supsystic-table-2.supsystic-table --><\/div><!-- \/.supsystic-tables-wrap --><!-- Tables Generator by Supsystic --><!-- Version:1.10.46 --><!-- http:\/\/supsystic.com\/ -->\n<p>&nbsp;<\/p>\n<h2 class=\"detail_h2\">Applicazione pratica<\/h2>\n<p data-pm-slice=\"1 1 []\">Grazie alla sua comoda installazione, alla struttura resistente e ai controlli intelligenti, il lampione solare SG723 offre un&#8217;illuminazione di livello professionale, massimizzando l&#8217;efficienza energetica e riducendo al minimo l&#8217;impatto ambientale. \u00c8 ideale per programmi di illuminazione ambientale di alta qualit\u00e0 in vari ambienti:<\/p>\n<ul>\n<li class=\"whitespace-normal break-words\"><strong>Progetti di strade comunali<\/strong> &#8211; Soddisfa gli standard pi\u00f9 rigorosi grazie alla protezione anticorrosione di grado marino C4H e al grado di impermeabilit\u00e0 IP65.<\/li>\n<li class=\"whitespace-normal break-words\"><strong>Private Estates<\/strong> &#8211; Il sensore radar intelligente con tre funzioni di oscuramento consente di personalizzare l&#8217;illuminazione.<\/li>\n<li class=\"whitespace-normal break-words\"><strong>Parchi e piazze cittadine<\/strong> &#8211; Facilmente installabile ad altezze di 6-10 metri per una copertura ottimale<\/li>\n<li class=\"whitespace-normal break-words\"><strong>Banchine di grandi dimensioni<\/strong> &#8211; Resiste agli ambienti marini pi\u00f9 difficili, garantendo un&#8217;illuminazione affidabile<\/li>\n<li class=\"whitespace-normal break-words\"><strong>Aree commerciali<\/strong> &#8211; Lo zaino con batteria al litio sostituibile prolunga la vita utile e riduce i costi di manutenzione<\/li>\n<\/ul>\n","protected":false},"excerpt":{"rendered":"<ul>\n<li class=\"whitespace-normal\"><strong>Luminosit\u00e0 superiore:<\/strong> 180 luci LED che forniscono un&#8217;illuminazione brillante e di qualit\u00e0 diurna con un&#8217;eccellente copertura per la massima visibilit\u00e0.<\/li>\n<li class=\"whitespace-normal\"><strong>Potenza di lunga durata:<\/strong> La potente batteria e l&#8217;efficiente pannello solare garantiscono oltre 12 ore di illuminazione con un solo giorno di carica.<\/li>\n<li class=\"whitespace-normal\"><strong>Funzionamento intelligente:<\/strong> Il sistema di controllo intelligente della luce con rilevamento del movimento regola automaticamente la luminosit\u00e0 in base alle condizioni circostanti.<\/li>\n<li class=\"whitespace-normal\"><strong>Durata in tutte le condizioni atmosferiche:<\/strong> Robusta struttura in alluminio con protezione di alto livello contro polvere e acqua per prestazioni affidabili tutto l&#8217;anno.<\/li>\n<\/ul>\n","protected":false},"featured_media":8285,"comment_status":"open","ping_status":"closed","template":"","meta":[],"product_brand":[],"product_cat":[92],"product_tag":[],"class_list":{"0":"post-8264","1":"product","2":"type-product","3":"status-publish","4":"has-post-thumbnail","6":"product_cat-illuminazione-stradale-solare-all-in-one","8":"first","9":"instock","10":"shipping-taxable","11":"purchasable","12":"product-type-simple"},"_links":{"self":[{"href":"https:\/\/solaroglo.com\/it\/wp-json\/wp\/v2\/product\/8264","targetHints":{"allow":["GET"]}}],"collection":[{"href":"https:\/\/solaroglo.com\/it\/wp-json\/wp\/v2\/product"}],"about":[{"href":"https:\/\/solaroglo.com\/it\/wp-json\/wp\/v2\/types\/product"}],"replies":[{"embeddable":true,"href":"https:\/\/solaroglo.com\/it\/wp-json\/wp\/v2\/comments?post=8264"}],"wp:featuredmedia":[{"embeddable":true,"href":"https:\/\/solaroglo.com\/it\/wp-json\/wp\/v2\/media\/8285"}],"wp:attachment":[{"href":"https:\/\/solaroglo.com\/it\/wp-json\/wp\/v2\/media?parent=8264"}],"wp:term":[{"taxonomy":"product_brand","embeddable":true,"href":"https:\/\/solaroglo.com\/it\/wp-json\/wp\/v2\/product_brand?post=8264"},{"taxonomy":"product_cat","embeddable":true,"href":"https:\/\/solaroglo.com\/it\/wp-json\/wp\/v2\/product_cat?post=8264"},{"taxonomy":"product_tag","embeddable":true,"href":"https:\/\/solaroglo.com\/it\/wp-json\/wp\/v2\/product_tag?post=8264"}],"curies":[{"name":"wp","href":"https:\/\/api.w.org\/{rel}","templated":true}]}}