{"id":7429,"date":"2025-06-07T09:33:10","date_gmt":"2025-06-07T08:33:10","guid":{"rendered":"https:\/\/solaroglo.com\/?post_type=product&#038;p=7429"},"modified":"2025-06-14T07:47:47","modified_gmt":"2025-06-14T06:47:47","slug":"sg723-300-unita-di-illuminazione-stradale-solare-completamente-integrata-180-led-60w-pannello-ip65-copy-copy-copy","status":"publish","type":"product","link":"https:\/\/solaroglo.com\/it\/prodotto\/sg723-300-unita-di-illuminazione-stradale-solare-completamente-integrata-180-led-60w-pannello-ip65-copy-copy-copy\/","title":{"rendered":"Lampione solare SG719-300 &#8211; Controllo intelligente a LED ad alta efficienza per progetti"},"content":{"rendered":"<h2>Introduzione<\/h2>\n<p class=\"whitespace-normal break-words\">Il modello SG719-300 \u00e8 progettato specificamente per progetti su larga scala e installazioni commerciali. Combina la potente tecnologia solare con un design intelligente, con una batteria al litio da 50 Ah a lunga durata, un efficiente pannello solare da 60 W e 50 luminose sfere LED che forniscono una vivida luce diurna da 6500 K. Realizzato con una robusta struttura in alluminio e con grado di impermeabilit\u00e0 IP65, include un sensore di luce intelligente, un telecomando e una temporizzazione programmabile per un controllo completo.<\/p>\n<p class=\"whitespace-normal break-words\">Questo <a href=\"https:\/\/solaroglo.com\/solar-street-light-supplier\/\">lampione solare<\/a> di qualit\u00e0 professionale funziona per pi\u00f9 di 12 ore con una singola carica e si ricarica rapidamente anche nelle giornate nuvolose. Il design resistente alle intemperie resiste alle condizioni pi\u00f9 difficili, mentre i controlli intelligenti eliminano la necessit\u00e0 di cablaggi complessi. Il pannello solare ad alta efficienza cattura la massima energia e la struttura di livello professionale garantisce anni di funzionamento affidabile con esigenze di manutenzione minime su pi\u00f9 unit\u00e0.<\/p>\n<p class=\"whitespace-normal break-words\">Risparmierai denaro su ogni progetto grazie a installazioni pi\u00f9 rapide e praticamente nessuna chiamata per manutenzione. Prestazioni affidabili significano clienti pi\u00f9 soddisfatti e meno grattacapi per te. Inoltre, puoi completare i lavori pi\u00f9 rapidamente e offrire ai clienti una soluzione di illuminazione di alta qualit\u00e0 che funziona automaticamente, rafforzando la tua reputazione e creando maggiori opportunit\u00e0 di fidelizzazione e referenze.<\/p>\n<h2 class=\"detail_h2\">Parametri tecnici<\/h2>\n<ul>\n<li class=\"whitespace-normal break-words\">Modello: SG719-300<\/li>\n<li class=\"whitespace-normal break-words\">Temperatura colore: 6500K<\/li>\n<li class=\"whitespace-normal break-words\">Batteria al litio: batteria al litio ferro fosfato da 3,2 V\/50000 mAh<\/li>\n<li class=\"whitespace-normal break-words\">Pannello fotovoltaico: Silicio policristallino 5V\/60W<\/li>\n<li class=\"whitespace-normal break-words\">Pannello solare: dimensioni: 670 \u00d7 630 \u00d7 25 mm<\/li>\n<li class=\"whitespace-normal break-words\">Dimensioni della lampada: 530 \u00d7 220 \u00d7 65 mm<\/li>\n<li class=\"whitespace-normal break-words\">Perline per lampade SMD: 5054 perline per lampade, 50 pezzi<\/li>\n<li class=\"whitespace-normal break-words\">Materiale: corpo lampada in alluminio pressofuso + maschera per lenti ottiche<\/li>\n<li class=\"whitespace-normal break-words\">Livello di protezione: IP65<\/li>\n<li class=\"whitespace-normal break-words\">Controllo delle funzioni: controllo intelligente della luce + telecomando + controllo del tempo + ricarica rapida<\/li>\n<li class=\"whitespace-normal break-words\">Tempo di illuminazione: &gt;12 ore<\/li>\n<\/ul>\n<p>&nbsp;<\/p>\n<h2 class=\"detail_h2\">Altri modelli<\/h2>\n<div id=\"supsystic-table-3_24134\" class=\"supsystic-tables-wrap \" style=\" display: inline-block; width:auto; visibility: hidden; \" data-table-width-fixed=\"auto\" data-table-width-mobile=\"auto\" ><table id=\"supsystic-table-3\" class=\"supsystic-table lfixed compact paragraphMode border stripe hover lightboxImg no-border\" data-id=\"3\" data-view-id=\"3_24134\" data-title=\"SolarGlo-719 Solar Street Light\" data-currency-format=\"$1,000.00\" data-percent-format=\"10.00%\" data-date-format=\"DD.MM.YYYY\" data-time-format=\"HH:mm\" data-features=\"[&quot;after_table_loaded_script&quot;]\" data-search-value=\"\" data-lfixed=\"1\" data-lightbox-img=\"\" data-head-rows-count=\"1\" data-pagination-length=\"50,100,All\" data-auto-index=\"off\" data-searching-settings=\"{&quot;columnSearchPosition&quot;:&quot;bottom&quot;,&quot;minChars&quot;:&quot;0&quot;}\" data-lang=\"default\" data-override=\"{&quot;emptyTable&quot;:&quot;&quot;,&quot;info&quot;:&quot;&quot;,&quot;infoEmpty&quot;:&quot;&quot;,&quot;infoFiltered&quot;:&quot;&quot;,&quot;lengthMenu&quot;:&quot;&quot;,&quot;search&quot;:&quot;&quot;,&quot;previous&quot;:&quot;&quot;,&quot;next&quot;:&quot;&quot;,&quot;zeroRecords&quot;:&quot;&quot;,&quot;exportLabel&quot;:&quot;&quot;,&quot;file&quot;:&quot;default&quot;}\" data-merged=\"[]\" data-responsive-mode=\"2\" data-from-history=\"0\" style=\"width:auto;\" ><thead><tr><th class=\"\" style=\"width:; padding: 0 !important;\"><\/th><th class=\"\" style=\"width:; padding: 0 !important;\"><\/th><th class=\"\" style=\"width:; padding: 0 !important;\"><\/th><th class=\"\" style=\"width:; padding: 0 !important;\"><\/th><th class=\"\" style=\"width:; padding: 0 !important;\"><\/th><th class=\"\" style=\"width:; padding: 0 !important;\"><\/th><th class=\"\" style=\"width:; padding: 0 !important;\"><\/th><th class=\"\" style=\"width:; padding: 0 !important;\"><\/th><\/tr><\/thead><tbody><tr style=\"height:51px\" ><td data-cell-id=\"A1\" data-x=\"0\" data-y=\"1\" data-db-index=\"1\" class=\"htMiddle color-ffffff bg-2195f3 bold fsize-14 htLeft\" data-cell-type=\"text\" data-original-value=\"Model\" data-order=\"Model\" >Model <\/td><td data-cell-id=\"B1\" data-x=\"1\" data-y=\"1\" data-db-index=\"1\" class=\"htMiddle color-ffffff bg-2195f3 bold fsize-14 htLeft\" data-cell-type=\"text\" data-original-value=\"Material\" data-order=\"Material\" >Material <\/td><td data-cell-id=\"C1\" data-x=\"2\" data-y=\"1\" data-db-index=\"1\" class=\"htMiddle color-ffffff bg-2195f3 bold fsize-14 htLeft\" data-cell-type=\"text\" data-original-value=\"Temperature\" data-order=\"Temperature\" >Temperature <\/td><td data-cell-id=\"D1\" data-x=\"3\" data-y=\"1\" data-db-index=\"1\" class=\"htMiddle color-ffffff bg-2195f3 bold fsize-14 htLeft\" data-cell-type=\"text\" data-original-value=\"Light Source\" data-order=\"Light Source\" >Light Source <\/td><td data-cell-id=\"E1\" data-x=\"4\" data-y=\"1\" data-db-index=\"1\" class=\"htMiddle color-ffffff bg-2195f3 bold fsize-14 htLeft\" data-cell-type=\"text\" data-original-value=\"Lithium Battery\" data-order=\"Lithium Battery\" >Lithium Battery <\/td><td data-cell-id=\"F1\" data-x=\"5\" data-y=\"1\" data-db-index=\"1\" class=\"htMiddle color-ffffff bg-2195f3 bold fsize-14 htLeft\" data-cell-type=\"text\" data-original-value=\"Solar Panel\" data-order=\"Solar Panel\" >Solar Panel <\/td><td data-cell-id=\"G1\" data-x=\"6\" data-y=\"1\" data-db-index=\"1\" class=\"htMiddle color-ffffff bg-2195f3 bold fsize-14 htLeft\" data-cell-type=\"text\" data-original-value=\"Solar Panel Size(mm)\" data-order=\"Solar Panel Size(mm)\" >Solar Panel Size(mm) <\/td><td data-cell-id=\"H1\" data-x=\"7\" data-y=\"1\" data-db-index=\"1\" class=\"htMiddle color-ffffff bg-2195f3 bold fsize-14 htLeft\" data-cell-type=\"text\" data-original-value=\"Lamp Size (mm)\" data-order=\"Lamp Size (mm)\" >Lamp Size (mm) <\/td><\/tr><tr style=\"height:px\" ><td data-cell-id=\"A2\" data-x=\"0\" data-y=\"2\" data-db-index=\"2\" class=\"htMiddle fsize-14 htLeft\" data-cell-type=\"text\" data-original-value=\"&lt;a href=&quot;https:\/\/solaroglo.com\/product\/sg719-300-solar-street-light-for-projects\/&quot; target=&quot;_self&quot;&gt;SG719-300&lt;\/a&gt;\" data-order=\"&lt;a href=&quot;https:\/\/solaroglo.com\/product\/sg719-300-solar-street-light-for-projects\/&quot; target=&quot;_self&quot;&gt;SG719-300&lt;\/a&gt;\" ><a href=\"https:\/\/solaroglo.com\/product\/sg719-300-solar-street-light-for-projects\/\" target=\"_self\">SG719-300<\/a><\/td><td data-cell-id=\"B2\" data-x=\"1\" data-y=\"2\" data-db-index=\"2\" class=\"htMiddle fsize-14 htLeft\" data-cell-type=\"text\" data-original-value=\"Die-casting aluminum lamp body lamp body + optical lens mask\" data-order=\"Die-casting aluminum lamp body lamp body + optical lens mask\" >Die-casting aluminum lamp body lamp body + optical lens mask <\/td><td data-cell-id=\"C2\" data-x=\"2\" data-y=\"2\" data-db-index=\"2\" class=\"htMiddle fsize-14 htLeft\" data-cell-type=\"text\" data-original-value=\"6500K\" data-order=\"6500K\" >6500K <\/td><td data-cell-id=\"D2\" data-x=\"3\" data-y=\"2\" data-db-index=\"2\" class=\"htMiddle fsize-14 htLeft\" data-cell-type=\"text\" data-original-value=\"5054\/50PCS\" data-order=\"5054\/50PCS\" >5054\/50PCS <\/td><td data-cell-id=\"E2\" data-x=\"4\" data-y=\"2\" data-db-index=\"2\" class=\"htMiddle fsize-14 htLeft\" data-cell-type=\"text\" data-original-value=\"3.2V\/50000MA\" data-order=\"3.2V\/50000MA\" >3.2V\/50000MA <\/td><td data-cell-id=\"F2\" data-x=\"5\" data-y=\"2\" data-db-index=\"2\" class=\"htMiddle fsize-14 htLeft\" data-cell-type=\"text\" data-original-value=\"5V\/60W\" data-order=\"5V\/60W\" >5V\/60W <\/td><td data-cell-id=\"G2\" data-x=\"6\" data-y=\"2\" data-db-index=\"2\" class=\"htMiddle fsize-14 htLeft\" data-cell-type=\"text\" data-original-value=\"670*630*25\" data-order=\"670*630*25\" >670*630*25 <\/td><td data-cell-id=\"H2\" data-x=\"7\" data-y=\"2\" data-db-index=\"2\" class=\"htMiddle fsize-14 htLeft\" data-cell-type=\"text\" data-original-value=\"530*220*65\" data-order=\"530*220*65\" >530*220*65 <\/td><\/tr><tr style=\"height:px\" ><td data-cell-id=\"A3\" data-x=\"0\" data-y=\"3\" data-db-index=\"3\" class=\"htMiddle fsize-14 htLeft\" data-cell-type=\"text\" data-original-value=\"&lt;a href=&quot;https:\/\/solaroglo.com\/product\/sg719-400-solar-street-light-all-night-lighting-for-roads-parks-and-pathways\/&quot; target=&quot;_self&quot;&gt;SG719-400&lt;\/a&gt;\" data-order=\"&lt;a href=&quot;https:\/\/solaroglo.com\/product\/sg719-400-solar-street-light-all-night-lighting-for-roads-parks-and-pathways\/&quot; target=&quot;_self&quot;&gt;SG719-400&lt;\/a&gt;\" ><a href=\"https:\/\/solaroglo.com\/product\/sg719-400-solar-street-light-all-night-lighting-for-roads-parks-and-pathways\/\" target=\"_self\">SG719-400<\/a><\/td><td data-cell-id=\"B3\" data-x=\"1\" data-y=\"3\" data-db-index=\"3\" class=\"htMiddle fsize-14 htLeft\" data-cell-type=\"text\" data-original-value=\"Die-casting aluminum lamp body lamp body + optical lens mask\" data-order=\"Die-casting aluminum lamp body lamp body + optical lens mask\" >Die-casting aluminum lamp body lamp body + optical lens mask <\/td><td data-cell-id=\"C3\" data-x=\"2\" data-y=\"3\" data-db-index=\"3\" class=\"htMiddle fsize-14 htLeft\" data-cell-type=\"text\" data-original-value=\"6500K\" data-order=\"6500K\" >6500K <\/td><td data-cell-id=\"D3\" data-x=\"3\" data-y=\"3\" data-db-index=\"3\" class=\"htMiddle fsize-14 htLeft\" data-cell-type=\"text\" data-original-value=\"5054\/50PCS\" data-order=\"5054\/50PCS\" >5054\/50PCS <\/td><td data-cell-id=\"E3\" data-x=\"4\" data-y=\"3\" data-db-index=\"3\" class=\"htMiddle fsize-14 htLeft\" data-cell-type=\"text\" data-original-value=\"3.2V\/60000MA\" data-order=\"3.2V\/60000MA\" >3.2V\/60000MA <\/td><td data-cell-id=\"F3\" data-x=\"5\" data-y=\"3\" data-db-index=\"3\" class=\"htMiddle fsize-14 htLeft\" data-cell-type=\"text\" data-original-value=\"5V\/80W\" data-order=\"5V\/80W\" >5V\/80W <\/td><td data-cell-id=\"G3\" data-x=\"6\" data-y=\"3\" data-db-index=\"3\" class=\"htMiddle fsize-14 htLeft\" data-cell-type=\"text\" data-original-value=\"670*690*30\" data-order=\"670*690*30\" >670*690*30 <\/td><td data-cell-id=\"H3\" data-x=\"7\" data-y=\"3\" data-db-index=\"3\" class=\"htMiddle fsize-14 htLeft\" data-cell-type=\"text\" data-original-value=\"530*220*65\" data-order=\"530*220*65\" >530*220*65 <\/td><\/tr><tr style=\"height:px\" ><td data-cell-id=\"A4\" data-x=\"0\" data-y=\"4\" data-db-index=\"4\" class=\"htMiddle fsize-14 htLeft\" data-cell-type=\"text\" data-original-value=\"&lt;a href=&quot;https:\/\/solaroglo.com\/product\/sg719-500-solar-street-light-long-lasting-solution-for-rural-and-public-roads\/&quot; target=&quot;_self&quot;&gt;SG719-500&lt;\/a&gt;\" data-order=\"&lt;a href=&quot;https:\/\/solaroglo.com\/product\/sg719-500-solar-street-light-long-lasting-solution-for-rural-and-public-roads\/&quot; target=&quot;_self&quot;&gt;SG719-500&lt;\/a&gt;\" ><a href=\"https:\/\/solaroglo.com\/product\/sg719-500-solar-street-light-long-lasting-solution-for-rural-and-public-roads\/\" target=\"_self\">SG719-500<\/a><\/td><td data-cell-id=\"B4\" data-x=\"1\" data-y=\"4\" data-db-index=\"4\" class=\"htMiddle fsize-14 htLeft\" data-cell-type=\"text\" data-original-value=\"Die-casting aluminum lamp body lamp body + optical lens mask\" data-order=\"Die-casting aluminum lamp body lamp body + optical lens mask\" >Die-casting aluminum lamp body lamp body + optical lens mask <\/td><td data-cell-id=\"C4\" data-x=\"2\" data-y=\"4\" data-db-index=\"4\" class=\"htMiddle fsize-14 htLeft\" data-cell-type=\"text\" data-original-value=\"6500K\" data-order=\"6500K\" >6500K <\/td><td data-cell-id=\"D4\" data-x=\"3\" data-y=\"4\" data-db-index=\"4\" class=\"htMiddle fsize-14 htLeft\" data-cell-type=\"text\" data-original-value=\"5054\/50PCS\" data-order=\"5054\/50PCS\" >5054\/50PCS <\/td><td data-cell-id=\"E4\" data-x=\"4\" data-y=\"4\" data-db-index=\"4\" class=\"htMiddle fsize-14 htLeft\" data-cell-type=\"text\" data-original-value=\"3.2V\/80000MA\" data-order=\"3.2V\/80000MA\" >3.2V\/80000MA <\/td><td data-cell-id=\"F4\" data-x=\"5\" data-y=\"4\" data-db-index=\"4\" class=\"htMiddle fsize-14 htLeft\" data-cell-type=\"text\" data-original-value=\"5V\/100W\" data-order=\"5V\/100W\" >5V\/100W <\/td><td data-cell-id=\"G4\" data-x=\"6\" data-y=\"4\" data-db-index=\"4\" class=\"htMiddle fsize-14 htLeft\" data-cell-type=\"text\" data-original-value=\"670*1020*30\" data-order=\"670*1020*30\" >670*1020*30 <\/td><td data-cell-id=\"H4\" data-x=\"7\" data-y=\"4\" data-db-index=\"4\" class=\"htMiddle fsize-14 htLeft\" data-cell-type=\"text\" data-original-value=\"530*220*65\" data-order=\"530*220*65\" >530*220*65 <\/td><\/tr><\/tbody><\/table><!-- \/#supsystic-table-3.supsystic-table --><\/div><!-- \/.supsystic-tables-wrap --><!-- Tables Generator by Supsystic --><!-- Version:1.10.46 --><!-- http:\/\/supsystic.com\/ -->\n<p>&nbsp;<\/p>\n<h2 class=\"detail_h2\">Applicazione pratica<\/h2>\n<p data-pm-slice=\"1 1 []\">La serie di lampioni solari SG719 \u00e8 progettata specificamente per progetti di illuminazione stradale e di costruzione in aree rurali. Grazie alla luminosit\u00e0 di alta qualit\u00e0, all&#8217;eccellente adattabilit\u00e0 e alle numerose opzioni di personalizzazione, \u00e8 la scelta preferita per le installazioni di massa che richiedono prestazioni affidabili.<\/p>\n<ul>\n<li class=\"whitespace-normal break-words\"><strong>Strade rurali:<\/strong> sviluppo delle infrastrutture rurali<\/li>\n<li class=\"whitespace-normal break-words\"><strong>Progetti autostradali:<\/strong> illuminazione dei principali corridoi di traffico<\/li>\n<li class=\"whitespace-normal break-words\"><strong>Strade comunali<\/strong>: progetti di sviluppo urbano<\/li>\n<li class=\"whitespace-normal break-words\"><strong>Accesso industriale:<\/strong> illuminazione di complessi commerciali<\/li>\n<li class=\"whitespace-normal break-words\"><strong>Aree residenziali: <\/strong>Illuminazione di progetti abitativi<\/li>\n<li class=\"whitespace-normal break-words\"><strong>Aggiornamenti infrastrutturali:<\/strong> progetti di modernizzazione stradale<\/li>\n<\/ul>\n<p>&nbsp;<\/p>\n<p><img fetchpriority=\"high\" decoding=\"async\" class=\"alignnone size-medium wp-image-2131\" src=\"https:\/\/solaroglo.com\/wp-content\/uploads\/2024\/09\/1-288x300.png\" alt=\"Lampione solare SG719\" width=\"288\" height=\"300\" srcset=\"https:\/\/solaroglo.com\/wp-content\/uploads\/2024\/09\/1-288x300.png 288w, https:\/\/solaroglo.com\/wp-content\/uploads\/2024\/09\/1.png 470w\" sizes=\"(max-width: 288px) 100vw, 288px\" \/><\/p>\n","protected":false},"excerpt":{"rendered":"<ul>\n<li class=\"whitespace-normal break-words\"><strong>Durata estesa di oltre 12 ore:<\/strong> la batteria al litio ferro fosfato da 50 Ah ad alta capacit\u00e0 garantisce un&#8217;illuminazione notturna affidabile per progetti su larga scala.<\/li>\n<li class=\"whitespace-normal break-words\"><strong>Durata di livello professionale:<\/strong> grado di impermeabilit\u00e0 IP65 con struttura in alluminio pressofuso progettata per resistere a condizioni meteorologiche avverse e requisiti di progetto a lungo termine<\/li>\n<li class=\"whitespace-normal break-words\"><strong>Sistema multi-controllo intelligente:<\/strong> rilevamento intelligente della luce, controllo remoto e programmazione oraria per un funzionamento flessibile in pi\u00f9 siti di installazione<\/li>\n<li class=\"whitespace-normal break-words\"><strong>Pannello solare ad alta efficienza:<\/strong> il pannello in silicio policristallino da 60 W con capacit\u00e0 di ricarica rapida massimizza la conversione dell&#8217;energia per prestazioni di progetto costanti<\/li>\n<\/ul>\n","protected":false},"featured_media":7436,"comment_status":"open","ping_status":"closed","template":"","meta":[],"product_brand":[],"product_cat":[100],"product_tag":[],"class_list":{"0":"post-7429","1":"product","2":"type-product","3":"status-publish","4":"has-post-thumbnail","6":"product_cat-illuminazione-stradale-solare","8":"first","9":"instock","10":"shipping-taxable","11":"purchasable","12":"product-type-simple"},"_links":{"self":[{"href":"https:\/\/solaroglo.com\/it\/wp-json\/wp\/v2\/product\/7429","targetHints":{"allow":["GET"]}}],"collection":[{"href":"https:\/\/solaroglo.com\/it\/wp-json\/wp\/v2\/product"}],"about":[{"href":"https:\/\/solaroglo.com\/it\/wp-json\/wp\/v2\/types\/product"}],"replies":[{"embeddable":true,"href":"https:\/\/solaroglo.com\/it\/wp-json\/wp\/v2\/comments?post=7429"}],"wp:featuredmedia":[{"embeddable":true,"href":"https:\/\/solaroglo.com\/it\/wp-json\/wp\/v2\/media\/7436"}],"wp:attachment":[{"href":"https:\/\/solaroglo.com\/it\/wp-json\/wp\/v2\/media?parent=7429"}],"wp:term":[{"taxonomy":"product_brand","embeddable":true,"href":"https:\/\/solaroglo.com\/it\/wp-json\/wp\/v2\/product_brand?post=7429"},{"taxonomy":"product_cat","embeddable":true,"href":"https:\/\/solaroglo.com\/it\/wp-json\/wp\/v2\/product_cat?post=7429"},{"taxonomy":"product_tag","embeddable":true,"href":"https:\/\/solaroglo.com\/it\/wp-json\/wp\/v2\/product_tag?post=7429"}],"curies":[{"name":"wp","href":"https:\/\/api.w.org\/{rel}","templated":true}]}}