{"id":7511,"date":"2025-06-14T09:10:36","date_gmt":"2025-06-14T08:10:36","guid":{"rendered":"https:\/\/solaroglo.com\/?post_type=product&#038;p=7511"},"modified":"2025-06-19T08:54:27","modified_gmt":"2025-06-19T07:54:27","slug":"lampadaire-solaire-sg719-300-controle-intelligent-led-haute-efficacite-pour-projets-copy-copy-copy","status":"publish","type":"product","link":"https:\/\/solaroglo.com\/fr\/produit\/lampadaire-solaire-sg719-300-controle-intelligent-led-haute-efficacite-pour-projets-copy-copy-copy\/","title":{"rendered":"Lampadaire solaire SG719-300 &#8211; Contr\u00f4le intelligent LED haute efficacit\u00e9 pour projets (Copy) (Copy) (Copy)"},"content":{"rendered":"<h2>Introduction<\/h2>\n<p class=\"whitespace-normal break-words\">Le SG719-300 est sp\u00e9cialement con\u00e7u pour les projets \u00e0 grande \u00e9chelle et les installations commerciales. Il combine une technologie solaire puissante avec une conception intelligente, avec une batterie au lithium longue dur\u00e9e de 50 Ah, un panneau solaire efficace de 60 W et 50 perles LED lumineuses qui fournissent une lumi\u00e8re du jour nette de 6 500 K. Construit avec une construction en aluminium robuste et un indice d&rsquo;\u00e9tanch\u00e9it\u00e9 IP65, il comprend une d\u00e9tection de lumi\u00e8re intelligente, une t\u00e9l\u00e9commande et une synchronisation programmable pour un contr\u00f4le complet.<\/p>\n<p class=\"whitespace-normal break-words\">Ce <a href=\"https:\/\/solaroglo.com\/solar-street-light-supplier\/\">lampadaire solaire<\/a> de qualit\u00e9 projet fonctionne pendant plus de 12 heures avec une seule charge et se recharge rapidement m\u00eame par temps nuageux. La conception r\u00e9sistante aux intemp\u00e9ries r\u00e9siste aux conditions difficiles tandis que les commandes intelligentes \u00e9liminent le c\u00e2blage compliqu\u00e9. Le panneau solaire \u00e0 haut rendement capture un maximum d&rsquo;\u00e9nergie et la construction de qualit\u00e9 professionnelle garantit des ann\u00e9es de fonctionnement fiable avec des besoins de maintenance minimes sur plusieurs unit\u00e9s.<\/p>\n<p class=\"whitespace-normal break-words\">Vous \u00e9conomiserez de l\u2019argent sur chaque projet avec des installations plus rapides et pratiquement aucun appel de maintenance. Des performances fiables signifient des clients plus satisfaits et moins de maux de t\u00eate pour vous. De plus, vous pouvez terminer les travaux plus rapidement et offrir aux clients une solution d&rsquo;\u00e9clairage haut de gamme qui fonctionne automatiquement, ce qui renforce votre r\u00e9putation et cr\u00e9e davantage d&rsquo;opportunit\u00e9s de fid\u00e9lisation et de r\u00e9f\u00e9rences.<\/p>\n<h2 class=\"detail_h2\">Param\u00e8tres techniques<\/h2>\n<ul>\n<li class=\"whitespace-normal break-words\">Mod\u00e8le : SG719-300<\/li>\n<li class=\"whitespace-normal break-words\">Temp\u00e9rature de couleur : 6500K<\/li>\n<li class=\"whitespace-normal break-words\">Batterie au lithium : batterie lithium fer phosphate 3,2 V\/50 000 mAh<\/li>\n<li class=\"whitespace-normal break-words\">Panneau photovolta\u00efque : Silicium polycristallin 5V\/60W<\/li>\n<li class=\"whitespace-normal break-words\">Panneau solaire : Dimensions : 670 \u00d7 630 \u00d7 25 mm<\/li>\n<li class=\"whitespace-normal break-words\">Taille de la lampe : 530 \u00d7 220 \u00d7 65 mm<\/li>\n<li class=\"whitespace-normal break-words\">Perles de lampe SMD : 5054 perles de lampe, 50 pi\u00e8ces<\/li>\n<li class=\"whitespace-normal break-words\">Mat\u00e9riau : Corps de lampe en aluminium moul\u00e9 sous pression + masque de lentille optique<\/li>\n<li class=\"whitespace-normal break-words\">Niveau de protection : IP65<\/li>\n<li class=\"whitespace-normal break-words\">Contr\u00f4le des fonctions : Contr\u00f4le intelligent de la lumi\u00e8re + t\u00e9l\u00e9commande + contr\u00f4le du temps + charge ultra-rapide<\/li>\n<li class=\"whitespace-normal break-words\">Temps d&rsquo;\u00e9clairage: &gt;12 heures<\/li>\n<\/ul>\n<p>&nbsp;<\/p>\n<h2 class=\"detail_h2\">Plus de mod\u00e8les<\/h2>\n<div id=\"supsystic-table-3_24134\" class=\"supsystic-tables-wrap \" style=\" display: inline-block; width:auto; visibility: hidden; \" data-table-width-fixed=\"auto\" data-table-width-mobile=\"auto\" ><table id=\"supsystic-table-3\" class=\"supsystic-table lfixed compact paragraphMode border stripe hover lightboxImg no-border\" data-id=\"3\" data-view-id=\"3_24134\" data-title=\"SolarGlo-719 Solar Street Light\" data-currency-format=\"$1,000.00\" data-percent-format=\"10.00%\" data-date-format=\"DD.MM.YYYY\" data-time-format=\"HH:mm\" data-features=\"[&quot;after_table_loaded_script&quot;]\" data-search-value=\"\" data-lfixed=\"1\" data-lightbox-img=\"\" data-head-rows-count=\"1\" data-pagination-length=\"50,100,All\" data-auto-index=\"off\" data-searching-settings=\"{&quot;columnSearchPosition&quot;:&quot;bottom&quot;,&quot;minChars&quot;:&quot;0&quot;}\" data-lang=\"default\" data-override=\"{&quot;emptyTable&quot;:&quot;&quot;,&quot;info&quot;:&quot;&quot;,&quot;infoEmpty&quot;:&quot;&quot;,&quot;infoFiltered&quot;:&quot;&quot;,&quot;lengthMenu&quot;:&quot;&quot;,&quot;search&quot;:&quot;&quot;,&quot;previous&quot;:&quot;&quot;,&quot;next&quot;:&quot;&quot;,&quot;zeroRecords&quot;:&quot;&quot;,&quot;exportLabel&quot;:&quot;&quot;,&quot;file&quot;:&quot;default&quot;}\" data-merged=\"[]\" data-responsive-mode=\"2\" data-from-history=\"0\" style=\"width:auto;\" ><thead><tr><th class=\"\" style=\"width:; padding: 0 !important;\"><\/th><th class=\"\" style=\"width:; padding: 0 !important;\"><\/th><th class=\"\" style=\"width:; padding: 0 !important;\"><\/th><th class=\"\" style=\"width:; padding: 0 !important;\"><\/th><th class=\"\" style=\"width:; padding: 0 !important;\"><\/th><th class=\"\" style=\"width:; padding: 0 !important;\"><\/th><th class=\"\" style=\"width:; padding: 0 !important;\"><\/th><th class=\"\" style=\"width:; padding: 0 !important;\"><\/th><\/tr><\/thead><tbody><tr style=\"height:51px\" ><td data-cell-id=\"A1\" data-x=\"0\" data-y=\"1\" data-db-index=\"1\" class=\"htMiddle color-ffffff bg-2195f3 bold fsize-14 htLeft\" data-cell-type=\"text\" data-original-value=\"Model\" data-order=\"Model\" >Model <\/td><td data-cell-id=\"B1\" data-x=\"1\" data-y=\"1\" data-db-index=\"1\" class=\"htMiddle color-ffffff bg-2195f3 bold fsize-14 htLeft\" data-cell-type=\"text\" data-original-value=\"Material\" data-order=\"Material\" >Material <\/td><td data-cell-id=\"C1\" data-x=\"2\" data-y=\"1\" data-db-index=\"1\" class=\"htMiddle color-ffffff bg-2195f3 bold fsize-14 htLeft\" data-cell-type=\"text\" data-original-value=\"Temperature\" data-order=\"Temperature\" >Temperature <\/td><td data-cell-id=\"D1\" data-x=\"3\" data-y=\"1\" data-db-index=\"1\" class=\"htMiddle color-ffffff bg-2195f3 bold fsize-14 htLeft\" data-cell-type=\"text\" data-original-value=\"Light Source\" data-order=\"Light Source\" >Light Source <\/td><td data-cell-id=\"E1\" data-x=\"4\" data-y=\"1\" data-db-index=\"1\" class=\"htMiddle color-ffffff bg-2195f3 bold fsize-14 htLeft\" data-cell-type=\"text\" data-original-value=\"Lithium Battery\" data-order=\"Lithium Battery\" >Lithium Battery <\/td><td data-cell-id=\"F1\" data-x=\"5\" data-y=\"1\" data-db-index=\"1\" class=\"htMiddle color-ffffff bg-2195f3 bold fsize-14 htLeft\" data-cell-type=\"text\" data-original-value=\"Solar Panel\" data-order=\"Solar Panel\" >Solar Panel <\/td><td data-cell-id=\"G1\" data-x=\"6\" data-y=\"1\" data-db-index=\"1\" class=\"htMiddle color-ffffff bg-2195f3 bold fsize-14 htLeft\" data-cell-type=\"text\" data-original-value=\"Solar Panel Size(mm)\" data-order=\"Solar Panel Size(mm)\" >Solar Panel Size(mm) <\/td><td data-cell-id=\"H1\" data-x=\"7\" data-y=\"1\" data-db-index=\"1\" class=\"htMiddle color-ffffff bg-2195f3 bold fsize-14 htLeft\" data-cell-type=\"text\" data-original-value=\"Lamp Size (mm)\" data-order=\"Lamp Size (mm)\" >Lamp Size (mm) <\/td><\/tr><tr style=\"height:px\" ><td data-cell-id=\"A2\" data-x=\"0\" data-y=\"2\" data-db-index=\"2\" class=\"htMiddle fsize-14 htLeft\" data-cell-type=\"text\" data-original-value=\"&lt;a href=&quot;https:\/\/solaroglo.com\/product\/sg719-300-solar-street-light-for-projects\/&quot; target=&quot;_self&quot;&gt;SG719-300&lt;\/a&gt;\" data-order=\"&lt;a href=&quot;https:\/\/solaroglo.com\/product\/sg719-300-solar-street-light-for-projects\/&quot; target=&quot;_self&quot;&gt;SG719-300&lt;\/a&gt;\" ><a href=\"https:\/\/solaroglo.com\/product\/sg719-300-solar-street-light-for-projects\/\" target=\"_self\">SG719-300<\/a><\/td><td data-cell-id=\"B2\" data-x=\"1\" data-y=\"2\" data-db-index=\"2\" class=\"htMiddle fsize-14 htLeft\" data-cell-type=\"text\" data-original-value=\"Die-casting aluminum lamp body lamp body + optical lens mask\" data-order=\"Die-casting aluminum lamp body lamp body + optical lens mask\" >Die-casting aluminum lamp body lamp body + optical lens mask <\/td><td data-cell-id=\"C2\" data-x=\"2\" data-y=\"2\" data-db-index=\"2\" class=\"htMiddle fsize-14 htLeft\" data-cell-type=\"text\" data-original-value=\"6500K\" data-order=\"6500K\" >6500K <\/td><td data-cell-id=\"D2\" data-x=\"3\" data-y=\"2\" data-db-index=\"2\" class=\"htMiddle fsize-14 htLeft\" data-cell-type=\"text\" data-original-value=\"5054\/50PCS\" data-order=\"5054\/50PCS\" >5054\/50PCS <\/td><td data-cell-id=\"E2\" data-x=\"4\" data-y=\"2\" data-db-index=\"2\" class=\"htMiddle fsize-14 htLeft\" data-cell-type=\"text\" data-original-value=\"3.2V\/50000MA\" data-order=\"3.2V\/50000MA\" >3.2V\/50000MA <\/td><td data-cell-id=\"F2\" data-x=\"5\" data-y=\"2\" data-db-index=\"2\" class=\"htMiddle fsize-14 htLeft\" data-cell-type=\"text\" data-original-value=\"5V\/60W\" data-order=\"5V\/60W\" >5V\/60W <\/td><td data-cell-id=\"G2\" data-x=\"6\" data-y=\"2\" data-db-index=\"2\" class=\"htMiddle fsize-14 htLeft\" data-cell-type=\"text\" data-original-value=\"670*630*25\" data-order=\"670*630*25\" >670*630*25 <\/td><td data-cell-id=\"H2\" data-x=\"7\" data-y=\"2\" data-db-index=\"2\" class=\"htMiddle fsize-14 htLeft\" data-cell-type=\"text\" data-original-value=\"530*220*65\" data-order=\"530*220*65\" >530*220*65 <\/td><\/tr><tr style=\"height:px\" ><td data-cell-id=\"A3\" data-x=\"0\" data-y=\"3\" data-db-index=\"3\" class=\"htMiddle fsize-14 htLeft\" data-cell-type=\"text\" data-original-value=\"&lt;a href=&quot;https:\/\/solaroglo.com\/product\/sg719-400-solar-street-light-all-night-lighting-for-roads-parks-and-pathways\/&quot; target=&quot;_self&quot;&gt;SG719-400&lt;\/a&gt;\" data-order=\"&lt;a href=&quot;https:\/\/solaroglo.com\/product\/sg719-400-solar-street-light-all-night-lighting-for-roads-parks-and-pathways\/&quot; target=&quot;_self&quot;&gt;SG719-400&lt;\/a&gt;\" ><a href=\"https:\/\/solaroglo.com\/product\/sg719-400-solar-street-light-all-night-lighting-for-roads-parks-and-pathways\/\" target=\"_self\">SG719-400<\/a><\/td><td data-cell-id=\"B3\" data-x=\"1\" data-y=\"3\" data-db-index=\"3\" class=\"htMiddle fsize-14 htLeft\" data-cell-type=\"text\" data-original-value=\"Die-casting aluminum lamp body lamp body + optical lens mask\" data-order=\"Die-casting aluminum lamp body lamp body + optical lens mask\" >Die-casting aluminum lamp body lamp body + optical lens mask <\/td><td data-cell-id=\"C3\" data-x=\"2\" data-y=\"3\" data-db-index=\"3\" class=\"htMiddle fsize-14 htLeft\" data-cell-type=\"text\" data-original-value=\"6500K\" data-order=\"6500K\" >6500K <\/td><td data-cell-id=\"D3\" data-x=\"3\" data-y=\"3\" data-db-index=\"3\" class=\"htMiddle fsize-14 htLeft\" data-cell-type=\"text\" data-original-value=\"5054\/50PCS\" data-order=\"5054\/50PCS\" >5054\/50PCS <\/td><td data-cell-id=\"E3\" data-x=\"4\" data-y=\"3\" data-db-index=\"3\" class=\"htMiddle fsize-14 htLeft\" data-cell-type=\"text\" data-original-value=\"3.2V\/60000MA\" data-order=\"3.2V\/60000MA\" >3.2V\/60000MA <\/td><td data-cell-id=\"F3\" data-x=\"5\" data-y=\"3\" data-db-index=\"3\" class=\"htMiddle fsize-14 htLeft\" data-cell-type=\"text\" data-original-value=\"5V\/80W\" data-order=\"5V\/80W\" >5V\/80W <\/td><td data-cell-id=\"G3\" data-x=\"6\" data-y=\"3\" data-db-index=\"3\" class=\"htMiddle fsize-14 htLeft\" data-cell-type=\"text\" data-original-value=\"670*690*30\" data-order=\"670*690*30\" >670*690*30 <\/td><td data-cell-id=\"H3\" data-x=\"7\" data-y=\"3\" data-db-index=\"3\" class=\"htMiddle fsize-14 htLeft\" data-cell-type=\"text\" data-original-value=\"530*220*65\" data-order=\"530*220*65\" >530*220*65 <\/td><\/tr><tr style=\"height:px\" ><td data-cell-id=\"A4\" data-x=\"0\" data-y=\"4\" data-db-index=\"4\" class=\"htMiddle fsize-14 htLeft\" data-cell-type=\"text\" data-original-value=\"&lt;a href=&quot;https:\/\/solaroglo.com\/product\/sg719-500-solar-street-light-long-lasting-solution-for-rural-and-public-roads\/&quot; target=&quot;_self&quot;&gt;SG719-500&lt;\/a&gt;\" data-order=\"&lt;a href=&quot;https:\/\/solaroglo.com\/product\/sg719-500-solar-street-light-long-lasting-solution-for-rural-and-public-roads\/&quot; target=&quot;_self&quot;&gt;SG719-500&lt;\/a&gt;\" ><a href=\"https:\/\/solaroglo.com\/product\/sg719-500-solar-street-light-long-lasting-solution-for-rural-and-public-roads\/\" target=\"_self\">SG719-500<\/a><\/td><td data-cell-id=\"B4\" data-x=\"1\" data-y=\"4\" data-db-index=\"4\" class=\"htMiddle fsize-14 htLeft\" data-cell-type=\"text\" data-original-value=\"Die-casting aluminum lamp body lamp body + optical lens mask\" data-order=\"Die-casting aluminum lamp body lamp body + optical lens mask\" >Die-casting aluminum lamp body lamp body + optical lens mask <\/td><td data-cell-id=\"C4\" data-x=\"2\" data-y=\"4\" data-db-index=\"4\" class=\"htMiddle fsize-14 htLeft\" data-cell-type=\"text\" data-original-value=\"6500K\" data-order=\"6500K\" >6500K <\/td><td data-cell-id=\"D4\" data-x=\"3\" data-y=\"4\" data-db-index=\"4\" class=\"htMiddle fsize-14 htLeft\" data-cell-type=\"text\" data-original-value=\"5054\/50PCS\" data-order=\"5054\/50PCS\" >5054\/50PCS <\/td><td data-cell-id=\"E4\" data-x=\"4\" data-y=\"4\" data-db-index=\"4\" class=\"htMiddle fsize-14 htLeft\" data-cell-type=\"text\" data-original-value=\"3.2V\/80000MA\" data-order=\"3.2V\/80000MA\" >3.2V\/80000MA <\/td><td data-cell-id=\"F4\" data-x=\"5\" data-y=\"4\" data-db-index=\"4\" class=\"htMiddle fsize-14 htLeft\" data-cell-type=\"text\" data-original-value=\"5V\/100W\" data-order=\"5V\/100W\" >5V\/100W <\/td><td data-cell-id=\"G4\" data-x=\"6\" data-y=\"4\" data-db-index=\"4\" class=\"htMiddle fsize-14 htLeft\" data-cell-type=\"text\" data-original-value=\"670*1020*30\" data-order=\"670*1020*30\" >670*1020*30 <\/td><td data-cell-id=\"H4\" data-x=\"7\" data-y=\"4\" data-db-index=\"4\" class=\"htMiddle fsize-14 htLeft\" data-cell-type=\"text\" data-original-value=\"530*220*65\" data-order=\"530*220*65\" >530*220*65 <\/td><\/tr><\/tbody><\/table><!-- \/#supsystic-table-3.supsystic-table --><\/div><!-- \/.supsystic-tables-wrap --><!-- Tables Generator by Supsystic --><!-- Version:1.10.46 --><!-- http:\/\/supsystic.com\/ -->\n<p>&nbsp;<\/p>\n<h2 class=\"detail_h2\">Application pratique<\/h2>\n<p data-pm-slice=\"1 1 []\">Le lampadaire solaire de la s\u00e9rie SG719 est sp\u00e9cialement con\u00e7u pour les projets de construction d&rsquo;\u00e9clairage rural et d&rsquo;\u00e9clairage routier. Avec une luminosit\u00e9 de haute qualit\u00e9, une excellente adaptabilit\u00e9 et de solides options de personnalisation, c&rsquo;est le choix pr\u00e9f\u00e9r\u00e9 pour les installations de masse n\u00e9cessitant des performances fiables.<\/p>\n<ul>\n<li class=\"whitespace-normal break-words\"><strong>Routes rurales : <\/strong>D\u00e9veloppement des infrastructures rurales<\/li>\n<li class=\"whitespace-normal break-words\"><strong>Projets autoroutiers :<\/strong> \u00c9clairage des principaux corridors de circulation<\/li>\n<li class=\"whitespace-normal break-words\"><strong>Rues municipales :<\/strong> projets de d\u00e9veloppement de la ville<\/li>\n<li class=\"whitespace-normal break-words\"><strong>Acc\u00e8s industriel :<\/strong> \u00c9clairage de complexes commerciaux<\/li>\n<li class=\"whitespace-normal break-words\"><strong>Zones r\u00e9sidentielles :<\/strong> Illumination de projets de logements<\/li>\n<li class=\"whitespace-normal break-words\"><strong>Am\u00e9liorations des infrastructures :<\/strong> projets de modernisation des routes<\/li>\n<\/ul>\n<p>&nbsp;<\/p>\n<p><img fetchpriority=\"high\" decoding=\"async\" class=\"alignnone size-medium wp-image-2131\" src=\"https:\/\/solaroglo.com\/wp-content\/uploads\/2024\/09\/1-288x300.png\" alt=\"Lampadaire solaire SG719\" width=\"288\" height=\"300\" srcset=\"https:\/\/solaroglo.com\/wp-content\/uploads\/2024\/09\/1-288x300.png 288w, https:\/\/solaroglo.com\/wp-content\/uploads\/2024\/09\/1.png 470w\" sizes=\"(max-width: 288px) 100vw, 288px\" \/><\/p>\n","protected":false},"excerpt":{"rendered":"<ul>\n<li class=\"whitespace-normal break-words\"><strong>Autonomie prolong\u00e9e de plus de 12 heures<\/strong> &#8211; La batterie lithium-fer-phosphate haute capacit\u00e9 de 50 Ah assure un \u00e9clairage fiable toute la nuit pour les projets \u00e0 grande \u00e9chelle<\/li>\n<li class=\"whitespace-normal break-words\"><strong>Durabilit\u00e9 de qualit\u00e9 professionnelle<\/strong> &#8211; Indice d&rsquo;\u00e9tanch\u00e9it\u00e9 IP65 avec construction en aluminium moul\u00e9 sous pression con\u00e7ue pour les conditions m\u00e9t\u00e9orologiques difficiles et les exigences de projets \u00e0 long terme<\/li>\n<li class=\"whitespace-normal break-words\"><strong>Syst\u00e8me de contr\u00f4le multiple intelligent<\/strong> &#8211; D\u00e9tection intelligente de la lumi\u00e8re, t\u00e9l\u00e9commande et programmation horaire pour un fonctionnement flexible sur plusieurs sites d&rsquo;installation<\/li>\n<li class=\"whitespace-normal break-words\"><strong>Panneau solaire \u00e0 haut rendement<\/strong> &#8211; Le panneau en silicium polycristallin de 60 W avec capacit\u00e9 de charge rapide maximise la conversion d&rsquo;\u00e9nergie pour des performances de projet constantes<\/li>\n<\/ul>\n","protected":false},"featured_media":7803,"comment_status":"open","ping_status":"closed","template":"","meta":[],"product_brand":[],"product_cat":[],"product_tag":[],"class_list":{"0":"post-7511","1":"product","2":"type-product","3":"status-publish","4":"has-post-thumbnail","7":"first","8":"instock","9":"shipping-taxable","10":"purchasable","11":"product-type-simple"},"_links":{"self":[{"href":"https:\/\/solaroglo.com\/fr\/wp-json\/wp\/v2\/product\/7511","targetHints":{"allow":["GET"]}}],"collection":[{"href":"https:\/\/solaroglo.com\/fr\/wp-json\/wp\/v2\/product"}],"about":[{"href":"https:\/\/solaroglo.com\/fr\/wp-json\/wp\/v2\/types\/product"}],"replies":[{"embeddable":true,"href":"https:\/\/solaroglo.com\/fr\/wp-json\/wp\/v2\/comments?post=7511"}],"wp:featuredmedia":[{"embeddable":true,"href":"https:\/\/solaroglo.com\/fr\/wp-json\/wp\/v2\/media\/7803"}],"wp:attachment":[{"href":"https:\/\/solaroglo.com\/fr\/wp-json\/wp\/v2\/media?parent=7511"}],"wp:term":[{"taxonomy":"product_brand","embeddable":true,"href":"https:\/\/solaroglo.com\/fr\/wp-json\/wp\/v2\/product_brand?post=7511"},{"taxonomy":"product_cat","embeddable":true,"href":"https:\/\/solaroglo.com\/fr\/wp-json\/wp\/v2\/product_cat?post=7511"},{"taxonomy":"product_tag","embeddable":true,"href":"https:\/\/solaroglo.com\/fr\/wp-json\/wp\/v2\/product_tag?post=7511"}],"curies":[{"name":"wp","href":"https:\/\/api.w.org\/{rel}","templated":true}]}}