{"id":7117,"date":"2025-06-07T07:46:13","date_gmt":"2025-06-07T06:46:13","guid":{"rendered":"https:\/\/solaroglo.com\/?post_type=product&#038;p=7117"},"modified":"2025-06-07T08:29:47","modified_gmt":"2025-06-07T07:29:47","slug":"lampadaire-solaire-tout-en-un-sg723-300-unite-entierement-integree-panneau-180-led-60-w-ip65-copy-copy","status":"publish","type":"product","link":"https:\/\/solaroglo.com\/fr\/produit\/lampadaire-solaire-tout-en-un-sg723-300-unite-entierement-integree-panneau-180-led-60-w-ip65-copy-copy\/","title":{"rendered":"Lampadaire solaire tout-en-un SG723-300, unit\u00e9 enti\u00e8rement int\u00e9gr\u00e9e, panneau 180 LED 60 W, IP65 (Copy) (Copy)"},"content":{"rendered":"<h2>Introduction<\/h2>\n<p class=\"whitespace-normal\">Le<a href=\"https:\/\/solaroglo.com\/all-in-one-solar-street-light\/\"> lampadaire solaire tout-en-un<\/a> SG723-300 combine un panneau solaire, une batterie et 180 lumi\u00e8res LED dans une seule unit\u00e9 compacte. Cette conception int\u00e9gr\u00e9e \u00e9limine l&rsquo;installation complexe tout en offrant un \u00e9clairage puissant sans co\u00fbts d&rsquo;\u00e9lectricit\u00e9 ni besoins de c\u00e2blage.<\/p>\n<p class=\"whitespace-normal\">Gr\u00e2ce \u00e0 la d\u00e9tection de mouvement intelligente et aux capteurs de lumi\u00e8re automatiques, le syst\u00e8me maximise l&rsquo;efficacit\u00e9 \u00e9nerg\u00e9tique en ajustant la luminosit\u00e9 en fonction de l&rsquo;activit\u00e9 environnante. Cette technologie intelligente fournit plus de 12 heures d&rsquo;\u00e9clairage fiable chaque nuit, pr\u00e9cis\u00e9ment quand et o\u00f9 cela est n\u00e9cessaire.<\/p>\n<p class=\"whitespace-normal\">Fabriqu\u00e9es en aluminium durable et dot\u00e9es d&rsquo;une protection contre les intemp\u00e9ries IP65, ces lampes solaires fonctionnent de mani\u00e8re fiable dans divers environnements ext\u00e9rieurs. Cette solution d&rsquo;\u00e9clairage polyvalente r\u00e9pond \u00e0 de multiples applications, des rues r\u00e9sidentielles aux propri\u00e9t\u00e9s commerciales, aux parcs et aux parkings, vous offrant ainsi une option efficace et durable pour vos besoins d&rsquo;\u00e9clairage sp\u00e9cifiques.<\/p>\n<h2 class=\"detail_h2\">Param\u00e8tres techniques<\/h2>\n<ul>\n<li class=\"whitespace-normal break-words\">Mod\u00e8le : SG723-300<\/li>\n<li class=\"whitespace-normal break-words\">Temp\u00e9rature de couleur : 6500K<\/li>\n<li class=\"whitespace-normal break-words\">Batterie au lithium : batterie au lithium fer phosphate 3,2 V\/50 000 mA<\/li>\n<li class=\"whitespace-normal break-words\">Panneau photovolta\u00efque : Silicium polycristallin 6V\/60W<\/li>\n<li class=\"whitespace-normal break-words\">Taille du panneau : 882 \u00d7 395 mm<\/li>\n<li class=\"whitespace-normal break-words\">Taille de la lampe : 887 \u00d7 400 \u00d7 280 mm<\/li>\n<li class=\"whitespace-normal break-words\">Configuration LED : 180 perles de lampe SMD 3030<\/li>\n<li class=\"whitespace-normal break-words\">Mat\u00e9riau : Profil\u00e9 aluminium + lentille optique nano<\/li>\n<li class=\"whitespace-normal break-words\">Niveau de protection : IP65<\/li>\n<li class=\"whitespace-normal break-words\">Fonctions de contr\u00f4le : Contr\u00f4le intelligent de la lumi\u00e8re + induction radar + charge rapide flash<\/li>\n<li class=\"whitespace-normal break-words\">Dur\u00e9e d&rsquo;\u00e9clairage : &gt;12 heures<\/li>\n<\/ul>\n<p>&nbsp;<\/p>\n<h2 class=\"detail_h2\">Plus de mod\u00e8les<\/h2>\n<div id=\"supsystic-table-2_19999\" class=\"supsystic-tables-wrap \" style=\" display: inline-block; width:auto; visibility: hidden; \" data-table-width-fixed=\"auto\" data-table-width-mobile=\"auto\" ><table id=\"supsystic-table-2\" class=\"supsystic-table lfixed compact paragraphMode border stripe hover lightboxImg no-border\" data-id=\"2\" data-view-id=\"2_19999\" data-title=\"SolarGlo-723 All-in-one Solar Street Light\" data-currency-format=\"$1,000.00\" data-percent-format=\"10.00%\" data-date-format=\"DD.MM.YYYY\" data-time-format=\"HH:mm\" data-features=\"[&quot;after_table_loaded_script&quot;]\" data-search-value=\"\" data-lfixed=\"1\" data-lightbox-img=\"\" data-head-rows-count=\"1\" data-pagination-length=\"50,100,All\" data-auto-index=\"off\" data-searching-settings=\"{&quot;columnSearchPosition&quot;:&quot;bottom&quot;,&quot;minChars&quot;:&quot;0&quot;}\" data-lang=\"default\" data-override=\"{&quot;emptyTable&quot;:&quot;&quot;,&quot;info&quot;:&quot;&quot;,&quot;infoEmpty&quot;:&quot;&quot;,&quot;infoFiltered&quot;:&quot;&quot;,&quot;lengthMenu&quot;:&quot;&quot;,&quot;search&quot;:&quot;&quot;,&quot;previous&quot;:&quot;&quot;,&quot;next&quot;:&quot;&quot;,&quot;zeroRecords&quot;:&quot;&quot;,&quot;exportLabel&quot;:&quot;&quot;,&quot;file&quot;:&quot;default&quot;}\" data-merged=\"[]\" data-responsive-mode=\"2\" data-from-history=\"0\" style=\"width:auto;\" ><thead><tr><th class=\"\" style=\"width:; padding: 0 !important;\"><\/th><th class=\"\" style=\"width:; padding: 0 !important;\"><\/th><th class=\"\" style=\"width:; padding: 0 !important;\"><\/th><th class=\"\" style=\"width:; padding: 0 !important;\"><\/th><th class=\"\" style=\"width:; padding: 0 !important;\"><\/th><th class=\"\" style=\"width:; padding: 0 !important;\"><\/th><th class=\"\" style=\"width:; padding: 0 !important;\"><\/th><th class=\"\" style=\"width:; padding: 0 !important;\"><\/th><\/tr><\/thead><tbody><tr style=\"height:51px\" ><td data-cell-id=\"A1\" data-x=\"0\" data-y=\"1\" data-db-index=\"1\" class=\"htMiddle color-ffffff bg-2195f3 bold fsize-14 htLeft\" data-cell-type=\"text\" data-original-value=\"Model\" data-order=\"Model\" >Model <\/td><td data-cell-id=\"B1\" data-x=\"1\" data-y=\"1\" data-db-index=\"1\" class=\"htMiddle color-ffffff bg-2195f3 bold fsize-14 htLeft\" data-cell-type=\"text\" data-original-value=\"Material\" data-order=\"Material\" >Material <\/td><td data-cell-id=\"C1\" data-x=\"2\" data-y=\"1\" data-db-index=\"1\" class=\"htMiddle color-ffffff bg-2195f3 bold fsize-14 htLeft\" data-cell-type=\"text\" data-original-value=\"Temperature\" data-order=\"Temperature\" >Temperature <\/td><td data-cell-id=\"D1\" data-x=\"3\" data-y=\"1\" data-db-index=\"1\" class=\"htMiddle color-ffffff bg-2195f3 bold fsize-14 htLeft\" data-cell-type=\"text\" data-original-value=\"Light Source\" data-order=\"Light Source\" >Light Source <\/td><td data-cell-id=\"E1\" data-x=\"4\" data-y=\"1\" data-db-index=\"1\" class=\"htMiddle color-ffffff bg-2195f3 bold fsize-14 htLeft\" data-cell-type=\"text\" data-original-value=\"Lithium Battery\" data-order=\"Lithium Battery\" >Lithium Battery <\/td><td data-cell-id=\"F1\" data-x=\"5\" data-y=\"1\" data-db-index=\"1\" class=\"htMiddle color-ffffff bg-2195f3 bold fsize-14 htLeft\" data-cell-type=\"text\" data-original-value=\"Solar Panel\" data-order=\"Solar Panel\" >Solar Panel <\/td><td data-cell-id=\"G1\" data-x=\"6\" data-y=\"1\" data-db-index=\"1\" class=\"htMiddle color-ffffff bg-2195f3 bold fsize-14 htLeft\" data-cell-type=\"text\" data-original-value=\"Solar Panel Size(mm)\" data-order=\"Solar Panel Size(mm)\" >Solar Panel Size(mm) <\/td><td data-cell-id=\"H1\" data-x=\"7\" data-y=\"1\" data-db-index=\"1\" class=\"htMiddle color-ffffff bg-2195f3 bold fsize-14 htLeft\" data-cell-type=\"text\" data-original-value=\"Lamp Size (mm)\" data-order=\"Lamp Size (mm)\" >Lamp Size (mm) <\/td><\/tr><tr style=\"height:px\" ><td data-cell-id=\"A2\" data-x=\"0\" data-y=\"2\" data-db-index=\"2\" class=\"htMiddle fsize-14 htLeft\" data-cell-type=\"text\" data-original-value=\"&lt;a href=&quot;https:\/\/solaroglo.com\/product\/sg723-300-all-in-one-solar-street-light\/&quot; target=&quot;_self&quot;&gt;SG723-300&lt;\/a&gt;\" data-order=\"&lt;a href=&quot;https:\/\/solaroglo.com\/product\/sg723-300-all-in-one-solar-street-light\/&quot; target=&quot;_self&quot;&gt;SG723-300&lt;\/a&gt;\" ><a href=\"https:\/\/solaroglo.com\/product\/sg723-300-all-in-one-solar-street-light\/\" target=\"_self\">SG723-300<\/a><\/td><td data-cell-id=\"B2\" data-x=\"1\" data-y=\"2\" data-db-index=\"2\" class=\"htMiddle fsize-14 htLeft\" data-cell-type=\"text\" data-original-value=\"Profile aluminum + nano optical lens\" data-order=\"Profile aluminum + nano optical lens\" >Profile aluminum + nano optical lens <\/td><td data-cell-id=\"C2\" data-x=\"2\" data-y=\"2\" data-db-index=\"2\" class=\"htMiddle fsize-14 htLeft\" data-cell-type=\"text\" data-original-value=\"6500K\" data-order=\"6500K\" >6500K <\/td><td data-cell-id=\"D2\" data-x=\"3\" data-y=\"2\" data-db-index=\"2\" class=\"htMiddle fsize-14 htLeft\" data-cell-type=\"text\" data-original-value=\"3030\/180PCS\" data-order=\"3030\/180PCS\" >3030\/180PCS <\/td><td data-cell-id=\"E2\" data-x=\"4\" data-y=\"2\" data-db-index=\"2\" class=\"htMiddle fsize-14 htLeft\" data-cell-type=\"text\" data-original-value=\"3.2V\/50000MA\" data-order=\"3.2V\/50000MA\" >3.2V\/50000MA <\/td><td data-cell-id=\"F2\" data-x=\"5\" data-y=\"2\" data-db-index=\"2\" class=\"htMiddle fsize-14 htLeft\" data-cell-type=\"text\" data-original-value=\"6V\/60W\" data-order=\"6V\/60W\" >6V\/60W <\/td><td data-cell-id=\"G2\" data-x=\"6\" data-y=\"2\" data-db-index=\"2\" class=\"htMiddle fsize-14 htLeft\" data-cell-type=\"text\" data-original-value=\"882*395\" data-order=\"882*395\" >882*395 <\/td><td data-cell-id=\"H2\" data-x=\"7\" data-y=\"2\" data-db-index=\"2\" class=\"htMiddle fsize-14 htLeft\" data-cell-type=\"text\" data-original-value=\"887*400*280\" data-order=\"887*400*280\" >887*400*280 <\/td><\/tr><tr style=\"height:px\" ><td data-cell-id=\"A3\" data-x=\"0\" data-y=\"3\" data-db-index=\"3\" class=\"htMiddle fsize-14 htLeft\" data-cell-type=\"text\" data-original-value=\"&lt;a href=&quot;https:\/\/solaroglo.com\/product\/sg723-400-all-in-one-solar-street-light\/&quot; target=&quot;_self&quot;&gt;SG723-400&lt;\/a&gt;\" data-order=\"&lt;a href=&quot;https:\/\/solaroglo.com\/product\/sg723-400-all-in-one-solar-street-light\/&quot; target=&quot;_self&quot;&gt;SG723-400&lt;\/a&gt;\" ><a href=\"https:\/\/solaroglo.com\/product\/sg723-400-all-in-one-solar-street-light\/\" target=\"_self\">SG723-400<\/a><\/td><td data-cell-id=\"B3\" data-x=\"1\" data-y=\"3\" data-db-index=\"3\" class=\"htMiddle fsize-14 htLeft\" data-cell-type=\"text\" data-original-value=\"Profile aluminum + nano optical lens\" data-order=\"Profile aluminum + nano optical lens\" >Profile aluminum + nano optical lens <\/td><td data-cell-id=\"C3\" data-x=\"2\" data-y=\"3\" data-db-index=\"3\" class=\"htMiddle fsize-14 htLeft\" data-cell-type=\"text\" data-original-value=\"6500K\" data-order=\"6500K\" >6500K <\/td><td data-cell-id=\"D3\" data-x=\"3\" data-y=\"3\" data-db-index=\"3\" class=\"htMiddle fsize-14 htLeft\" data-cell-type=\"text\" data-original-value=\"3030\/240PCS\" data-order=\"3030\/240PCS\" >3030\/240PCS <\/td><td data-cell-id=\"E3\" data-x=\"4\" data-y=\"3\" data-db-index=\"3\" class=\"htMiddle fsize-14 htLeft\" data-cell-type=\"text\" data-original-value=\"3.2V\/60000MA\" data-order=\"3.2V\/60000MA\" >3.2V\/60000MA <\/td><td data-cell-id=\"F3\" data-x=\"5\" data-y=\"3\" data-db-index=\"3\" class=\"htMiddle fsize-14 htLeft\" data-cell-type=\"text\" data-original-value=\"6V\/80W\" data-order=\"6V\/80W\" >6V\/80W <\/td><td data-cell-id=\"G3\" data-x=\"6\" data-y=\"3\" data-db-index=\"3\" class=\"htMiddle fsize-14 htLeft\" data-cell-type=\"text\" data-original-value=\"1160*395\" data-order=\"1160*395\" >1160*395 <\/td><td data-cell-id=\"H3\" data-x=\"7\" data-y=\"3\" data-db-index=\"3\" class=\"htMiddle fsize-14 htLeft\" data-cell-type=\"text\" data-original-value=\"887*400*280\" data-order=\"887*400*280\" >887*400*280 <\/td><\/tr><tr style=\"height:px\" ><td data-cell-id=\"A4\" data-x=\"0\" data-y=\"4\" data-db-index=\"4\" class=\"htMiddle fsize-14 htLeft\" data-cell-type=\"text\" data-original-value=\"&lt;a href=&quot;https:\/\/solaroglo.com\/product\/municipal-roads-sg723-500-all-in-one-solar-street-light\/&quot; target=&quot;_self&quot;&gt;SG723-500&lt;\/a&gt;\" data-order=\"&lt;a href=&quot;https:\/\/solaroglo.com\/product\/municipal-roads-sg723-500-all-in-one-solar-street-light\/&quot; target=&quot;_self&quot;&gt;SG723-500&lt;\/a&gt;\" ><a href=\"https:\/\/solaroglo.com\/product\/municipal-roads-sg723-500-all-in-one-solar-street-light\/\" target=\"_self\">SG723-500<\/a><\/td><td data-cell-id=\"B4\" data-x=\"1\" data-y=\"4\" data-db-index=\"4\" class=\"htMiddle fsize-14 htLeft\" data-cell-type=\"text\" data-original-value=\"Profile aluminum + nano optical lens\" data-order=\"Profile aluminum + nano optical lens\" >Profile aluminum + nano optical lens <\/td><td data-cell-id=\"C4\" data-x=\"2\" data-y=\"4\" data-db-index=\"4\" class=\"htMiddle fsize-14 htLeft\" data-cell-type=\"text\" data-original-value=\"6500K\" data-order=\"6500K\" >6500K <\/td><td data-cell-id=\"D4\" data-x=\"3\" data-y=\"4\" data-db-index=\"4\" class=\"htMiddle fsize-14 htLeft\" data-cell-type=\"text\" data-original-value=\"3030\/300PCS\" data-order=\"3030\/300PCS\" >3030\/300PCS <\/td><td data-cell-id=\"E4\" data-x=\"4\" data-y=\"4\" data-db-index=\"4\" class=\"htMiddle fsize-14 htLeft\" data-cell-type=\"text\" data-original-value=\"3.2V\/80000MA\" data-order=\"3.2V\/80000MA\" >3.2V\/80000MA <\/td><td data-cell-id=\"F4\" data-x=\"5\" data-y=\"4\" data-db-index=\"4\" class=\"htMiddle fsize-14 htLeft\" data-cell-type=\"text\" data-original-value=\"6V\/100W\" data-order=\"6V\/100W\" >6V\/100W <\/td><td data-cell-id=\"G4\" data-x=\"6\" data-y=\"4\" data-db-index=\"4\" class=\"htMiddle fsize-14 htLeft\" data-cell-type=\"text\" data-original-value=\"1430*395\" data-order=\"1430*395\" >1430*395 <\/td><td data-cell-id=\"H4\" data-x=\"7\" data-y=\"4\" data-db-index=\"4\" class=\"htMiddle fsize-14 htLeft\" data-cell-type=\"text\" data-original-value=\"887*400*280\" data-order=\"887*400*280\" >887*400*280 <\/td><\/tr><\/tbody><\/table><!-- \/#supsystic-table-2.supsystic-table --><\/div><!-- \/.supsystic-tables-wrap --><!-- Tables Generator by Supsystic --><!-- Version:1.10.46 --><!-- http:\/\/supsystic.com\/ -->\n<p>&nbsp;<\/p>\n<h2 class=\"detail_h2\">Application pratique<\/h2>\n<p data-pm-slice=\"1 1 []\">Gr\u00e2ce \u00e0 son installation pratique, sa construction durable et ses commandes d&rsquo;\u00e9clairage intelligentes, le lampadaire solaire tout-en-un SG723 offre un \u00e9clairage de qualit\u00e9 professionnelle tout en maximisant l&rsquo;efficacit\u00e9 \u00e9nerg\u00e9tique et en minimisant l&rsquo;impact environnemental. Il est id\u00e9al pour les programmes d&rsquo;\u00e9clairage environnemental de haute qualit\u00e9 dans divers contextes :<\/p>\n<ul>\n<li class=\"whitespace-normal break-words\"><strong>Projets routiers municipaux<\/strong> &#8211; Conforme aux normes rigoureuses avec une protection anticorrosion C4H de qualit\u00e9 marine et un indice d&rsquo;\u00e9tanch\u00e9it\u00e9 IP65<\/li>\n<li class=\"whitespace-normal break-words\"><strong>Domaines priv\u00e9s<\/strong> &#8211; Un capteur radar intelligent avec trois fonctions de gradation fournit un \u00e9clairage personnalisable<\/li>\n<li class=\"whitespace-normal break-words\"><strong>Parcs et places de la ville<\/strong> &#8211; Installation facile \u00e0 des hauteurs de 6 \u00e0 10 m\u00e8tres pour une couverture optimale<\/li>\n<li class=\"whitespace-normal break-words\"><strong>Grands quais<\/strong> &#8211; R\u00e9siste aux environnements marins difficiles tout en offrant un \u00e9clairage fiable<\/li>\n<li class=\"whitespace-normal break-words\"><strong>Zones commerciales<\/strong> &#8211; Le sac \u00e0 dos \u00e0 batterie au lithium rempla\u00e7able prolonge la dur\u00e9e de vie et r\u00e9duit les co\u00fbts de maintenance<\/li>\n<\/ul>\n","protected":false},"excerpt":{"rendered":"<ul>\n<li class=\"whitespace-normal\"><strong>Luminosit\u00e9 sup\u00e9rieure :<\/strong> 180 lumi\u00e8res LED offrant un \u00e9clairage brillant de qualit\u00e9 lumi\u00e8re du jour avec une excellente couverture pour une visibilit\u00e9 maximale.<\/li>\n<li class=\"whitespace-normal\"><strong>Puissance longue dur\u00e9e :<\/strong> une batterie puissante et un panneau solaire efficace fournissent plus de 12 heures d&rsquo;\u00e9clairage \u00e0 partir d&rsquo;une seule journ\u00e9e de charge.<\/li>\n<li class=\"whitespace-normal\"><strong>Fonctionnement intelligent :<\/strong> le syst\u00e8me de contr\u00f4le d&rsquo;\u00e9clairage intelligent avec d\u00e9tection de mouvement ajuste automatiquement la luminosit\u00e9 en fonction des conditions environnantes.<\/li>\n<li class=\"whitespace-normal\"><strong>Durabilit\u00e9 par tous les temps :<\/strong> construction robuste en aluminium avec une protection de haut niveau contre la poussi\u00e8re et l&rsquo;eau pour des performances fiables toute l&rsquo;ann\u00e9e.<\/li>\n<\/ul>\n","protected":false},"featured_media":7125,"comment_status":"open","ping_status":"closed","template":"","meta":[],"product_brand":[],"product_cat":[87],"product_tag":[],"class_list":{"0":"post-7117","1":"product","2":"type-product","3":"status-publish","4":"has-post-thumbnail","6":"product_cat-lampadaire-solaire-tout-en-un","8":"first","9":"instock","10":"shipping-taxable","11":"purchasable","12":"product-type-simple"},"_links":{"self":[{"href":"https:\/\/solaroglo.com\/fr\/wp-json\/wp\/v2\/product\/7117","targetHints":{"allow":["GET"]}}],"collection":[{"href":"https:\/\/solaroglo.com\/fr\/wp-json\/wp\/v2\/product"}],"about":[{"href":"https:\/\/solaroglo.com\/fr\/wp-json\/wp\/v2\/types\/product"}],"replies":[{"embeddable":true,"href":"https:\/\/solaroglo.com\/fr\/wp-json\/wp\/v2\/comments?post=7117"}],"wp:featuredmedia":[{"embeddable":true,"href":"https:\/\/solaroglo.com\/fr\/wp-json\/wp\/v2\/media\/7125"}],"wp:attachment":[{"href":"https:\/\/solaroglo.com\/fr\/wp-json\/wp\/v2\/media?parent=7117"}],"wp:term":[{"taxonomy":"product_brand","embeddable":true,"href":"https:\/\/solaroglo.com\/fr\/wp-json\/wp\/v2\/product_brand?post=7117"},{"taxonomy":"product_cat","embeddable":true,"href":"https:\/\/solaroglo.com\/fr\/wp-json\/wp\/v2\/product_cat?post=7117"},{"taxonomy":"product_tag","embeddable":true,"href":"https:\/\/solaroglo.com\/fr\/wp-json\/wp\/v2\/product_tag?post=7117"}],"curies":[{"name":"wp","href":"https:\/\/api.w.org\/{rel}","templated":true}]}}