{"id":5921,"date":"2024-12-29T07:39:53","date_gmt":"2024-12-29T07:39:53","guid":{"rendered":"https:\/\/solaroglo.com\/panier\/"},"modified":"2025-02-06T06:56:35","modified_gmt":"2025-02-06T06:56:35","slug":"panier","status":"publish","type":"page","link":"https:\/\/solaroglo.com\/fr\/panier\/","title":{"rendered":"Panier"},"content":{"rendered":"\n<div data-block-name=\"woocommerce\/cart\" class=\"wp-block-woocommerce-cart alignwide is-loading\">\n<div data-block-name=\"woocommerce\/filled-cart-block\" class=\"wp-block-woocommerce-filled-cart-block\">\n<div data-block-name=\"woocommerce\/cart-items-block\" class=\"wp-block-woocommerce-cart-items-block\">\n<div data-block-name=\"woocommerce\/cart-line-items-block\" class=\"wp-block-woocommerce-cart-line-items-block\"><\/div>\n\n\n\n<div data-block-name=\"woocommerce\/cart-cross-sells-block\" class=\"wp-block-woocommerce-cart-cross-sells-block\">\n<h2 class=\"wp-block-heading has-large-font-size\">You may be interested in\u2026<\/h2>\n\n\n\n<div data-block-name=\"woocommerce\/cart-cross-sells-products-block\" class=\"wp-block-woocommerce-cart-cross-sells-products-block\"><\/div>\n<\/div>\n<\/div>\n\n\n\n<div data-block-name=\"woocommerce\/cart-totals-block\" class=\"wp-block-woocommerce-cart-totals-block\">\n<div data-block-name=\"woocommerce\/cart-order-summary-block\" class=\"wp-block-woocommerce-cart-order-summary-block\">\n<div data-block-name=\"woocommerce\/cart-order-summary-heading-block\" class=\"wp-block-woocommerce-cart-order-summary-heading-block\"><\/div><div data-block-name=\"woocommerce\/cart-order-summary-coupon-form-block\" class=\"wp-block-woocommerce-cart-order-summary-coupon-form-block\"><\/div><div data-block-name=\"woocommerce\/cart-order-summary-totals-block\" class=\"wp-block-woocommerce-cart-order-summary-totals-block\">\n<div data-block-name=\"woocommerce\/cart-order-summary-subtotal-block\" class=\"wp-block-woocommerce-cart-order-summary-subtotal-block\"><\/div>\n<div data-block-name=\"woocommerce\/cart-order-summary-discount-block\" class=\"wp-block-woocommerce-cart-order-summary-discount-block\"><\/div>\n<div data-block-name=\"woocommerce\/cart-order-summary-fee-block\" class=\"wp-block-woocommerce-cart-order-summary-fee-block\"><\/div>\n<div data-block-name=\"woocommerce\/cart-order-summary-shipping-block\" class=\"wp-block-woocommerce-cart-order-summary-shipping-block\"><\/div>\n<div data-block-name=\"woocommerce\/cart-order-summary-taxes-block\" class=\"wp-block-woocommerce-cart-order-summary-taxes-block\"><\/div><\/div>\n<\/div>\n\n\n\n<div data-block-name=\"woocommerce\/cart-express-payment-block\" class=\"wp-block-woocommerce-cart-express-payment-block\"><\/div>\n\n\n\n<div data-block-name=\"woocommerce\/proceed-to-checkout-block\" class=\"wp-block-woocommerce-proceed-to-checkout-block\"><\/div>\n\n\n\n<div data-block-name=\"woocommerce\/cart-accepted-payment-methods-block\" class=\"wp-block-woocommerce-cart-accepted-payment-methods-block\"><\/div>\n<\/div>\n<\/div>\n\n\n\n<div data-block-name=\"woocommerce\/empty-cart-block\" class=\"wp-block-woocommerce-empty-cart-block\">\n<h2 class=\"wp-block-heading has-text-align-center with-empty-cart-icon wc-block-cart__empty-cart__title\">Your cart is currently empty!<\/h2>\n\n\n\n<hr class=\"wp-block-separator has-alpha-channel-opacity is-style-dots\"\/>\n\n\n\n<h2 class=\"wp-block-heading has-text-align-center\">New in store<\/h2>\n\n\n<div data-block-name=\"woocommerce\/product-new\" data-columns=\"4\" data-rows=\"1\" class=\"wc-block-grid wp-block-product-new wp-block-woocommerce-product-new wc-block-product-new has-4-columns\"><ul class=\"wc-block-grid__products\"><li class=\"wc-block-grid__product\">\n\t\t\t\t<a href=\"https:\/\/solaroglo.com\/fr\/produit\/lampadaire-solaire-tout-en-un-sg723-300-unite-entierement-integree-panneau-180-led-60-w-ip65-copy-copy-copy-2\/\" class=\"wc-block-grid__product-link\">\n\t\t\t\t\t\n\t\t\t\t\t<div class=\"wc-block-grid__product-image\"><img fetchpriority=\"high\" decoding=\"async\" width=\"300\" height=\"300\" src=\"https:\/\/solaroglo.com\/wp-content\/uploads\/2025\/09\/SG725-100-All-In-One-Solar-Street-Light-2520-Lumen-300x300.png\" class=\"attachment-woocommerce_thumbnail size-woocommerce_thumbnail\" alt=\"SG725-100 All In One Solar Street Light 2520 Lumen\" srcset=\"https:\/\/solaroglo.com\/wp-content\/uploads\/2025\/09\/SG725-100-All-In-One-Solar-Street-Light-2520-Lumen-300x300.png 300w, https:\/\/solaroglo.com\/wp-content\/uploads\/2025\/09\/SG725-100-All-In-One-Solar-Street-Light-2520-Lumen-150x150.png 150w, https:\/\/solaroglo.com\/wp-content\/uploads\/2025\/09\/SG725-100-All-In-One-Solar-Street-Light-2520-Lumen-100x100.png 100w, https:\/\/solaroglo.com\/wp-content\/uploads\/2025\/09\/SG725-100-All-In-One-Solar-Street-Light-2520-Lumen.png 600w\" sizes=\"(max-width: 300px) 100vw, 300px\" \/><\/div>\n\t\t\t\t\t<div class=\"wc-block-grid__product-title\">Lampadaire solaire tout-en-un SG723-300, unit\u00e9 enti\u00e8rement int\u00e9gr\u00e9e, panneau 180 LED 60 W, IP65 (Copy) (Copy) (Copy)<\/div>\n\t\t\t\t<\/a>\n\t\t\t\t<div class=\"wc-block-grid__product-price price\"><span class=\"woocommerce-Price-amount amount\"><span class=\"woocommerce-Price-currencySymbol\">&#036;<\/span>23.85<\/span><\/div>\n\t\t\t\t\n\t\t\t\t<div class=\"wp-block-button wc-block-grid__product-add-to-cart\"><a href=\"\/fr\/wp-json\/wp\/v2\/pages\/5921?add-to-cart=8260\" aria-label=\"Ajouter au panier\u00a0: &ldquo;Lampadaire solaire tout-en-un SG723-300, unit\u00e9 enti\u00e8rement int\u00e9gr\u00e9e, panneau 180 LED 60 W, IP65 (Copy) (Copy) (Copy)&rdquo;\" data-quantity=\"1\" data-product_id=\"8260\" data-product_sku=\"\" data-price=\"23.85\" rel=\"nofollow\" class=\"wp-block-button__link  add_to_cart_button ajax_add_to_cart\">Ajouter au panier<\/a><\/div>\n\t\t\t<\/li><li class=\"wc-block-grid__product\">\n\t\t\t\t<a href=\"https:\/\/solaroglo.com\/fr\/produit\/lampadaire-solaire-sg719-300-controle-intelligent-led-haute-efficacite-pour-projets-copy-copy-copy\/\" class=\"wc-block-grid__product-link\">\n\t\t\t\t\t\n\t\t\t\t\t<div class=\"wc-block-grid__product-image\"><img decoding=\"async\" width=\"300\" height=\"300\" src=\"https:\/\/solaroglo.com\/wp-content\/uploads\/2025\/06\/SG606-Sloar-LED-Flood-Light-ABS-Outdoor-Courtyard-Path-300x300.png\" class=\"attachment-woocommerce_thumbnail size-woocommerce_thumbnail\" alt=\"SG606 Sloar LED Flood Light ABS Outdoor Courtyard Path\" srcset=\"https:\/\/solaroglo.com\/wp-content\/uploads\/2025\/06\/SG606-Sloar-LED-Flood-Light-ABS-Outdoor-Courtyard-Path-300x300.png 300w, https:\/\/solaroglo.com\/wp-content\/uploads\/2025\/06\/SG606-Sloar-LED-Flood-Light-ABS-Outdoor-Courtyard-Path-100x100.png 100w, https:\/\/solaroglo.com\/wp-content\/uploads\/2025\/06\/SG606-Sloar-LED-Flood-Light-ABS-Outdoor-Courtyard-Path-150x150.png 150w, https:\/\/solaroglo.com\/wp-content\/uploads\/2025\/06\/SG606-Sloar-LED-Flood-Light-ABS-Outdoor-Courtyard-Path.png 600w\" sizes=\"(max-width: 300px) 100vw, 300px\" \/><\/div>\n\t\t\t\t\t<div class=\"wc-block-grid__product-title\">Lampadaire solaire SG719-300 &#8211; Contr\u00f4le intelligent LED haute efficacit\u00e9 pour projets (Copy) (Copy) (Copy)<\/div>\n\t\t\t\t<\/a>\n\t\t\t\t<div class=\"wc-block-grid__product-price price\"><span class=\"woocommerce-Price-amount amount\"><span class=\"woocommerce-Price-currencySymbol\">&#036;<\/span>4.85<\/span><\/div>\n\t\t\t\t\n\t\t\t\t<div class=\"wp-block-button wc-block-grid__product-add-to-cart\"><a href=\"\/fr\/wp-json\/wp\/v2\/pages\/5921?add-to-cart=7511\" aria-label=\"Ajouter au panier\u00a0: &ldquo;Lampadaire solaire SG719-300 - Contr\u00f4le intelligent LED haute efficacit\u00e9 pour projets (Copy) (Copy) (Copy)&rdquo;\" data-quantity=\"1\" data-product_id=\"7511\" data-product_sku=\"\" data-price=\"4.85\" rel=\"nofollow\" class=\"wp-block-button__link  add_to_cart_button ajax_add_to_cart\">Ajouter au panier<\/a><\/div>\n\t\t\t<\/li><li class=\"wc-block-grid__product\">\n\t\t\t\t<a href=\"https:\/\/solaroglo.com\/fr\/produit\/lampadaire-solaire-sg719-300-controle-intelligent-led-haute-efficacite-pour-projets-copy-copy\/\" class=\"wc-block-grid__product-link\">\n\t\t\t\t\t\n\t\t\t\t\t<div class=\"wc-block-grid__product-image\"><img decoding=\"async\" width=\"300\" height=\"300\" src=\"https:\/\/solaroglo.com\/wp-content\/uploads\/2025\/06\/SG719-400-Solar-Street-Light-\u2013-All-Night-Lighting-for-Roads-300x300.jpg\" class=\"attachment-woocommerce_thumbnail size-woocommerce_thumbnail\" alt=\"SG719-400 Solar Street Light \u2013 All-Night Lighting for Roads\" srcset=\"https:\/\/solaroglo.com\/wp-content\/uploads\/2025\/06\/SG719-400-Solar-Street-Light-\u2013-All-Night-Lighting-for-Roads-300x300.jpg 300w, https:\/\/solaroglo.com\/wp-content\/uploads\/2025\/06\/SG719-400-Solar-Street-Light-\u2013-All-Night-Lighting-for-Roads-100x100.jpg 100w, https:\/\/solaroglo.com\/wp-content\/uploads\/2025\/06\/SG719-400-Solar-Street-Light-\u2013-All-Night-Lighting-for-Roads-150x150.jpg 150w, https:\/\/solaroglo.com\/wp-content\/uploads\/2025\/06\/SG719-400-Solar-Street-Light-\u2013-All-Night-Lighting-for-Roads.jpg 600w\" sizes=\"(max-width: 300px) 100vw, 300px\" \/><\/div>\n\t\t\t\t\t<div class=\"wc-block-grid__product-title\">Lampadaire solaire SG719-300 &#8211; Contr\u00f4le intelligent LED haute efficacit\u00e9 pour projets (Copy) (Copy)<\/div>\n\t\t\t\t<\/a>\n\t\t\t\t<div class=\"wc-block-grid__product-price price\"><span class=\"woocommerce-Price-amount amount\"><span class=\"woocommerce-Price-currencySymbol\">&#036;<\/span>53.84<\/span><\/div>\n\t\t\t\t\n\t\t\t\t<div class=\"wp-block-button wc-block-grid__product-add-to-cart\"><a href=\"\/fr\/wp-json\/wp\/v2\/pages\/5921?add-to-cart=7500\" aria-label=\"Ajouter au panier\u00a0: &ldquo;Lampadaire solaire SG719-300 - Contr\u00f4le intelligent LED haute efficacit\u00e9 pour projets (Copy) (Copy)&rdquo;\" data-quantity=\"1\" data-product_id=\"7500\" data-product_sku=\"\" data-price=\"53.84\" rel=\"nofollow\" class=\"wp-block-button__link  add_to_cart_button ajax_add_to_cart\">Ajouter au panier<\/a><\/div>\n\t\t\t<\/li><li class=\"wc-block-grid__product\">\n\t\t\t\t<a href=\"https:\/\/solaroglo.com\/fr\/produit\/lampadaire-solaire-sg719-300-controle-intelligent-led-haute-efficacite-pour-projets-copy\/\" class=\"wc-block-grid__product-link\">\n\t\t\t\t\t\n\t\t\t\t\t<div class=\"wc-block-grid__product-image\"><img loading=\"lazy\" decoding=\"async\" width=\"300\" height=\"300\" src=\"https:\/\/solaroglo.com\/wp-content\/uploads\/2025\/06\/SG719-400-Solar-Street-Light-\u2013-All-Night-Lighting-for-Roads-Parks-and-Pathways-300x300.jpg\" class=\"attachment-woocommerce_thumbnail size-woocommerce_thumbnail\" alt=\"SG719-400 Solar Street Light \u2013 All-Night Lighting for Roads, Parks, and Pathways\" srcset=\"https:\/\/solaroglo.com\/wp-content\/uploads\/2025\/06\/SG719-400-Solar-Street-Light-\u2013-All-Night-Lighting-for-Roads-Parks-and-Pathways-300x300.jpg 300w, https:\/\/solaroglo.com\/wp-content\/uploads\/2025\/06\/SG719-400-Solar-Street-Light-\u2013-All-Night-Lighting-for-Roads-Parks-and-Pathways-100x100.jpg 100w, https:\/\/solaroglo.com\/wp-content\/uploads\/2025\/06\/SG719-400-Solar-Street-Light-\u2013-All-Night-Lighting-for-Roads-Parks-and-Pathways-150x150.jpg 150w, https:\/\/solaroglo.com\/wp-content\/uploads\/2025\/06\/SG719-400-Solar-Street-Light-\u2013-All-Night-Lighting-for-Roads-Parks-and-Pathways.jpg 600w\" sizes=\"(max-width: 300px) 100vw, 300px\" \/><\/div>\n\t\t\t\t\t<div class=\"wc-block-grid__product-title\">Lampadaire solaire SG719-300 &#8211; Contr\u00f4le intelligent LED haute efficacit\u00e9 pour projets (Copy)<\/div>\n\t\t\t\t<\/a>\n\t\t\t\t<div class=\"wc-block-grid__product-price price\"><span class=\"woocommerce-Price-amount amount\"><span class=\"woocommerce-Price-currencySymbol\">&#036;<\/span>41.53<\/span><\/div>\n\t\t\t\t\n\t\t\t\t<div class=\"wp-block-button wc-block-grid__product-add-to-cart\"><a href=\"\/fr\/wp-json\/wp\/v2\/pages\/5921?add-to-cart=7458\" aria-label=\"Ajouter au panier\u00a0: &ldquo;Lampadaire solaire SG719-300 - Contr\u00f4le intelligent LED haute efficacit\u00e9 pour projets (Copy)&rdquo;\" data-quantity=\"1\" data-product_id=\"7458\" data-product_sku=\"\" data-price=\"41.53\" rel=\"nofollow\" class=\"wp-block-button__link  add_to_cart_button ajax_add_to_cart\">Ajouter au panier<\/a><\/div>\n\t\t\t<\/li><\/ul><\/div><\/div>\n<\/div>\n","protected":false},"excerpt":{"rendered":"","protected":false},"author":1,"featured_media":0,"parent":0,"menu_order":0,"comment_status":"closed","ping_status":"closed","template":"","meta":{"footnotes":""},"class_list":["post-5921","page","type-page","status-publish","hentry"],"_links":{"self":[{"href":"https:\/\/solaroglo.com\/fr\/wp-json\/wp\/v2\/pages\/5921","targetHints":{"allow":["GET"]}}],"collection":[{"href":"https:\/\/solaroglo.com\/fr\/wp-json\/wp\/v2\/pages"}],"about":[{"href":"https:\/\/solaroglo.com\/fr\/wp-json\/wp\/v2\/types\/page"}],"author":[{"embeddable":true,"href":"https:\/\/solaroglo.com\/fr\/wp-json\/wp\/v2\/users\/1"}],"replies":[{"embeddable":true,"href":"https:\/\/solaroglo.com\/fr\/wp-json\/wp\/v2\/comments?post=5921"}],"version-history":[{"count":0,"href":"https:\/\/solaroglo.com\/fr\/wp-json\/wp\/v2\/pages\/5921\/revisions"}],"wp:attachment":[{"href":"https:\/\/solaroglo.com\/fr\/wp-json\/wp\/v2\/media?parent=5921"}],"curies":[{"name":"wp","href":"https:\/\/api.w.org\/{rel}","templated":true}]}}