{"id":7499,"date":"2025-06-14T08:46:54","date_gmt":"2025-06-14T07:46:54","guid":{"rendered":"https:\/\/solaroglo.com\/?post_type=product&#038;p=7499"},"modified":"2025-06-14T08:59:19","modified_gmt":"2025-06-14T07:59:19","slug":"farola-solar-sg723-300-todo-en-uno-unidad-totalmente-integrada-panel-de-180-led-y-60-w-ip65-copy-copy-copy-copy-copy","status":"publish","type":"product","link":"https:\/\/solaroglo.com\/es\/producto\/farola-solar-sg723-300-todo-en-uno-unidad-totalmente-integrada-panel-de-180-led-y-60-w-ip65-copy-copy-copy-copy-copy\/","title":{"rendered":"Farola solar SG723-300 todo en uno, unidad totalmente integrada, panel de 180 LED y 60 W, IP65 (Copy) (Copy) (Copy) (Copy) (Copy)"},"content":{"rendered":"<h2>Introducci\u00f3n<\/h2>\n<p class=\"whitespace-normal\">La <a href=\"https:\/\/solaroglo.com\/all-in-one-solar-street-light\/\">farola solar todo en uno<\/a> SG723-300 combina un panel solar, una bater\u00eda y 180 luces LED en una sola unidad compacta. Este dise\u00f1o integrado elimina la instalaci\u00f3n compleja y al mismo tiempo ofrece una iluminaci\u00f3n potente sin costos de electricidad ni requisitos de cableado.<\/p>\n<p class=\"whitespace-normal\">Con detecci\u00f3n de movimiento inteligente y sensores de luz autom\u00e1ticos, el sistema maximiza la eficiencia energ\u00e9tica ajustando el brillo seg\u00fan la actividad circundante. Esta tecnolog\u00eda inteligente proporciona m\u00e1s de 12 horas de iluminaci\u00f3n confiable cada noche, exactamente cu\u00e1ndo y d\u00f3nde se necesita.<\/p>\n<p class=\"whitespace-normal\">Fabricadas con aluminio duradero y protecci\u00f3n clim\u00e1tica IP65, estas luces solares funcionan de manera confiable en diversos entornos al aire libre. Esta soluci\u00f3n de iluminaci\u00f3n vers\u00e1til sirve para m\u00faltiples aplicaciones, desde calles residenciales hasta propiedades comerciales, parques y \u00e1reas de estacionamiento, brind\u00e1ndole una opci\u00f3n efectiva y sustentable para sus necesidades de iluminaci\u00f3n espec\u00edficas.<\/p>\n<h2 class=\"detail_h2\">Par\u00e1metros t\u00e9cnicos<\/h2>\n<ul>\n<li class=\"whitespace-normal break-words\">Modelo: SG723-300<\/li>\n<li class=\"whitespace-normal break-words\">Temperatura de color: 6500 K<\/li>\n<li class=\"whitespace-normal break-words\">Bater\u00eda de litio: bater\u00eda de fosfato de hierro y litio de 3,2 V\/50000 mA<\/li>\n<li class=\"whitespace-normal break-words\">Panel fotovoltaico: Silicio policristalino 6V\/60W<\/li>\n<li class=\"whitespace-normal break-words\">Tama\u00f1o del panel: 882 \u00d7 395 mm<\/li>\n<li class=\"whitespace-normal break-words\">Tama\u00f1o de la l\u00e1mpara: 887 \u00d7 400 \u00d7 280 mm<\/li>\n<li class=\"whitespace-normal break-words\">Configuraci\u00f3n de LED: 180 cuentas de l\u00e1mpara SMD 3030<\/li>\n<li class=\"whitespace-normal break-words\">Material: Perfil de aluminio + lente nano \u00f3ptica<\/li>\n<li class=\"whitespace-normal break-words\">Nivel de protecci\u00f3n: IP65<\/li>\n<li class=\"whitespace-normal break-words\">Funciones de control: Control de luz inteligente + inducci\u00f3n de radar + carga r\u00e1pida de flash<\/li>\n<li class=\"whitespace-normal break-words\">Duraci\u00f3n de la iluminaci\u00f3n: &gt;12 horas<\/li>\n<\/ul>\n<p>&nbsp;<\/p>\n<h2 class=\"detail_h2\">M\u00e1s modelos<\/h2>\n<div id=\"supsystic-table-2_19999\" class=\"supsystic-tables-wrap \" style=\" display: inline-block; width:auto; visibility: hidden; \" data-table-width-fixed=\"auto\" data-table-width-mobile=\"auto\" ><table id=\"supsystic-table-2\" class=\"supsystic-table lfixed compact paragraphMode border stripe hover lightboxImg no-border\" data-id=\"2\" data-view-id=\"2_19999\" data-title=\"SolarGlo-723 All-in-one Solar Street Light\" data-currency-format=\"$1,000.00\" data-percent-format=\"10.00%\" data-date-format=\"DD.MM.YYYY\" data-time-format=\"HH:mm\" data-features=\"[&quot;after_table_loaded_script&quot;]\" data-search-value=\"\" data-lfixed=\"1\" data-lightbox-img=\"\" data-head-rows-count=\"1\" data-pagination-length=\"50,100,All\" data-auto-index=\"off\" data-searching-settings=\"{&quot;columnSearchPosition&quot;:&quot;bottom&quot;,&quot;minChars&quot;:&quot;0&quot;}\" data-lang=\"default\" data-override=\"{&quot;emptyTable&quot;:&quot;&quot;,&quot;info&quot;:&quot;&quot;,&quot;infoEmpty&quot;:&quot;&quot;,&quot;infoFiltered&quot;:&quot;&quot;,&quot;lengthMenu&quot;:&quot;&quot;,&quot;search&quot;:&quot;&quot;,&quot;previous&quot;:&quot;&quot;,&quot;next&quot;:&quot;&quot;,&quot;zeroRecords&quot;:&quot;&quot;,&quot;exportLabel&quot;:&quot;&quot;,&quot;file&quot;:&quot;default&quot;}\" data-merged=\"[]\" data-responsive-mode=\"2\" data-from-history=\"0\" style=\"width:auto;\" ><thead><tr><th class=\"\" style=\"width:; padding: 0 !important;\"><\/th><th class=\"\" style=\"width:; padding: 0 !important;\"><\/th><th class=\"\" style=\"width:; padding: 0 !important;\"><\/th><th class=\"\" style=\"width:; padding: 0 !important;\"><\/th><th class=\"\" style=\"width:; padding: 0 !important;\"><\/th><th class=\"\" style=\"width:; padding: 0 !important;\"><\/th><th class=\"\" style=\"width:; padding: 0 !important;\"><\/th><th class=\"\" style=\"width:; padding: 0 !important;\"><\/th><\/tr><\/thead><tbody><tr style=\"height:51px\" ><td data-cell-id=\"A1\" data-x=\"0\" data-y=\"1\" data-db-index=\"1\" class=\"htMiddle color-ffffff bg-2195f3 bold fsize-14 htLeft\" data-cell-type=\"text\" data-original-value=\"Model\" data-order=\"Model\" >Model <\/td><td data-cell-id=\"B1\" data-x=\"1\" data-y=\"1\" data-db-index=\"1\" class=\"htMiddle color-ffffff bg-2195f3 bold fsize-14 htLeft\" data-cell-type=\"text\" data-original-value=\"Material\" data-order=\"Material\" >Material <\/td><td data-cell-id=\"C1\" data-x=\"2\" data-y=\"1\" data-db-index=\"1\" class=\"htMiddle color-ffffff bg-2195f3 bold fsize-14 htLeft\" data-cell-type=\"text\" data-original-value=\"Temperature\" data-order=\"Temperature\" >Temperature <\/td><td data-cell-id=\"D1\" data-x=\"3\" data-y=\"1\" data-db-index=\"1\" class=\"htMiddle color-ffffff bg-2195f3 bold fsize-14 htLeft\" data-cell-type=\"text\" data-original-value=\"Light Source\" data-order=\"Light Source\" >Light Source <\/td><td data-cell-id=\"E1\" data-x=\"4\" data-y=\"1\" data-db-index=\"1\" class=\"htMiddle color-ffffff bg-2195f3 bold fsize-14 htLeft\" data-cell-type=\"text\" data-original-value=\"Lithium Battery\" data-order=\"Lithium Battery\" >Lithium Battery <\/td><td data-cell-id=\"F1\" data-x=\"5\" data-y=\"1\" data-db-index=\"1\" class=\"htMiddle color-ffffff bg-2195f3 bold fsize-14 htLeft\" data-cell-type=\"text\" data-original-value=\"Solar Panel\" data-order=\"Solar Panel\" >Solar Panel <\/td><td data-cell-id=\"G1\" data-x=\"6\" data-y=\"1\" data-db-index=\"1\" class=\"htMiddle color-ffffff bg-2195f3 bold fsize-14 htLeft\" data-cell-type=\"text\" data-original-value=\"Solar Panel Size(mm)\" data-order=\"Solar Panel Size(mm)\" >Solar Panel Size(mm) <\/td><td data-cell-id=\"H1\" data-x=\"7\" data-y=\"1\" data-db-index=\"1\" class=\"htMiddle color-ffffff bg-2195f3 bold fsize-14 htLeft\" data-cell-type=\"text\" data-original-value=\"Lamp Size (mm)\" data-order=\"Lamp Size (mm)\" >Lamp Size (mm) <\/td><\/tr><tr style=\"height:px\" ><td data-cell-id=\"A2\" data-x=\"0\" data-y=\"2\" data-db-index=\"2\" class=\"htMiddle fsize-14 htLeft\" data-cell-type=\"text\" data-original-value=\"&lt;a href=&quot;https:\/\/solaroglo.com\/product\/sg723-300-all-in-one-solar-street-light\/&quot; target=&quot;_self&quot;&gt;SG723-300&lt;\/a&gt;\" data-order=\"&lt;a href=&quot;https:\/\/solaroglo.com\/product\/sg723-300-all-in-one-solar-street-light\/&quot; target=&quot;_self&quot;&gt;SG723-300&lt;\/a&gt;\" ><a href=\"https:\/\/solaroglo.com\/product\/sg723-300-all-in-one-solar-street-light\/\" target=\"_self\">SG723-300<\/a><\/td><td data-cell-id=\"B2\" data-x=\"1\" data-y=\"2\" data-db-index=\"2\" class=\"htMiddle fsize-14 htLeft\" data-cell-type=\"text\" data-original-value=\"Profile aluminum + nano optical lens\" data-order=\"Profile aluminum + nano optical lens\" >Profile aluminum + nano optical lens <\/td><td data-cell-id=\"C2\" data-x=\"2\" data-y=\"2\" data-db-index=\"2\" class=\"htMiddle fsize-14 htLeft\" data-cell-type=\"text\" data-original-value=\"6500K\" data-order=\"6500K\" >6500K <\/td><td data-cell-id=\"D2\" data-x=\"3\" data-y=\"2\" data-db-index=\"2\" class=\"htMiddle fsize-14 htLeft\" data-cell-type=\"text\" data-original-value=\"3030\/180PCS\" data-order=\"3030\/180PCS\" >3030\/180PCS <\/td><td data-cell-id=\"E2\" data-x=\"4\" data-y=\"2\" data-db-index=\"2\" class=\"htMiddle fsize-14 htLeft\" data-cell-type=\"text\" data-original-value=\"3.2V\/50000MA\" data-order=\"3.2V\/50000MA\" >3.2V\/50000MA <\/td><td data-cell-id=\"F2\" data-x=\"5\" data-y=\"2\" data-db-index=\"2\" class=\"htMiddle fsize-14 htLeft\" data-cell-type=\"text\" data-original-value=\"6V\/60W\" data-order=\"6V\/60W\" >6V\/60W <\/td><td data-cell-id=\"G2\" data-x=\"6\" data-y=\"2\" data-db-index=\"2\" class=\"htMiddle fsize-14 htLeft\" data-cell-type=\"text\" data-original-value=\"882*395\" data-order=\"882*395\" >882*395 <\/td><td data-cell-id=\"H2\" data-x=\"7\" data-y=\"2\" data-db-index=\"2\" class=\"htMiddle fsize-14 htLeft\" data-cell-type=\"text\" data-original-value=\"887*400*280\" data-order=\"887*400*280\" >887*400*280 <\/td><\/tr><tr style=\"height:px\" ><td data-cell-id=\"A3\" data-x=\"0\" data-y=\"3\" data-db-index=\"3\" class=\"htMiddle fsize-14 htLeft\" data-cell-type=\"text\" data-original-value=\"&lt;a href=&quot;https:\/\/solaroglo.com\/product\/sg723-400-all-in-one-solar-street-light\/&quot; target=&quot;_self&quot;&gt;SG723-400&lt;\/a&gt;\" data-order=\"&lt;a href=&quot;https:\/\/solaroglo.com\/product\/sg723-400-all-in-one-solar-street-light\/&quot; target=&quot;_self&quot;&gt;SG723-400&lt;\/a&gt;\" ><a href=\"https:\/\/solaroglo.com\/product\/sg723-400-all-in-one-solar-street-light\/\" target=\"_self\">SG723-400<\/a><\/td><td data-cell-id=\"B3\" data-x=\"1\" data-y=\"3\" data-db-index=\"3\" class=\"htMiddle fsize-14 htLeft\" data-cell-type=\"text\" data-original-value=\"Profile aluminum + nano optical lens\" data-order=\"Profile aluminum + nano optical lens\" >Profile aluminum + nano optical lens <\/td><td data-cell-id=\"C3\" data-x=\"2\" data-y=\"3\" data-db-index=\"3\" class=\"htMiddle fsize-14 htLeft\" data-cell-type=\"text\" data-original-value=\"6500K\" data-order=\"6500K\" >6500K <\/td><td data-cell-id=\"D3\" data-x=\"3\" data-y=\"3\" data-db-index=\"3\" class=\"htMiddle fsize-14 htLeft\" data-cell-type=\"text\" data-original-value=\"3030\/240PCS\" data-order=\"3030\/240PCS\" >3030\/240PCS <\/td><td data-cell-id=\"E3\" data-x=\"4\" data-y=\"3\" data-db-index=\"3\" class=\"htMiddle fsize-14 htLeft\" data-cell-type=\"text\" data-original-value=\"3.2V\/60000MA\" data-order=\"3.2V\/60000MA\" >3.2V\/60000MA <\/td><td data-cell-id=\"F3\" data-x=\"5\" data-y=\"3\" data-db-index=\"3\" class=\"htMiddle fsize-14 htLeft\" data-cell-type=\"text\" data-original-value=\"6V\/80W\" data-order=\"6V\/80W\" >6V\/80W <\/td><td data-cell-id=\"G3\" data-x=\"6\" data-y=\"3\" data-db-index=\"3\" class=\"htMiddle fsize-14 htLeft\" data-cell-type=\"text\" data-original-value=\"1160*395\" data-order=\"1160*395\" >1160*395 <\/td><td data-cell-id=\"H3\" data-x=\"7\" data-y=\"3\" data-db-index=\"3\" class=\"htMiddle fsize-14 htLeft\" data-cell-type=\"text\" data-original-value=\"887*400*280\" data-order=\"887*400*280\" >887*400*280 <\/td><\/tr><tr style=\"height:px\" ><td data-cell-id=\"A4\" data-x=\"0\" data-y=\"4\" data-db-index=\"4\" class=\"htMiddle fsize-14 htLeft\" data-cell-type=\"text\" data-original-value=\"&lt;a href=&quot;https:\/\/solaroglo.com\/product\/municipal-roads-sg723-500-all-in-one-solar-street-light\/&quot; target=&quot;_self&quot;&gt;SG723-500&lt;\/a&gt;\" data-order=\"&lt;a href=&quot;https:\/\/solaroglo.com\/product\/municipal-roads-sg723-500-all-in-one-solar-street-light\/&quot; target=&quot;_self&quot;&gt;SG723-500&lt;\/a&gt;\" ><a href=\"https:\/\/solaroglo.com\/product\/municipal-roads-sg723-500-all-in-one-solar-street-light\/\" target=\"_self\">SG723-500<\/a><\/td><td data-cell-id=\"B4\" data-x=\"1\" data-y=\"4\" data-db-index=\"4\" class=\"htMiddle fsize-14 htLeft\" data-cell-type=\"text\" data-original-value=\"Profile aluminum + nano optical lens\" data-order=\"Profile aluminum + nano optical lens\" >Profile aluminum + nano optical lens <\/td><td data-cell-id=\"C4\" data-x=\"2\" data-y=\"4\" data-db-index=\"4\" class=\"htMiddle fsize-14 htLeft\" data-cell-type=\"text\" data-original-value=\"6500K\" data-order=\"6500K\" >6500K <\/td><td data-cell-id=\"D4\" data-x=\"3\" data-y=\"4\" data-db-index=\"4\" class=\"htMiddle fsize-14 htLeft\" data-cell-type=\"text\" data-original-value=\"3030\/300PCS\" data-order=\"3030\/300PCS\" >3030\/300PCS <\/td><td data-cell-id=\"E4\" data-x=\"4\" data-y=\"4\" data-db-index=\"4\" class=\"htMiddle fsize-14 htLeft\" data-cell-type=\"text\" data-original-value=\"3.2V\/80000MA\" data-order=\"3.2V\/80000MA\" >3.2V\/80000MA <\/td><td data-cell-id=\"F4\" data-x=\"5\" data-y=\"4\" data-db-index=\"4\" class=\"htMiddle fsize-14 htLeft\" data-cell-type=\"text\" data-original-value=\"6V\/100W\" data-order=\"6V\/100W\" >6V\/100W <\/td><td data-cell-id=\"G4\" data-x=\"6\" data-y=\"4\" data-db-index=\"4\" class=\"htMiddle fsize-14 htLeft\" data-cell-type=\"text\" data-original-value=\"1430*395\" data-order=\"1430*395\" >1430*395 <\/td><td data-cell-id=\"H4\" data-x=\"7\" data-y=\"4\" data-db-index=\"4\" class=\"htMiddle fsize-14 htLeft\" data-cell-type=\"text\" data-original-value=\"887*400*280\" data-order=\"887*400*280\" >887*400*280 <\/td><\/tr><\/tbody><\/table><!-- \/#supsystic-table-2.supsystic-table --><\/div><!-- \/.supsystic-tables-wrap --><!-- Tables Generator by Supsystic --><!-- Version:1.10.46 --><!-- http:\/\/supsystic.com\/ -->\n<p>&nbsp;<\/p>\n<h2 class=\"detail_h2\">Aplicaci\u00f3n pr\u00e1ctica<\/h2>\n<p data-pm-slice=\"1 1 []\">Con su instalaci\u00f3n conveniente, construcci\u00f3n duradera y controles de iluminaci\u00f3n inteligentes, la farola solar todo en uno SG723 brinda iluminaci\u00f3n de calidad profesional al tiempo que maximiza la eficiencia energ\u00e9tica y minimiza el impacto ambiental. Es ideal para programas de iluminaci\u00f3n ambiental de alta calidad en diversos entornos:<\/p>\n<ul>\n<li class=\"whitespace-normal break-words\"><strong>Proyectos de carreteras municipales:<\/strong> cumple con rigurosos est\u00e1ndares con protecci\u00f3n anticorrosi\u00f3n C4H de grado marino y clasificaci\u00f3n de impermeabilidad IP65<\/li>\n<li class=\"whitespace-normal break-words\"><strong>Fincas privadas:<\/strong> el sensor de radar inteligente con tres funciones de atenuaci\u00f3n proporciona iluminaci\u00f3n personalizable<\/li>\n<li class=\"whitespace-normal break-words\"><strong>Parques y plazas de la ciudad:<\/strong> se instalan f\u00e1cilmente a alturas de 6 a 10 metros para una cobertura \u00f3ptima.<\/li>\n<li class=\"whitespace-normal break-words\"><strong>Muelles grandes: <\/strong>resiste entornos marinos hostiles y al mismo tiempo ofrece una iluminaci\u00f3n confiable<\/li>\n<li class=\"whitespace-normal break-words\"><strong>\u00c1reas comerciales: <\/strong>la mochila con bater\u00eda de litio reemplazable extiende la vida \u00fatil y reduce los costos de mantenimiento<\/li>\n<\/ul>\n","protected":false},"excerpt":{"rendered":"<ul>\n<li class=\"whitespace-normal\"><strong>Brillo superior:<\/strong> 180 luces LED que brindan una iluminaci\u00f3n brillante con calidad de luz diurna con una cobertura excelente para una m\u00e1xima visibilidad.<\/li>\n<li class=\"whitespace-normal\"><strong>Energ\u00eda duradera:<\/strong> la bater\u00eda potente y el panel solar eficiente brindan m\u00e1s de 12 horas de iluminaci\u00f3n con una sola carga del d\u00eda.<\/li>\n<li class=\"whitespace-normal\"><strong>Operaci\u00f3n inteligente:<\/strong> el sistema de control de luz inteligente con detecci\u00f3n de movimiento ajusta autom\u00e1ticamente el brillo seg\u00fan las condiciones circundantes.<\/li>\n<li class=\"whitespace-normal\"><strong>Durabilidad para todo clima:<\/strong> Construcci\u00f3n de aluminio resistente con protecci\u00f3n de alto nivel contra el polvo y el agua para un rendimiento confiable durante todo el a\u00f1o.<\/li>\n<\/ul>\n","protected":false},"featured_media":7484,"comment_status":"open","ping_status":"closed","template":"","meta":[],"product_brand":[],"product_cat":[102],"product_tag":[],"class_list":{"0":"post-7499","1":"product","2":"type-product","3":"status-publish","4":"has-post-thumbnail","6":"product_cat-farola-solar","8":"first","9":"instock","10":"shipping-taxable","11":"purchasable","12":"product-type-simple"},"_links":{"self":[{"href":"https:\/\/solaroglo.com\/es\/wp-json\/wp\/v2\/product\/7499","targetHints":{"allow":["GET"]}}],"collection":[{"href":"https:\/\/solaroglo.com\/es\/wp-json\/wp\/v2\/product"}],"about":[{"href":"https:\/\/solaroglo.com\/es\/wp-json\/wp\/v2\/types\/product"}],"replies":[{"embeddable":true,"href":"https:\/\/solaroglo.com\/es\/wp-json\/wp\/v2\/comments?post=7499"}],"wp:featuredmedia":[{"embeddable":true,"href":"https:\/\/solaroglo.com\/es\/wp-json\/wp\/v2\/media\/7484"}],"wp:attachment":[{"href":"https:\/\/solaroglo.com\/es\/wp-json\/wp\/v2\/media?parent=7499"}],"wp:term":[{"taxonomy":"product_brand","embeddable":true,"href":"https:\/\/solaroglo.com\/es\/wp-json\/wp\/v2\/product_brand?post=7499"},{"taxonomy":"product_cat","embeddable":true,"href":"https:\/\/solaroglo.com\/es\/wp-json\/wp\/v2\/product_cat?post=7499"},{"taxonomy":"product_tag","embeddable":true,"href":"https:\/\/solaroglo.com\/es\/wp-json\/wp\/v2\/product_tag?post=7499"}],"curies":[{"name":"wp","href":"https:\/\/api.w.org\/{rel}","templated":true}]}}