{"id":7424,"date":"2025-06-07T09:33:10","date_gmt":"2025-06-07T08:33:10","guid":{"rendered":"https:\/\/solaroglo.com\/?post_type=product&#038;p=7424"},"modified":"2025-06-14T07:57:11","modified_gmt":"2025-06-14T06:57:11","slug":"farola-solar-sg723-300-todo-en-uno-unidad-totalmente-integrada-panel-de-180-led-y-60-w-ip65-copy-copy-copy","status":"publish","type":"product","link":"https:\/\/solaroglo.com\/es\/producto\/farola-solar-sg723-300-todo-en-uno-unidad-totalmente-integrada-panel-de-180-led-y-60-w-ip65-copy-copy-copy\/","title":{"rendered":"Farola solar SG719-300: control inteligente LED de alta eficiencia para proyectos"},"content":{"rendered":"<h2>Introducci\u00f3n<\/h2>\n<p class=\"whitespace-normal break-words\">El SG719-300 est\u00e1 dise\u00f1ado espec\u00edficamente para proyectos a gran escala e instalaciones comerciales. Combina una potente tecnolog\u00eda solar con un dise\u00f1o inteligente, con una bater\u00eda de litio de 50 Ah de larga duraci\u00f3n, un panel solar eficiente de 60 W y 50 luces LED brillantes que brindan una luz diurna n\u00edtida de 6500 K. Construido con una resistente construcci\u00f3n de aluminio y clasificaci\u00f3n de resistencia al agua IP65, incluye detecci\u00f3n de luz inteligente, control remoto y sincronizaci\u00f3n programable para un control completo.<\/p>\n<p class=\"whitespace-normal break-words\">Esta <a href=\"https:\/\/solaroglo.com\/solar-street-light-supplier\/\">farola solar<\/a> de calidad para proyectos funciona durante m\u00e1s de 12 horas con una sola carga y se recarga r\u00e1pidamente incluso en d\u00edas nublados. El dise\u00f1o resistente a la intemperie soporta condiciones adversas mientras que los controles inteligentes eliminan el cableado complicado. El panel solar de alta eficiencia captura la m\u00e1xima energ\u00eda y la construcci\u00f3n de calidad profesional garantiza a\u00f1os de funcionamiento confiable con necesidades m\u00ednimas de mantenimiento en m\u00faltiples unidades.<\/p>\n<p class=\"whitespace-normal break-words\">Ahorrar\u00e1 dinero en cada proyecto con instalaciones m\u00e1s r\u00e1pidas y pr\u00e1cticamente sin llamadas de mantenimiento. El rendimiento confiable significa clientes m\u00e1s felices y menos dolores de cabeza para usted. Adem\u00e1s, puede completar trabajos m\u00e1s r\u00e1pido y ofrecer a los clientes una soluci\u00f3n de iluminaci\u00f3n premium que funciona autom\u00e1ticamente, lo que mejora su reputaci\u00f3n y crea m\u00e1s oportunidades de negocios repetidos y referencias.<\/p>\n<h2 class=\"detail_h2\">Par\u00e1metros t\u00e9cnicos<\/h2>\n<ul>\n<li class=\"whitespace-normal break-words\">Modelo: SG719-300<\/li>\n<li class=\"whitespace-normal break-words\">Temperatura de color: 6500K<\/li>\n<li class=\"whitespace-normal break-words\">Bater\u00eda de litio: bater\u00eda de fosfato de hierro y litio de 3,2 V\/50000 mAh<\/li>\n<li class=\"whitespace-normal break-words\">Panel fotovoltaico: Silicio policristalino 5V\/60W<\/li>\n<li class=\"whitespace-normal break-words\">Panel solar: Tama\u00f1o: 670 \u00d7 630 \u00d7 25 mm<\/li>\n<li class=\"whitespace-normal break-words\">Tama\u00f1o de la l\u00e1mpara: 530 \u00d7 220 \u00d7 65 mm<\/li>\n<li class=\"whitespace-normal break-words\">Perlas de l\u00e1mpara SMD: 5054 perlas de l\u00e1mpara, 50 piezas<\/li>\n<li class=\"whitespace-normal break-words\">Material: Cuerpo de l\u00e1mpara de aluminio fundido a presi\u00f3n + m\u00e1scara de lente \u00f3ptica<\/li>\n<li class=\"whitespace-normal break-words\">Nivel de protecci\u00f3n: IP65<\/li>\n<li class=\"whitespace-normal break-words\">Control de funciones: Control de luz inteligente + control remoto + control de tiempo + carga ultrarr\u00e1pida<\/li>\n<li class=\"whitespace-normal break-words\">Tiempo de iluminaci\u00f3n: &gt;12 horas<\/li>\n<\/ul>\n<p>&nbsp;<\/p>\n<h2 class=\"detail_h2\">M\u00e1s modelos<\/h2>\n<div id=\"supsystic-table-3_24134\" class=\"supsystic-tables-wrap \" style=\" display: inline-block; width:auto; visibility: hidden; \" data-table-width-fixed=\"auto\" data-table-width-mobile=\"auto\" ><table id=\"supsystic-table-3\" class=\"supsystic-table lfixed compact paragraphMode border stripe hover lightboxImg no-border\" data-id=\"3\" data-view-id=\"3_24134\" data-title=\"SolarGlo-719 Solar Street Light\" data-currency-format=\"$1,000.00\" data-percent-format=\"10.00%\" data-date-format=\"DD.MM.YYYY\" data-time-format=\"HH:mm\" data-features=\"[&quot;after_table_loaded_script&quot;]\" data-search-value=\"\" data-lfixed=\"1\" data-lightbox-img=\"\" data-head-rows-count=\"1\" data-pagination-length=\"50,100,All\" data-auto-index=\"off\" data-searching-settings=\"{&quot;columnSearchPosition&quot;:&quot;bottom&quot;,&quot;minChars&quot;:&quot;0&quot;}\" data-lang=\"default\" data-override=\"{&quot;emptyTable&quot;:&quot;&quot;,&quot;info&quot;:&quot;&quot;,&quot;infoEmpty&quot;:&quot;&quot;,&quot;infoFiltered&quot;:&quot;&quot;,&quot;lengthMenu&quot;:&quot;&quot;,&quot;search&quot;:&quot;&quot;,&quot;previous&quot;:&quot;&quot;,&quot;next&quot;:&quot;&quot;,&quot;zeroRecords&quot;:&quot;&quot;,&quot;exportLabel&quot;:&quot;&quot;,&quot;file&quot;:&quot;default&quot;}\" data-merged=\"[]\" data-responsive-mode=\"2\" data-from-history=\"0\" style=\"width:auto;\" ><thead><tr><th class=\"\" style=\"width:; padding: 0 !important;\"><\/th><th class=\"\" style=\"width:; padding: 0 !important;\"><\/th><th class=\"\" style=\"width:; padding: 0 !important;\"><\/th><th class=\"\" style=\"width:; padding: 0 !important;\"><\/th><th class=\"\" style=\"width:; padding: 0 !important;\"><\/th><th class=\"\" style=\"width:; padding: 0 !important;\"><\/th><th class=\"\" style=\"width:; padding: 0 !important;\"><\/th><th class=\"\" style=\"width:; padding: 0 !important;\"><\/th><\/tr><\/thead><tbody><tr style=\"height:51px\" ><td data-cell-id=\"A1\" data-x=\"0\" data-y=\"1\" data-db-index=\"1\" class=\"htMiddle color-ffffff bg-2195f3 bold fsize-14 htLeft\" data-cell-type=\"text\" data-original-value=\"Model\" data-order=\"Model\" >Model <\/td><td data-cell-id=\"B1\" data-x=\"1\" data-y=\"1\" data-db-index=\"1\" class=\"htMiddle color-ffffff bg-2195f3 bold fsize-14 htLeft\" data-cell-type=\"text\" data-original-value=\"Material\" data-order=\"Material\" >Material <\/td><td data-cell-id=\"C1\" data-x=\"2\" data-y=\"1\" data-db-index=\"1\" class=\"htMiddle color-ffffff bg-2195f3 bold fsize-14 htLeft\" data-cell-type=\"text\" data-original-value=\"Temperature\" data-order=\"Temperature\" >Temperature <\/td><td data-cell-id=\"D1\" data-x=\"3\" data-y=\"1\" data-db-index=\"1\" class=\"htMiddle color-ffffff bg-2195f3 bold fsize-14 htLeft\" data-cell-type=\"text\" data-original-value=\"Light Source\" data-order=\"Light Source\" >Light Source <\/td><td data-cell-id=\"E1\" data-x=\"4\" data-y=\"1\" data-db-index=\"1\" class=\"htMiddle color-ffffff bg-2195f3 bold fsize-14 htLeft\" data-cell-type=\"text\" data-original-value=\"Lithium Battery\" data-order=\"Lithium Battery\" >Lithium Battery <\/td><td data-cell-id=\"F1\" data-x=\"5\" data-y=\"1\" data-db-index=\"1\" class=\"htMiddle color-ffffff bg-2195f3 bold fsize-14 htLeft\" data-cell-type=\"text\" data-original-value=\"Solar Panel\" data-order=\"Solar Panel\" >Solar Panel <\/td><td data-cell-id=\"G1\" data-x=\"6\" data-y=\"1\" data-db-index=\"1\" class=\"htMiddle color-ffffff bg-2195f3 bold fsize-14 htLeft\" data-cell-type=\"text\" data-original-value=\"Solar Panel Size(mm)\" data-order=\"Solar Panel Size(mm)\" >Solar Panel Size(mm) <\/td><td data-cell-id=\"H1\" data-x=\"7\" data-y=\"1\" data-db-index=\"1\" class=\"htMiddle color-ffffff bg-2195f3 bold fsize-14 htLeft\" data-cell-type=\"text\" data-original-value=\"Lamp Size (mm)\" data-order=\"Lamp Size (mm)\" >Lamp Size (mm) <\/td><\/tr><tr style=\"height:px\" ><td data-cell-id=\"A2\" data-x=\"0\" data-y=\"2\" data-db-index=\"2\" class=\"htMiddle fsize-14 htLeft\" data-cell-type=\"text\" data-original-value=\"&lt;a href=&quot;https:\/\/solaroglo.com\/product\/sg719-300-solar-street-light-for-projects\/&quot; target=&quot;_self&quot;&gt;SG719-300&lt;\/a&gt;\" data-order=\"&lt;a href=&quot;https:\/\/solaroglo.com\/product\/sg719-300-solar-street-light-for-projects\/&quot; target=&quot;_self&quot;&gt;SG719-300&lt;\/a&gt;\" ><a href=\"https:\/\/solaroglo.com\/product\/sg719-300-solar-street-light-for-projects\/\" target=\"_self\">SG719-300<\/a><\/td><td data-cell-id=\"B2\" data-x=\"1\" data-y=\"2\" data-db-index=\"2\" class=\"htMiddle fsize-14 htLeft\" data-cell-type=\"text\" data-original-value=\"Die-casting aluminum lamp body lamp body + optical lens mask\" data-order=\"Die-casting aluminum lamp body lamp body + optical lens mask\" >Die-casting aluminum lamp body lamp body + optical lens mask <\/td><td data-cell-id=\"C2\" data-x=\"2\" data-y=\"2\" data-db-index=\"2\" class=\"htMiddle fsize-14 htLeft\" data-cell-type=\"text\" data-original-value=\"6500K\" data-order=\"6500K\" >6500K <\/td><td data-cell-id=\"D2\" data-x=\"3\" data-y=\"2\" data-db-index=\"2\" class=\"htMiddle fsize-14 htLeft\" data-cell-type=\"text\" data-original-value=\"5054\/50PCS\" data-order=\"5054\/50PCS\" >5054\/50PCS <\/td><td data-cell-id=\"E2\" data-x=\"4\" data-y=\"2\" data-db-index=\"2\" class=\"htMiddle fsize-14 htLeft\" data-cell-type=\"text\" data-original-value=\"3.2V\/50000MA\" data-order=\"3.2V\/50000MA\" >3.2V\/50000MA <\/td><td data-cell-id=\"F2\" data-x=\"5\" data-y=\"2\" data-db-index=\"2\" class=\"htMiddle fsize-14 htLeft\" data-cell-type=\"text\" data-original-value=\"5V\/60W\" data-order=\"5V\/60W\" >5V\/60W <\/td><td data-cell-id=\"G2\" data-x=\"6\" data-y=\"2\" data-db-index=\"2\" class=\"htMiddle fsize-14 htLeft\" data-cell-type=\"text\" data-original-value=\"670*630*25\" data-order=\"670*630*25\" >670*630*25 <\/td><td data-cell-id=\"H2\" data-x=\"7\" data-y=\"2\" data-db-index=\"2\" class=\"htMiddle fsize-14 htLeft\" data-cell-type=\"text\" data-original-value=\"530*220*65\" data-order=\"530*220*65\" >530*220*65 <\/td><\/tr><tr style=\"height:px\" ><td data-cell-id=\"A3\" data-x=\"0\" data-y=\"3\" data-db-index=\"3\" class=\"htMiddle fsize-14 htLeft\" data-cell-type=\"text\" data-original-value=\"&lt;a href=&quot;https:\/\/solaroglo.com\/product\/sg719-400-solar-street-light-all-night-lighting-for-roads-parks-and-pathways\/&quot; target=&quot;_self&quot;&gt;SG719-400&lt;\/a&gt;\" data-order=\"&lt;a href=&quot;https:\/\/solaroglo.com\/product\/sg719-400-solar-street-light-all-night-lighting-for-roads-parks-and-pathways\/&quot; target=&quot;_self&quot;&gt;SG719-400&lt;\/a&gt;\" ><a href=\"https:\/\/solaroglo.com\/product\/sg719-400-solar-street-light-all-night-lighting-for-roads-parks-and-pathways\/\" target=\"_self\">SG719-400<\/a><\/td><td data-cell-id=\"B3\" data-x=\"1\" data-y=\"3\" data-db-index=\"3\" class=\"htMiddle fsize-14 htLeft\" data-cell-type=\"text\" data-original-value=\"Die-casting aluminum lamp body lamp body + optical lens mask\" data-order=\"Die-casting aluminum lamp body lamp body + optical lens mask\" >Die-casting aluminum lamp body lamp body + optical lens mask <\/td><td data-cell-id=\"C3\" data-x=\"2\" data-y=\"3\" data-db-index=\"3\" class=\"htMiddle fsize-14 htLeft\" data-cell-type=\"text\" data-original-value=\"6500K\" data-order=\"6500K\" >6500K <\/td><td data-cell-id=\"D3\" data-x=\"3\" data-y=\"3\" data-db-index=\"3\" class=\"htMiddle fsize-14 htLeft\" data-cell-type=\"text\" data-original-value=\"5054\/50PCS\" data-order=\"5054\/50PCS\" >5054\/50PCS <\/td><td data-cell-id=\"E3\" data-x=\"4\" data-y=\"3\" data-db-index=\"3\" class=\"htMiddle fsize-14 htLeft\" data-cell-type=\"text\" data-original-value=\"3.2V\/60000MA\" data-order=\"3.2V\/60000MA\" >3.2V\/60000MA <\/td><td data-cell-id=\"F3\" data-x=\"5\" data-y=\"3\" data-db-index=\"3\" class=\"htMiddle fsize-14 htLeft\" data-cell-type=\"text\" data-original-value=\"5V\/80W\" data-order=\"5V\/80W\" >5V\/80W <\/td><td data-cell-id=\"G3\" data-x=\"6\" data-y=\"3\" data-db-index=\"3\" class=\"htMiddle fsize-14 htLeft\" data-cell-type=\"text\" data-original-value=\"670*690*30\" data-order=\"670*690*30\" >670*690*30 <\/td><td data-cell-id=\"H3\" data-x=\"7\" data-y=\"3\" data-db-index=\"3\" class=\"htMiddle fsize-14 htLeft\" data-cell-type=\"text\" data-original-value=\"530*220*65\" data-order=\"530*220*65\" >530*220*65 <\/td><\/tr><tr style=\"height:px\" ><td data-cell-id=\"A4\" data-x=\"0\" data-y=\"4\" data-db-index=\"4\" class=\"htMiddle fsize-14 htLeft\" data-cell-type=\"text\" data-original-value=\"&lt;a href=&quot;https:\/\/solaroglo.com\/product\/sg719-500-solar-street-light-long-lasting-solution-for-rural-and-public-roads\/&quot; target=&quot;_self&quot;&gt;SG719-500&lt;\/a&gt;\" data-order=\"&lt;a href=&quot;https:\/\/solaroglo.com\/product\/sg719-500-solar-street-light-long-lasting-solution-for-rural-and-public-roads\/&quot; target=&quot;_self&quot;&gt;SG719-500&lt;\/a&gt;\" ><a href=\"https:\/\/solaroglo.com\/product\/sg719-500-solar-street-light-long-lasting-solution-for-rural-and-public-roads\/\" target=\"_self\">SG719-500<\/a><\/td><td data-cell-id=\"B4\" data-x=\"1\" data-y=\"4\" data-db-index=\"4\" class=\"htMiddle fsize-14 htLeft\" data-cell-type=\"text\" data-original-value=\"Die-casting aluminum lamp body lamp body + optical lens mask\" data-order=\"Die-casting aluminum lamp body lamp body + optical lens mask\" >Die-casting aluminum lamp body lamp body + optical lens mask <\/td><td data-cell-id=\"C4\" data-x=\"2\" data-y=\"4\" data-db-index=\"4\" class=\"htMiddle fsize-14 htLeft\" data-cell-type=\"text\" data-original-value=\"6500K\" data-order=\"6500K\" >6500K <\/td><td data-cell-id=\"D4\" data-x=\"3\" data-y=\"4\" data-db-index=\"4\" class=\"htMiddle fsize-14 htLeft\" data-cell-type=\"text\" data-original-value=\"5054\/50PCS\" data-order=\"5054\/50PCS\" >5054\/50PCS <\/td><td data-cell-id=\"E4\" data-x=\"4\" data-y=\"4\" data-db-index=\"4\" class=\"htMiddle fsize-14 htLeft\" data-cell-type=\"text\" data-original-value=\"3.2V\/80000MA\" data-order=\"3.2V\/80000MA\" >3.2V\/80000MA <\/td><td data-cell-id=\"F4\" data-x=\"5\" data-y=\"4\" data-db-index=\"4\" class=\"htMiddle fsize-14 htLeft\" data-cell-type=\"text\" data-original-value=\"5V\/100W\" data-order=\"5V\/100W\" >5V\/100W <\/td><td data-cell-id=\"G4\" data-x=\"6\" data-y=\"4\" data-db-index=\"4\" class=\"htMiddle fsize-14 htLeft\" data-cell-type=\"text\" data-original-value=\"670*1020*30\" data-order=\"670*1020*30\" >670*1020*30 <\/td><td data-cell-id=\"H4\" data-x=\"7\" data-y=\"4\" data-db-index=\"4\" class=\"htMiddle fsize-14 htLeft\" data-cell-type=\"text\" data-original-value=\"530*220*65\" data-order=\"530*220*65\" >530*220*65 <\/td><\/tr><\/tbody><\/table><!-- \/#supsystic-table-3.supsystic-table --><\/div><!-- \/.supsystic-tables-wrap --><!-- Tables Generator by Supsystic --><!-- Version:1.10.46 --><!-- http:\/\/supsystic.com\/ -->\n<p>&nbsp;<\/p>\n<h2 class=\"detail_h2\">Aplicaci\u00f3n pr\u00e1ctica<\/h2>\n<p data-pm-slice=\"1 1 []\">La farola solar de la serie SG719 est\u00e1 especialmente dise\u00f1ada para proyectos de construcci\u00f3n de iluminaci\u00f3n rural y de iluminaci\u00f3n de carreteras. Con brillo de alta calidad, excelente adaptabilidad y fuertes opciones de personalizaci\u00f3n, es la opci\u00f3n preferida para instalaciones masivas que requieren un rendimiento confiable.<\/p>\n<ul>\n<li class=\"whitespace-normal break-words\"><strong>Caminos rurales:<\/strong> Desarrollo de infraestructura rural<\/li>\n<li class=\"whitespace-normal break-words\"><strong>Proyectos de Carreteras:<\/strong> Iluminaci\u00f3n de corredores de tr\u00e1fico principales<\/li>\n<li class=\"whitespace-normal break-words\"><strong>Calles Municipales:<\/strong> Proyectos de desarrollo urbano<\/li>\n<li class=\"whitespace-normal break-words\"><strong>Acceso industrial:<\/strong> Iluminaci\u00f3n de complejos comerciales<\/li>\n<li class=\"whitespace-normal break-words\"><strong>\u00c1reas residenciales:<\/strong> Iluminaci\u00f3n de proyectos de vivienda<\/li>\n<li class=\"whitespace-normal break-words\"><strong>Mejoras de infraestructura:<\/strong> Proyectos de modernizaci\u00f3n de carreteras<\/li>\n<\/ul>\n<p>&nbsp;<\/p>\n<p><img fetchpriority=\"high\" decoding=\"async\" class=\"alignnone size-medium wp-image-2131\" src=\"https:\/\/solaroglo.com\/wp-content\/uploads\/2024\/09\/1-288x300.png\" alt=\"Farola solar SG719\" width=\"288\" height=\"300\" srcset=\"https:\/\/solaroglo.com\/wp-content\/uploads\/2024\/09\/1-288x300.png 288w, https:\/\/solaroglo.com\/wp-content\/uploads\/2024\/09\/1.png 470w\" sizes=\"(max-width: 288px) 100vw, 288px\" \/><\/p>\n","protected":false},"excerpt":{"rendered":"<ul>\n<li class=\"whitespace-normal break-words\"><strong>Autonom\u00eda extendida de m\u00e1s de 12 horas:<\/strong> la bater\u00eda de fosfato de hierro y litio de 50 Ah de alta capacidad garantiza una iluminaci\u00f3n confiable durante toda la noche para proyectos a gran escala.<\/li>\n<li class=\"whitespace-normal break-words\"><strong>Durabilidad de nivel profesional:<\/strong> clasificaci\u00f3n de impermeabilidad IP65 con construcci\u00f3n de aluminio fundido a presi\u00f3n dise\u00f1ada para condiciones clim\u00e1ticas adversas y requisitos de proyectos a largo plazo.<\/li>\n<li class=\"whitespace-normal break-words\"><strong>Sistema de control m\u00faltiple inteligente:<\/strong> detecci\u00f3n de luz inteligente, control remoto y programaci\u00f3n de tiempo para un funcionamiento flexible en m\u00faltiples sitios de instalaci\u00f3n.<\/li>\n<li class=\"whitespace-normal break-words\"><strong>Panel solar de alta eficiencia:<\/strong> el panel de silicio policristalino de 60 W con capacidad de carga r\u00e1pida maximiza la conversi\u00f3n de energ\u00eda para un rendimiento constante del proyecto.<\/li>\n<\/ul>\n","protected":false},"featured_media":7442,"comment_status":"open","ping_status":"closed","template":"","meta":[],"product_brand":[],"product_cat":[102],"product_tag":[],"class_list":{"0":"post-7424","1":"product","2":"type-product","3":"status-publish","4":"has-post-thumbnail","6":"product_cat-farola-solar","8":"first","9":"instock","10":"shipping-taxable","11":"purchasable","12":"product-type-simple"},"_links":{"self":[{"href":"https:\/\/solaroglo.com\/es\/wp-json\/wp\/v2\/product\/7424","targetHints":{"allow":["GET"]}}],"collection":[{"href":"https:\/\/solaroglo.com\/es\/wp-json\/wp\/v2\/product"}],"about":[{"href":"https:\/\/solaroglo.com\/es\/wp-json\/wp\/v2\/types\/product"}],"replies":[{"embeddable":true,"href":"https:\/\/solaroglo.com\/es\/wp-json\/wp\/v2\/comments?post=7424"}],"wp:featuredmedia":[{"embeddable":true,"href":"https:\/\/solaroglo.com\/es\/wp-json\/wp\/v2\/media\/7442"}],"wp:attachment":[{"href":"https:\/\/solaroglo.com\/es\/wp-json\/wp\/v2\/media?parent=7424"}],"wp:term":[{"taxonomy":"product_brand","embeddable":true,"href":"https:\/\/solaroglo.com\/es\/wp-json\/wp\/v2\/product_brand?post=7424"},{"taxonomy":"product_cat","embeddable":true,"href":"https:\/\/solaroglo.com\/es\/wp-json\/wp\/v2\/product_cat?post=7424"},{"taxonomy":"product_tag","embeddable":true,"href":"https:\/\/solaroglo.com\/es\/wp-json\/wp\/v2\/product_tag?post=7424"}],"curies":[{"name":"wp","href":"https:\/\/api.w.org\/{rel}","templated":true}]}}