{"id":3071,"date":"2024-02-04T10:08:29","date_gmt":"2024-02-04T10:08:29","guid":{"rendered":"https:\/\/solaroglo.com\/gracias\/"},"modified":"2024-10-03T13:20:12","modified_gmt":"2024-10-03T12:20:12","slug":"gracias","status":"publish","type":"page","link":"https:\/\/solaroglo.com\/es\/gracias\/","title":{"rendered":"Gracias"},"content":{"rendered":"\t\t<div data-elementor-type=\"wp-page\" data-elementor-id=\"3071\" class=\"elementor elementor-3071 elementor-538\" data-elementor-post-type=\"page\">\n\t\t\t\t<div class=\"elementor-element elementor-element-ddd4bc7 e-flex e-con-boxed e-con e-parent\" data-id=\"ddd4bc7\" data-element_type=\"container\" data-e-type=\"container\" data-settings=\"{&quot;background_background&quot;:&quot;classic&quot;,&quot;shape_divider_bottom&quot;:&quot;opacity-tilt&quot;}\">\n\t\t\t\t\t<div class=\"e-con-inner\">\n\t\t\t\t<div class=\"elementor-shape elementor-shape-bottom\" aria-hidden=\"true\" data-negative=\"false\">\n\t\t\t<svg xmlns=\"http:\/\/www.w3.org\/2000\/svg\" viewBox=\"0 0 2600 131.1\" preserveAspectRatio=\"none\">\n\t<path class=\"elementor-shape-fill\" d=\"M0 0L2600 0 2600 69.1 0 0z\"\/>\n\t<path class=\"elementor-shape-fill\" style=\"opacity:0.5\" d=\"M0 0L2600 0 2600 69.1 0 69.1z\"\/>\n\t<path class=\"elementor-shape-fill\" style=\"opacity:0.25\" d=\"M2600 0L0 0 0 130.1 2600 69.1z\"\/>\n<\/svg>\t\t<\/div>\n\t\t<div class=\"elementor-element elementor-element-841e6d9 e-flex e-con-boxed e-con e-child\" data-id=\"841e6d9\" data-element_type=\"container\" data-e-type=\"container\">\n\t\t\t\t\t<div class=\"e-con-inner\">\n\t\t\t\t<div class=\"elementor-element elementor-element-35725920 elementor-widget elementor-widget-heading\" data-id=\"35725920\" data-element_type=\"widget\" data-e-type=\"widget\" data-widget_type=\"heading.default\">\n\t\t\t\t<div class=\"elementor-widget-container\">\n\t\t\t\t\t<h1 class=\"elementor-heading-title elementor-size-default\">Gracias.<\/h1>\t\t\t\t<\/div>\n\t\t\t\t<\/div>\n\t\t\t\t<div class=\"elementor-element elementor-element-eb53af2 elementor-widget-divider--view-line elementor-widget elementor-widget-divider\" data-id=\"eb53af2\" data-element_type=\"widget\" data-e-type=\"widget\" data-widget_type=\"divider.default\">\n\t\t\t\t<div class=\"elementor-widget-container\">\n\t\t\t\t\t\t\t<div class=\"elementor-divider\">\n\t\t\t<span class=\"elementor-divider-separator\">\n\t\t\t\t\t\t<\/span>\n\t\t<\/div>\n\t\t\t\t\t\t<\/div>\n\t\t\t\t<\/div>\n\t\t\t\t\t<\/div>\n\t\t\t\t<\/div>\n\t\t\t\t\t<\/div>\n\t\t\t\t<\/div>\n\t\t<div class=\"elementor-element elementor-element-04cc571 e-flex e-con-boxed e-con e-parent\" data-id=\"04cc571\" data-element_type=\"container\" data-e-type=\"container\">\n\t\t\t\t\t<div class=\"e-con-inner\">\n\t\t<div class=\"elementor-element elementor-element-4004c3f e-con-full e-flex e-con e-child\" data-id=\"4004c3f\" data-element_type=\"container\" data-e-type=\"container\">\n\t\t\t\t<div class=\"elementor-element elementor-element-3e27581 elementor-widget elementor-widget-image\" data-id=\"3e27581\" data-element_type=\"widget\" data-e-type=\"widget\" data-widget_type=\"image.default\">\n\t\t\t\t<div class=\"elementor-widget-container\">\n\t\t\t\t\t\t\t\t\t\t\t\t\t\t\t<img fetchpriority=\"high\" decoding=\"async\" width=\"800\" height=\"800\" src=\"https:\/\/solaroglo.com\/wp-content\/uploads\/2024\/02\/5939065-1024x1024.jpg\" class=\"attachment-large size-large wp-image-2546\" alt=\"\" srcset=\"https:\/\/solaroglo.com\/wp-content\/uploads\/2024\/02\/5939065-1024x1024.jpg 1024w, https:\/\/solaroglo.com\/wp-content\/uploads\/2024\/02\/5939065-300x300.jpg 300w, https:\/\/solaroglo.com\/wp-content\/uploads\/2024\/02\/5939065-100x100.jpg 100w, https:\/\/solaroglo.com\/wp-content\/uploads\/2024\/02\/5939065-600x600.jpg 600w, https:\/\/solaroglo.com\/wp-content\/uploads\/2024\/02\/5939065-150x150.jpg 150w, https:\/\/solaroglo.com\/wp-content\/uploads\/2024\/02\/5939065-768x768.jpg 768w, https:\/\/solaroglo.com\/wp-content\/uploads\/2024\/02\/5939065-1536x1536.jpg 1536w, https:\/\/solaroglo.com\/wp-content\/uploads\/2024\/02\/5939065.jpg 2000w\" sizes=\"(max-width: 800px) 100vw, 800px\" \/>\t\t\t\t\t\t\t\t\t\t\t\t\t\t\t<\/div>\n\t\t\t\t<\/div>\n\t\t\t\t<\/div>\n\t\t<div class=\"elementor-element elementor-element-35a1f7c e-flex e-con-boxed e-con e-child\" data-id=\"35a1f7c\" data-element_type=\"container\" data-e-type=\"container\">\n\t\t\t\t\t<div class=\"e-con-inner\">\n\t\t\t\t<div class=\"elementor-element elementor-element-412b2d3 elementor-widget elementor-widget-heading\" data-id=\"412b2d3\" data-element_type=\"widget\" data-e-type=\"widget\" data-widget_type=\"heading.default\">\n\t\t\t\t<div class=\"elementor-widget-container\">\n\t\t\t\t\t<p class=\"elementor-heading-title elementor-size-default\">Usted acaba de enviarnos un correo electr\u00f3nico con \u00e9xito y esperamos que seamos buenos socios en el futuro para una situaci\u00f3n de ganar-ganar. <br><br> Nos pondremos en contacto con usted dentro de 1 d\u00eda h\u00e1bil, plesae prestar atenci\u00f3n al correo electr\u00f3nico con el sufijo<b>\"@solaroglo.com<\/b>\" o <b>mensaje de WhatsApp<\/b>.<br><br>Si se requiere asistencia t\u00e9cnica, nuestros especialistas de producto tomar\u00e1 hasta 48 horas para preparar y no ser\u00e1 capaz de responder de manera oportuna.<\/p>\t\t\t\t<\/div>\n\t\t\t\t<\/div>\n\t\t\t\t<div class=\"elementor-element elementor-element-ba57219 elementor-align-left elementor-widget elementor-widget-button\" data-id=\"ba57219\" data-element_type=\"widget\" data-e-type=\"widget\" data-settings=\"{&quot;_animation&quot;:&quot;none&quot;}\" data-widget_type=\"button.default\">\n\t\t\t\t<div class=\"elementor-widget-container\">\n\t\t\t\t\t\t\t\t\t<div class=\"elementor-button-wrapper\">\n\t\t\t\t\t<a class=\"elementor-button elementor-button-link elementor-size-xs\" href=\"https:\/\/solaroglo.com\/es\/\">\n\t\t\t\t\t\t<span class=\"elementor-button-content-wrapper\">\n\t\t\t\t\t\t<span class=\"elementor-button-icon\">\n\t\t\t\t<svg aria-hidden=\"true\" class=\"e-font-icon-svg e-fas-arrow-left\" viewBox=\"0 0 448 512\" xmlns=\"http:\/\/www.w3.org\/2000\/svg\"><path d=\"M257.5 445.1l-22.2 22.2c-9.4 9.4-24.6 9.4-33.9 0L7 273c-9.4-9.4-9.4-24.6 0-33.9L201.4 44.7c9.4-9.4 24.6-9.4 33.9 0l22.2 22.2c9.5 9.5 9.3 25-.4 34.3L136.6 216H424c13.3 0 24 10.7 24 24v32c0 13.3-10.7 24-24 24H136.6l120.5 114.8c9.8 9.3 10 24.8.4 34.3z\"><\/path><\/svg>\t\t\t<\/span>\n\t\t\t\t\t\t\t\t\t<span class=\"elementor-button-text\">VOLVER A LA P\u00c1GINA DE INICIO<\/span>\n\t\t\t\t\t<\/span>\n\t\t\t\t\t<\/a>\n\t\t\t\t<\/div>\n\t\t\t\t\t\t\t\t<\/div>\n\t\t\t\t<\/div>\n\t\t\t\t\t<\/div>\n\t\t\t\t<\/div>\n\t\t\t\t\t<\/div>\n\t\t\t\t<\/div>\n\t\t\t\t<\/div>\n\t\t","protected":false},"excerpt":{"rendered":"<p>Gracias. Usted acaba de enviarnos un correo electr\u00f3nico con \u00e9xito y esperamos que seamos buenos socios en el futuro para una situaci\u00f3n de ganar-ganar. Nos pondremos en contacto con usted dentro de 1 d\u00eda h\u00e1bil, plesae prestar atenci\u00f3n al correo electr\u00f3nico con el sufijo\u00ab@solaroglo.com\u00bb o mensaje de WhatsApp. Si se requiere asistencia t\u00e9cnica, nuestros especialistas [&hellip;]<\/p>\n","protected":false},"author":1,"featured_media":0,"parent":0,"menu_order":0,"comment_status":"closed","ping_status":"closed","template":"","meta":{"footnotes":""},"class_list":["post-3071","page","type-page","status-publish","hentry"],"_hostinger_reach_plugin_has_subscription_block":false,"_hostinger_reach_plugin_is_elementor":false,"_links":{"self":[{"href":"https:\/\/solaroglo.com\/es\/wp-json\/wp\/v2\/pages\/3071","targetHints":{"allow":["GET"]}}],"collection":[{"href":"https:\/\/solaroglo.com\/es\/wp-json\/wp\/v2\/pages"}],"about":[{"href":"https:\/\/solaroglo.com\/es\/wp-json\/wp\/v2\/types\/page"}],"author":[{"embeddable":true,"href":"https:\/\/solaroglo.com\/es\/wp-json\/wp\/v2\/users\/1"}],"replies":[{"embeddable":true,"href":"https:\/\/solaroglo.com\/es\/wp-json\/wp\/v2\/comments?post=3071"}],"version-history":[{"count":1,"href":"https:\/\/solaroglo.com\/es\/wp-json\/wp\/v2\/pages\/3071\/revisions"}],"predecessor-version":[{"id":3072,"href":"https:\/\/solaroglo.com\/es\/wp-json\/wp\/v2\/pages\/3071\/revisions\/3072"}],"wp:attachment":[{"href":"https:\/\/solaroglo.com\/es\/wp-json\/wp\/v2\/media?parent=3071"}],"curies":[{"name":"wp","href":"https:\/\/api.w.org\/{rel}","templated":true}]}}