{"id":8261,"date":"2025-09-04T09:56:09","date_gmt":"2025-09-04T08:56:09","guid":{"rendered":"https:\/\/solaroglo.com\/?post_type=product&#038;p=8261"},"modified":"2025-09-05T10:32:29","modified_gmt":"2025-09-05T09:32:29","slug":"sg723-300-all-in-one-solar-strasenlaterne-vollintegrierte-einheit-180-led-60w-panel-ip65-copy-copy-copy-2","status":"publish","type":"product","link":"https:\/\/solaroglo.com\/de\/produkt\/sg723-300-all-in-one-solar-strasenlaterne-vollintegrierte-einheit-180-led-60w-panel-ip65-copy-copy-copy-2\/","title":{"rendered":"SG723-300 All-in-One Solar-Stra\u00dfenlaterne Vollintegrierte Einheit 180 LED 60W Panel IP65 (Copy) (Copy) (Copy)"},"content":{"rendered":"<h2>Einf\u00fchrung<\/h2>\n<p class=\"whitespace-normal\">Die <a href=\"https:\/\/solaroglo.com\/all-in-one-solar-street-light\/\">All-in-One-Solarstra\u00dfenlaterne<\/a> SG723-300 vereint Solarpanel, Batterie und 180 LED-Leuchten in einer einzigen kompakten Einheit. Dieses integrierte Design macht eine komplexe Installation \u00fcberfl\u00fcssig und sorgt gleichzeitig f\u00fcr eine leistungsstarke Beleuchtung ohne Stromkosten oder Verkabelungsaufwand.<\/p>\n<p class=\"whitespace-normal\">Mit intelligenter Bewegungserkennung und automatischen Lichtsensoren maximiert das System die Energieeffizienz, indem es die Helligkeit an die Umgebungsaktivit\u00e4t anpasst. Diese intelligente Technologie sorgt jede Nacht f\u00fcr \u00fcber 12 Stunden zuverl\u00e4ssige Beleuchtung, genau dann und dort, wo sie ben\u00f6tigt wird.<\/p>\n<p class=\"whitespace-normal\">Diese Solarleuchten sind aus robustem Aluminium gefertigt und verf\u00fcgen \u00fcber den Wetterschutz IP65, sodass sie in verschiedenen Au\u00dfenumgebungen zuverl\u00e4ssig funktionieren. Diese vielseitige Beleuchtungsl\u00f6sung eignet sich f\u00fcr zahlreiche Anwendungen, von Wohnstra\u00dfen bis hin zu Gewerbeimmobilien, Parks und Parkpl\u00e4tzen \u2013 und bietet Ihnen eine effektive, nachhaltige Option f\u00fcr Ihre spezifischen Beleuchtungsanforderungen.<\/p>\n<h2 class=\"detail_h2\">Technische Parameter<\/h2>\n<ul>\n<li class=\"whitespace-normal break-words\">Modell: SG723-300<\/li>\n<li class=\"whitespace-normal break-words\">Farbtemperatur: 6500 K<\/li>\n<li class=\"whitespace-normal break-words\">Lithiumbatterie: 3,2 V\/50000 mA Lithium-Eisenphosphat-Batterie<\/li>\n<li class=\"whitespace-normal break-words\">Photovoltaik-Modul: Polykristallines Silizium 6 V\/60 W<\/li>\n<li class=\"whitespace-normal break-words\">Panelgr\u00f6\u00dfe: 882 \u00d7 395 mm<\/li>\n<li class=\"whitespace-normal break-words\">Lampengr\u00f6\u00dfe: 887 \u00d7 400 \u00d7 280 mm<\/li>\n<li class=\"whitespace-normal break-words\">LED-Konfiguration: 180 St\u00fcck 3030 SMD-Lampenperlen<\/li>\n<li class=\"whitespace-normal break-words\">Material: Profilaluminium + Nano-optische Linse<\/li>\n<li class=\"whitespace-normal break-words\">Schutzstufe: IP65<\/li>\n<li class=\"whitespace-normal break-words\">Steuerungsfunktionen: Intelligente Lichtsteuerung + Radarinduktion + Blitzschnellladung<\/li>\n<li class=\"whitespace-normal break-words\">Leuchtdauer: &gt;12 hours<\/li>\n<\/ul>\n<p>&nbsp;<\/p>\n<h2 class=\"detail_h2\">Weitere Modelle<\/h2>\n<div id=\"supsystic-table-2_19999\" class=\"supsystic-tables-wrap \" style=\" display: inline-block; width:auto; visibility: hidden; \" data-table-width-fixed=\"auto\" data-table-width-mobile=\"auto\" ><table id=\"supsystic-table-2\" class=\"supsystic-table lfixed compact paragraphMode border stripe hover lightboxImg no-border\" data-id=\"2\" data-view-id=\"2_19999\" data-title=\"SolarGlo-723 All-in-one Solar Street Light\" data-currency-format=\"$1,000.00\" data-percent-format=\"10.00%\" data-date-format=\"DD.MM.YYYY\" data-time-format=\"HH:mm\" data-features=\"[&quot;after_table_loaded_script&quot;]\" data-search-value=\"\" data-lfixed=\"1\" data-lightbox-img=\"\" data-head-rows-count=\"1\" data-pagination-length=\"50,100,All\" data-auto-index=\"off\" data-searching-settings=\"{&quot;columnSearchPosition&quot;:&quot;bottom&quot;,&quot;minChars&quot;:&quot;0&quot;}\" data-lang=\"default\" data-override=\"{&quot;emptyTable&quot;:&quot;&quot;,&quot;info&quot;:&quot;&quot;,&quot;infoEmpty&quot;:&quot;&quot;,&quot;infoFiltered&quot;:&quot;&quot;,&quot;lengthMenu&quot;:&quot;&quot;,&quot;search&quot;:&quot;&quot;,&quot;previous&quot;:&quot;&quot;,&quot;next&quot;:&quot;&quot;,&quot;zeroRecords&quot;:&quot;&quot;,&quot;exportLabel&quot;:&quot;&quot;,&quot;file&quot;:&quot;default&quot;}\" data-merged=\"[]\" data-responsive-mode=\"2\" data-from-history=\"0\" style=\"width:auto;\" ><thead><tr><th class=\"\" style=\"width:; padding: 0 !important;\"><\/th><th class=\"\" style=\"width:; padding: 0 !important;\"><\/th><th class=\"\" style=\"width:; padding: 0 !important;\"><\/th><th class=\"\" style=\"width:; padding: 0 !important;\"><\/th><th class=\"\" style=\"width:; padding: 0 !important;\"><\/th><th class=\"\" style=\"width:; padding: 0 !important;\"><\/th><th class=\"\" style=\"width:; padding: 0 !important;\"><\/th><th class=\"\" style=\"width:; padding: 0 !important;\"><\/th><\/tr><\/thead><tbody><tr style=\"height:51px\" ><td data-cell-id=\"A1\" data-x=\"0\" data-y=\"1\" data-db-index=\"1\" class=\"htMiddle color-ffffff bg-2195f3 bold fsize-14 htLeft\" data-cell-type=\"text\" data-original-value=\"Model\" data-order=\"Model\" >Model <\/td><td data-cell-id=\"B1\" data-x=\"1\" data-y=\"1\" data-db-index=\"1\" class=\"htMiddle color-ffffff bg-2195f3 bold fsize-14 htLeft\" data-cell-type=\"text\" data-original-value=\"Material\" data-order=\"Material\" >Material <\/td><td data-cell-id=\"C1\" data-x=\"2\" data-y=\"1\" data-db-index=\"1\" class=\"htMiddle color-ffffff bg-2195f3 bold fsize-14 htLeft\" data-cell-type=\"text\" data-original-value=\"Temperature\" data-order=\"Temperature\" >Temperature <\/td><td data-cell-id=\"D1\" data-x=\"3\" data-y=\"1\" data-db-index=\"1\" class=\"htMiddle color-ffffff bg-2195f3 bold fsize-14 htLeft\" data-cell-type=\"text\" data-original-value=\"Light Source\" data-order=\"Light Source\" >Light Source <\/td><td data-cell-id=\"E1\" data-x=\"4\" data-y=\"1\" data-db-index=\"1\" class=\"htMiddle color-ffffff bg-2195f3 bold fsize-14 htLeft\" data-cell-type=\"text\" data-original-value=\"Lithium Battery\" data-order=\"Lithium Battery\" >Lithium Battery <\/td><td data-cell-id=\"F1\" data-x=\"5\" data-y=\"1\" data-db-index=\"1\" class=\"htMiddle color-ffffff bg-2195f3 bold fsize-14 htLeft\" data-cell-type=\"text\" data-original-value=\"Solar Panel\" data-order=\"Solar Panel\" >Solar Panel <\/td><td data-cell-id=\"G1\" data-x=\"6\" data-y=\"1\" data-db-index=\"1\" class=\"htMiddle color-ffffff bg-2195f3 bold fsize-14 htLeft\" data-cell-type=\"text\" data-original-value=\"Solar Panel Size(mm)\" data-order=\"Solar Panel Size(mm)\" >Solar Panel Size(mm) <\/td><td data-cell-id=\"H1\" data-x=\"7\" data-y=\"1\" data-db-index=\"1\" class=\"htMiddle color-ffffff bg-2195f3 bold fsize-14 htLeft\" data-cell-type=\"text\" data-original-value=\"Lamp Size (mm)\" data-order=\"Lamp Size (mm)\" >Lamp Size (mm) <\/td><\/tr><tr style=\"height:px\" ><td data-cell-id=\"A2\" data-x=\"0\" data-y=\"2\" data-db-index=\"2\" class=\"htMiddle fsize-14 htLeft\" data-cell-type=\"text\" data-original-value=\"&lt;a href=&quot;https:\/\/solaroglo.com\/product\/sg723-300-all-in-one-solar-street-light\/&quot; target=&quot;_self&quot;&gt;SG723-300&lt;\/a&gt;\" data-order=\"&lt;a href=&quot;https:\/\/solaroglo.com\/product\/sg723-300-all-in-one-solar-street-light\/&quot; target=&quot;_self&quot;&gt;SG723-300&lt;\/a&gt;\" ><a href=\"https:\/\/solaroglo.com\/product\/sg723-300-all-in-one-solar-street-light\/\" target=\"_self\">SG723-300<\/a><\/td><td data-cell-id=\"B2\" data-x=\"1\" data-y=\"2\" data-db-index=\"2\" class=\"htMiddle fsize-14 htLeft\" data-cell-type=\"text\" data-original-value=\"Profile aluminum + nano optical lens\" data-order=\"Profile aluminum + nano optical lens\" >Profile aluminum + nano optical lens <\/td><td data-cell-id=\"C2\" data-x=\"2\" data-y=\"2\" data-db-index=\"2\" class=\"htMiddle fsize-14 htLeft\" data-cell-type=\"text\" data-original-value=\"6500K\" data-order=\"6500K\" >6500K <\/td><td data-cell-id=\"D2\" data-x=\"3\" data-y=\"2\" data-db-index=\"2\" class=\"htMiddle fsize-14 htLeft\" data-cell-type=\"text\" data-original-value=\"3030\/180PCS\" data-order=\"3030\/180PCS\" >3030\/180PCS <\/td><td data-cell-id=\"E2\" data-x=\"4\" data-y=\"2\" data-db-index=\"2\" class=\"htMiddle fsize-14 htLeft\" data-cell-type=\"text\" data-original-value=\"3.2V\/50000MA\" data-order=\"3.2V\/50000MA\" >3.2V\/50000MA <\/td><td data-cell-id=\"F2\" data-x=\"5\" data-y=\"2\" data-db-index=\"2\" class=\"htMiddle fsize-14 htLeft\" data-cell-type=\"text\" data-original-value=\"6V\/60W\" data-order=\"6V\/60W\" >6V\/60W <\/td><td data-cell-id=\"G2\" data-x=\"6\" data-y=\"2\" data-db-index=\"2\" class=\"htMiddle fsize-14 htLeft\" data-cell-type=\"text\" data-original-value=\"882*395\" data-order=\"882*395\" >882*395 <\/td><td data-cell-id=\"H2\" data-x=\"7\" data-y=\"2\" data-db-index=\"2\" class=\"htMiddle fsize-14 htLeft\" data-cell-type=\"text\" data-original-value=\"887*400*280\" data-order=\"887*400*280\" >887*400*280 <\/td><\/tr><tr style=\"height:px\" ><td data-cell-id=\"A3\" data-x=\"0\" data-y=\"3\" data-db-index=\"3\" class=\"htMiddle fsize-14 htLeft\" data-cell-type=\"text\" data-original-value=\"&lt;a href=&quot;https:\/\/solaroglo.com\/product\/sg723-400-all-in-one-solar-street-light\/&quot; target=&quot;_self&quot;&gt;SG723-400&lt;\/a&gt;\" data-order=\"&lt;a href=&quot;https:\/\/solaroglo.com\/product\/sg723-400-all-in-one-solar-street-light\/&quot; target=&quot;_self&quot;&gt;SG723-400&lt;\/a&gt;\" ><a href=\"https:\/\/solaroglo.com\/product\/sg723-400-all-in-one-solar-street-light\/\" target=\"_self\">SG723-400<\/a><\/td><td data-cell-id=\"B3\" data-x=\"1\" data-y=\"3\" data-db-index=\"3\" class=\"htMiddle fsize-14 htLeft\" data-cell-type=\"text\" data-original-value=\"Profile aluminum + nano optical lens\" data-order=\"Profile aluminum + nano optical lens\" >Profile aluminum + nano optical lens <\/td><td data-cell-id=\"C3\" data-x=\"2\" data-y=\"3\" data-db-index=\"3\" class=\"htMiddle fsize-14 htLeft\" data-cell-type=\"text\" data-original-value=\"6500K\" data-order=\"6500K\" >6500K <\/td><td data-cell-id=\"D3\" data-x=\"3\" data-y=\"3\" data-db-index=\"3\" class=\"htMiddle fsize-14 htLeft\" data-cell-type=\"text\" data-original-value=\"3030\/240PCS\" data-order=\"3030\/240PCS\" >3030\/240PCS <\/td><td data-cell-id=\"E3\" data-x=\"4\" data-y=\"3\" data-db-index=\"3\" class=\"htMiddle fsize-14 htLeft\" data-cell-type=\"text\" data-original-value=\"3.2V\/60000MA\" data-order=\"3.2V\/60000MA\" >3.2V\/60000MA <\/td><td data-cell-id=\"F3\" data-x=\"5\" data-y=\"3\" data-db-index=\"3\" class=\"htMiddle fsize-14 htLeft\" data-cell-type=\"text\" data-original-value=\"6V\/80W\" data-order=\"6V\/80W\" >6V\/80W <\/td><td data-cell-id=\"G3\" data-x=\"6\" data-y=\"3\" data-db-index=\"3\" class=\"htMiddle fsize-14 htLeft\" data-cell-type=\"text\" data-original-value=\"1160*395\" data-order=\"1160*395\" >1160*395 <\/td><td data-cell-id=\"H3\" data-x=\"7\" data-y=\"3\" data-db-index=\"3\" class=\"htMiddle fsize-14 htLeft\" data-cell-type=\"text\" data-original-value=\"887*400*280\" data-order=\"887*400*280\" >887*400*280 <\/td><\/tr><tr style=\"height:px\" ><td data-cell-id=\"A4\" data-x=\"0\" data-y=\"4\" data-db-index=\"4\" class=\"htMiddle fsize-14 htLeft\" data-cell-type=\"text\" data-original-value=\"&lt;a href=&quot;https:\/\/solaroglo.com\/product\/municipal-roads-sg723-500-all-in-one-solar-street-light\/&quot; target=&quot;_self&quot;&gt;SG723-500&lt;\/a&gt;\" data-order=\"&lt;a href=&quot;https:\/\/solaroglo.com\/product\/municipal-roads-sg723-500-all-in-one-solar-street-light\/&quot; target=&quot;_self&quot;&gt;SG723-500&lt;\/a&gt;\" ><a href=\"https:\/\/solaroglo.com\/product\/municipal-roads-sg723-500-all-in-one-solar-street-light\/\" target=\"_self\">SG723-500<\/a><\/td><td data-cell-id=\"B4\" data-x=\"1\" data-y=\"4\" data-db-index=\"4\" class=\"htMiddle fsize-14 htLeft\" data-cell-type=\"text\" data-original-value=\"Profile aluminum + nano optical lens\" data-order=\"Profile aluminum + nano optical lens\" >Profile aluminum + nano optical lens <\/td><td data-cell-id=\"C4\" data-x=\"2\" data-y=\"4\" data-db-index=\"4\" class=\"htMiddle fsize-14 htLeft\" data-cell-type=\"text\" data-original-value=\"6500K\" data-order=\"6500K\" >6500K <\/td><td data-cell-id=\"D4\" data-x=\"3\" data-y=\"4\" data-db-index=\"4\" class=\"htMiddle fsize-14 htLeft\" data-cell-type=\"text\" data-original-value=\"3030\/300PCS\" data-order=\"3030\/300PCS\" >3030\/300PCS <\/td><td data-cell-id=\"E4\" data-x=\"4\" data-y=\"4\" data-db-index=\"4\" class=\"htMiddle fsize-14 htLeft\" data-cell-type=\"text\" data-original-value=\"3.2V\/80000MA\" data-order=\"3.2V\/80000MA\" >3.2V\/80000MA <\/td><td data-cell-id=\"F4\" data-x=\"5\" data-y=\"4\" data-db-index=\"4\" class=\"htMiddle fsize-14 htLeft\" data-cell-type=\"text\" data-original-value=\"6V\/100W\" data-order=\"6V\/100W\" >6V\/100W <\/td><td data-cell-id=\"G4\" data-x=\"6\" data-y=\"4\" data-db-index=\"4\" class=\"htMiddle fsize-14 htLeft\" data-cell-type=\"text\" data-original-value=\"1430*395\" data-order=\"1430*395\" >1430*395 <\/td><td data-cell-id=\"H4\" data-x=\"7\" data-y=\"4\" data-db-index=\"4\" class=\"htMiddle fsize-14 htLeft\" data-cell-type=\"text\" data-original-value=\"887*400*280\" data-order=\"887*400*280\" >887*400*280 <\/td><\/tr><\/tbody><\/table><!-- \/#supsystic-table-2.supsystic-table --><\/div><!-- \/.supsystic-tables-wrap --><!-- Tables Generator by Supsystic --><!-- Version:1.10.46 --><!-- http:\/\/supsystic.com\/ -->\n<p>&nbsp;<\/p>\n<h2 class=\"detail_h2\">Praktische Anwendung<\/h2>\n<p data-pm-slice=\"1 1 []\">Dank der bequemen Installation, der robusten Konstruktion und der intelligenten Lichtsteuerung bietet die All-in-One-Solarstra\u00dfenlaterne SG723 eine professionelle Beleuchtung bei maximaler Energieeffizienz und minimaler Umweltbelastung. Es eignet sich ideal f\u00fcr hochwertige Umgebungsbeleuchtungsprogramme in verschiedenen Umgebungen:<\/p>\n<ul>\n<li class=\"whitespace-normal break-words\"><strong>Kommunale Stra\u00dfenprojekte<\/strong> \u2013 Erf\u00fcllt strenge Standards mit C4H-Korrosionsschutz in Marinequalit\u00e4t und IP65-Wasserdichtigkeit<\/li>\n<li class=\"whitespace-normal break-words\"><strong>Private Estates<\/strong> &#8211; Smarter Radarsensor mit drei Dimmfunktionen sorgt f\u00fcr individuell anpassbare Beleuchtung<\/li>\n<li class=\"whitespace-normal break-words\"><strong>Stadtparks und Pl\u00e4tze<\/strong> \u2013 Einfache Installation in H\u00f6hen von 6\u201310 Metern f\u00fcr optimale Abdeckung<\/li>\n<li class=\"whitespace-normal break-words\"><strong>Gro\u00dfe Docks<\/strong> \u2013 H\u00e4lt rauen Meeresumgebungen stand und bietet gleichzeitig eine zuverl\u00e4ssige Beleuchtung<\/li>\n<li class=\"whitespace-normal break-words\"><strong>Gewerbefl\u00e4chen<\/strong> &#8211; Austauschbarer Lithium-Akku-Rucksack verl\u00e4ngert die Lebensdauer und senkt die Wartungskosten<\/li>\n<\/ul>\n","protected":false},"excerpt":{"rendered":"<ul>\n<li class=\"whitespace-normal\"><strong>\u00dcberragende Helligkeit:<\/strong> 180 LED-Leuchten sorgen f\u00fcr eine helle Beleuchtung in Tageslichtqualit\u00e4t mit hervorragender Abdeckung f\u00fcr maximale Sichtbarkeit.<\/li>\n<li class=\"whitespace-normal\"><strong>Langanhaltende Leistung:<\/strong> Leistungsstarker Akku und effizientes Solarpanel sorgen mit einer einzigen Tagesladung f\u00fcr \u00fcber 12 Stunden Beleuchtung.<\/li>\n<li class=\"whitespace-normal\"><strong>Intelligente Bedienung:<\/strong> Intelligentes Lichtsteuerungssystem mit Bewegungserkennung passt die Helligkeit automatisch an die Umgebungsbedingungen an.<\/li>\n<li class=\"whitespace-normal\"><strong>Haltbarkeit bei jedem Wetter: <\/strong>Robuste Aluminiumkonstruktion mit hohem Schutz gegen Staub und Wasser f\u00fcr zuverl\u00e4ssige Leistung das ganze Jahr \u00fcber.<\/li>\n<\/ul>\n","protected":false},"featured_media":8283,"comment_status":"open","ping_status":"closed","template":"","meta":[],"product_brand":[],"product_cat":[86],"product_tag":[],"class_list":{"0":"post-8261","1":"product","2":"type-product","3":"status-publish","4":"has-post-thumbnail","6":"product_cat-all-in-one-solar-strasenleuchte","8":"first","9":"instock","10":"shipping-taxable","11":"purchasable","12":"product-type-simple"},"_links":{"self":[{"href":"https:\/\/solaroglo.com\/de\/wp-json\/wp\/v2\/product\/8261","targetHints":{"allow":["GET"]}}],"collection":[{"href":"https:\/\/solaroglo.com\/de\/wp-json\/wp\/v2\/product"}],"about":[{"href":"https:\/\/solaroglo.com\/de\/wp-json\/wp\/v2\/types\/product"}],"replies":[{"embeddable":true,"href":"https:\/\/solaroglo.com\/de\/wp-json\/wp\/v2\/comments?post=8261"}],"wp:featuredmedia":[{"embeddable":true,"href":"https:\/\/solaroglo.com\/de\/wp-json\/wp\/v2\/media\/8283"}],"wp:attachment":[{"href":"https:\/\/solaroglo.com\/de\/wp-json\/wp\/v2\/media?parent=8261"}],"wp:term":[{"taxonomy":"product_brand","embeddable":true,"href":"https:\/\/solaroglo.com\/de\/wp-json\/wp\/v2\/product_brand?post=8261"},{"taxonomy":"product_cat","embeddable":true,"href":"https:\/\/solaroglo.com\/de\/wp-json\/wp\/v2\/product_cat?post=8261"},{"taxonomy":"product_tag","embeddable":true,"href":"https:\/\/solaroglo.com\/de\/wp-json\/wp\/v2\/product_tag?post=8261"}],"curies":[{"name":"wp","href":"https:\/\/api.w.org\/{rel}","templated":true}]}}