{"id":7426,"date":"2025-06-07T09:33:10","date_gmt":"2025-06-07T08:33:10","guid":{"rendered":"https:\/\/solaroglo.com\/?post_type=product&#038;p=7426"},"modified":"2025-06-10T10:52:31","modified_gmt":"2025-06-10T09:52:31","slug":"sg723-300-all-in-one-solar-strasenlaterne-vollintegrierte-einheit-180-led-60w-panel-ip65-copy-copy-copy","status":"publish","type":"product","link":"https:\/\/solaroglo.com\/de\/produkt\/sg723-300-all-in-one-solar-strasenlaterne-vollintegrierte-einheit-180-led-60w-panel-ip65-copy-copy-copy\/","title":{"rendered":"SG719-300 Solar-Stra\u00dfenlaterne \u2013 Hocheffiziente LED-Smart-Steuerung f\u00fcr Projekte"},"content":{"rendered":"<h2>Einf\u00fchrung<\/h2>\n<p class=\"whitespace-normal break-words\">Der SG719-300 wurde speziell f\u00fcr Gro\u00dfprojekte und gewerbliche Installationen entwickelt. Es kombiniert leistungsstarke Solartechnologie mit intelligentem Design und verf\u00fcgt \u00fcber eine langlebige 50-Ah-Lithiumbatterie, ein effizientes 60-W-Solarpanel und 50 helle LED-Perlen, die klares 6500-K-Tageslicht liefern. Es verf\u00fcgt \u00fcber eine robuste Aluminiumkonstruktion und ist wasserdicht nach IP65. Es bietet intelligente Lichtsensoren, eine Fernbedienung und eine programmierbare Zeitsteuerung f\u00fcr die vollst\u00e4ndige Kontrolle.<\/p>\n<p class=\"whitespace-normal break-words\">Diese projekttaugliche <a href=\"https:\/\/solaroglo.com\/solar-street-light-supplier\/\">Solarstra\u00dfenlaterne<\/a> l\u00e4uft mit einer einzigen Ladung \u00fcber 12 Stunden und l\u00e4dt sich selbst an bew\u00f6lkten Tagen schnell wieder auf. Das wetterfeste Design h\u00e4lt rauen Bedingungen stand, w\u00e4hrend die intelligenten Bedienelemente komplizierte Verkabelungen \u00fcberfl\u00fcssig machen. Das hocheffiziente Solarpanel f\u00e4ngt ein Maximum an Energie ein und die professionelle Bauweise gew\u00e4hrleistet jahrelangen zuverl\u00e4ssigen Betrieb mit minimalem Wartungsbedarf \u00fcber mehrere Einheiten hinweg.<\/p>\n<p class=\"whitespace-normal break-words\">Sie sparen bei jedem Projekt Geld durch schnellere Installationen und praktisch keine Wartungsanrufe. Die zuverl\u00e4ssige Leistung bedeutet zufriedenere Kunden und weniger Kopfschmerzen f\u00fcr Sie. Dar\u00fcber hinaus k\u00f6nnen Sie Auftr\u00e4ge schneller abschlie\u00dfen und Ihren Kunden eine erstklassige Beleuchtungsl\u00f6sung anbieten, die automatisch funktioniert. Das steigert Ihren Ruf und schafft mehr M\u00f6glichkeiten f\u00fcr Folgeauftr\u00e4ge und Empfehlungen.<\/p>\n<h2 class=\"detail_h2\">Technische Parameter<\/h2>\n<ul>\n<li class=\"whitespace-normal break-words\">Modell: SG719-300<\/li>\n<li class=\"whitespace-normal break-words\">Farbtemperatur: 6500K<\/li>\n<li class=\"whitespace-normal break-words\">Lithiumbatterie: 3,2 V\/50000 mAh Lithium-Eisenphosphat-Batterie<\/li>\n<li class=\"whitespace-normal break-words\">Photovoltaikmodul: Polykristallines Silizium 5 V\/60 W<\/li>\n<li class=\"whitespace-normal break-words\">Solarpanel: Gr\u00f6\u00dfe: 670 \u00d7 630 \u00d7 25 mm<\/li>\n<li class=\"whitespace-normal break-words\">Lampengr\u00f6\u00dfe: 530 \u00d7 220 \u00d7 65 mm<\/li>\n<li class=\"whitespace-normal break-words\">SMD-Lampenperlen: 5054 Lampenperlen, 50 St\u00fcck<\/li>\n<li class=\"whitespace-normal break-words\">Material: Lampenk\u00f6rper aus Aluminiumdruckguss + optische Linsenmaske<\/li>\n<li class=\"whitespace-normal break-words\">Schutzart: IP65<\/li>\n<li class=\"whitespace-normal break-words\">Funktionssteuerung: Intelligente Lichtsteuerung + Fernbedienung + Zeitsteuerung + blitzschnelles Laden<\/li>\n<li class=\"whitespace-normal break-words\">Beleuchtungsdauer: &gt;12 Stunden<\/li>\n<\/ul>\n<p>&nbsp;<\/p>\n<h2 class=\"detail_h2\">Weitere Modelle<\/h2>\n<div id=\"supsystic-table-3_24134\" class=\"supsystic-tables-wrap \" style=\" display: inline-block; width:auto; visibility: hidden; \" data-table-width-fixed=\"auto\" data-table-width-mobile=\"auto\" ><table id=\"supsystic-table-3\" class=\"supsystic-table lfixed compact paragraphMode border stripe hover lightboxImg no-border\" data-id=\"3\" data-view-id=\"3_24134\" data-title=\"SolarGlo-719 Solar Street Light\" data-currency-format=\"$1,000.00\" data-percent-format=\"10.00%\" data-date-format=\"DD.MM.YYYY\" data-time-format=\"HH:mm\" data-features=\"[&quot;after_table_loaded_script&quot;]\" data-search-value=\"\" data-lfixed=\"1\" data-lightbox-img=\"\" data-head-rows-count=\"1\" data-pagination-length=\"50,100,All\" data-auto-index=\"off\" data-searching-settings=\"{&quot;columnSearchPosition&quot;:&quot;bottom&quot;,&quot;minChars&quot;:&quot;0&quot;}\" data-lang=\"default\" data-override=\"{&quot;emptyTable&quot;:&quot;&quot;,&quot;info&quot;:&quot;&quot;,&quot;infoEmpty&quot;:&quot;&quot;,&quot;infoFiltered&quot;:&quot;&quot;,&quot;lengthMenu&quot;:&quot;&quot;,&quot;search&quot;:&quot;&quot;,&quot;previous&quot;:&quot;&quot;,&quot;next&quot;:&quot;&quot;,&quot;zeroRecords&quot;:&quot;&quot;,&quot;exportLabel&quot;:&quot;&quot;,&quot;file&quot;:&quot;default&quot;}\" data-merged=\"[]\" data-responsive-mode=\"2\" data-from-history=\"0\" style=\"width:auto;\" ><thead><tr><th class=\"\" style=\"width:; padding: 0 !important;\"><\/th><th class=\"\" style=\"width:; padding: 0 !important;\"><\/th><th class=\"\" style=\"width:; padding: 0 !important;\"><\/th><th class=\"\" style=\"width:; padding: 0 !important;\"><\/th><th class=\"\" style=\"width:; padding: 0 !important;\"><\/th><th class=\"\" style=\"width:; padding: 0 !important;\"><\/th><th class=\"\" style=\"width:; padding: 0 !important;\"><\/th><th class=\"\" style=\"width:; padding: 0 !important;\"><\/th><\/tr><\/thead><tbody><tr style=\"height:51px\" ><td data-cell-id=\"A1\" data-x=\"0\" data-y=\"1\" data-db-index=\"1\" class=\"htMiddle color-ffffff bg-2195f3 bold fsize-14 htLeft\" data-cell-type=\"text\" data-original-value=\"Model\" data-order=\"Model\" >Model <\/td><td data-cell-id=\"B1\" data-x=\"1\" data-y=\"1\" data-db-index=\"1\" class=\"htMiddle color-ffffff bg-2195f3 bold fsize-14 htLeft\" data-cell-type=\"text\" data-original-value=\"Material\" data-order=\"Material\" >Material <\/td><td data-cell-id=\"C1\" data-x=\"2\" data-y=\"1\" data-db-index=\"1\" class=\"htMiddle color-ffffff bg-2195f3 bold fsize-14 htLeft\" data-cell-type=\"text\" data-original-value=\"Temperature\" data-order=\"Temperature\" >Temperature <\/td><td data-cell-id=\"D1\" data-x=\"3\" data-y=\"1\" data-db-index=\"1\" class=\"htMiddle color-ffffff bg-2195f3 bold fsize-14 htLeft\" data-cell-type=\"text\" data-original-value=\"Light Source\" data-order=\"Light Source\" >Light Source <\/td><td data-cell-id=\"E1\" data-x=\"4\" data-y=\"1\" data-db-index=\"1\" class=\"htMiddle color-ffffff bg-2195f3 bold fsize-14 htLeft\" data-cell-type=\"text\" data-original-value=\"Lithium Battery\" data-order=\"Lithium Battery\" >Lithium Battery <\/td><td data-cell-id=\"F1\" data-x=\"5\" data-y=\"1\" data-db-index=\"1\" class=\"htMiddle color-ffffff bg-2195f3 bold fsize-14 htLeft\" data-cell-type=\"text\" data-original-value=\"Solar Panel\" data-order=\"Solar Panel\" >Solar Panel <\/td><td data-cell-id=\"G1\" data-x=\"6\" data-y=\"1\" data-db-index=\"1\" class=\"htMiddle color-ffffff bg-2195f3 bold fsize-14 htLeft\" data-cell-type=\"text\" data-original-value=\"Solar Panel Size(mm)\" data-order=\"Solar Panel Size(mm)\" >Solar Panel Size(mm) <\/td><td data-cell-id=\"H1\" data-x=\"7\" data-y=\"1\" data-db-index=\"1\" class=\"htMiddle color-ffffff bg-2195f3 bold fsize-14 htLeft\" data-cell-type=\"text\" data-original-value=\"Lamp Size (mm)\" data-order=\"Lamp Size (mm)\" >Lamp Size (mm) <\/td><\/tr><tr style=\"height:px\" ><td data-cell-id=\"A2\" data-x=\"0\" data-y=\"2\" data-db-index=\"2\" class=\"htMiddle fsize-14 htLeft\" data-cell-type=\"text\" data-original-value=\"&lt;a href=&quot;https:\/\/solaroglo.com\/product\/sg719-300-solar-street-light-for-projects\/&quot; target=&quot;_self&quot;&gt;SG719-300&lt;\/a&gt;\" data-order=\"&lt;a href=&quot;https:\/\/solaroglo.com\/product\/sg719-300-solar-street-light-for-projects\/&quot; target=&quot;_self&quot;&gt;SG719-300&lt;\/a&gt;\" ><a href=\"https:\/\/solaroglo.com\/product\/sg719-300-solar-street-light-for-projects\/\" target=\"_self\">SG719-300<\/a><\/td><td data-cell-id=\"B2\" data-x=\"1\" data-y=\"2\" data-db-index=\"2\" class=\"htMiddle fsize-14 htLeft\" data-cell-type=\"text\" data-original-value=\"Die-casting aluminum lamp body lamp body + optical lens mask\" data-order=\"Die-casting aluminum lamp body lamp body + optical lens mask\" >Die-casting aluminum lamp body lamp body + optical lens mask <\/td><td data-cell-id=\"C2\" data-x=\"2\" data-y=\"2\" data-db-index=\"2\" class=\"htMiddle fsize-14 htLeft\" data-cell-type=\"text\" data-original-value=\"6500K\" data-order=\"6500K\" >6500K <\/td><td data-cell-id=\"D2\" data-x=\"3\" data-y=\"2\" data-db-index=\"2\" class=\"htMiddle fsize-14 htLeft\" data-cell-type=\"text\" data-original-value=\"5054\/50PCS\" data-order=\"5054\/50PCS\" >5054\/50PCS <\/td><td data-cell-id=\"E2\" data-x=\"4\" data-y=\"2\" data-db-index=\"2\" class=\"htMiddle fsize-14 htLeft\" data-cell-type=\"text\" data-original-value=\"3.2V\/50000MA\" data-order=\"3.2V\/50000MA\" >3.2V\/50000MA <\/td><td data-cell-id=\"F2\" data-x=\"5\" data-y=\"2\" data-db-index=\"2\" class=\"htMiddle fsize-14 htLeft\" data-cell-type=\"text\" data-original-value=\"5V\/60W\" data-order=\"5V\/60W\" >5V\/60W <\/td><td data-cell-id=\"G2\" data-x=\"6\" data-y=\"2\" data-db-index=\"2\" class=\"htMiddle fsize-14 htLeft\" data-cell-type=\"text\" data-original-value=\"670*630*25\" data-order=\"670*630*25\" >670*630*25 <\/td><td data-cell-id=\"H2\" data-x=\"7\" data-y=\"2\" data-db-index=\"2\" class=\"htMiddle fsize-14 htLeft\" data-cell-type=\"text\" data-original-value=\"530*220*65\" data-order=\"530*220*65\" >530*220*65 <\/td><\/tr><tr style=\"height:px\" ><td data-cell-id=\"A3\" data-x=\"0\" data-y=\"3\" data-db-index=\"3\" class=\"htMiddle fsize-14 htLeft\" data-cell-type=\"text\" data-original-value=\"&lt;a href=&quot;https:\/\/solaroglo.com\/product\/sg719-400-solar-street-light-all-night-lighting-for-roads-parks-and-pathways\/&quot; target=&quot;_self&quot;&gt;SG719-400&lt;\/a&gt;\" data-order=\"&lt;a href=&quot;https:\/\/solaroglo.com\/product\/sg719-400-solar-street-light-all-night-lighting-for-roads-parks-and-pathways\/&quot; target=&quot;_self&quot;&gt;SG719-400&lt;\/a&gt;\" ><a href=\"https:\/\/solaroglo.com\/product\/sg719-400-solar-street-light-all-night-lighting-for-roads-parks-and-pathways\/\" target=\"_self\">SG719-400<\/a><\/td><td data-cell-id=\"B3\" data-x=\"1\" data-y=\"3\" data-db-index=\"3\" class=\"htMiddle fsize-14 htLeft\" data-cell-type=\"text\" data-original-value=\"Die-casting aluminum lamp body lamp body + optical lens mask\" data-order=\"Die-casting aluminum lamp body lamp body + optical lens mask\" >Die-casting aluminum lamp body lamp body + optical lens mask <\/td><td data-cell-id=\"C3\" data-x=\"2\" data-y=\"3\" data-db-index=\"3\" class=\"htMiddle fsize-14 htLeft\" data-cell-type=\"text\" data-original-value=\"6500K\" data-order=\"6500K\" >6500K <\/td><td data-cell-id=\"D3\" data-x=\"3\" data-y=\"3\" data-db-index=\"3\" class=\"htMiddle fsize-14 htLeft\" data-cell-type=\"text\" data-original-value=\"5054\/50PCS\" data-order=\"5054\/50PCS\" >5054\/50PCS <\/td><td data-cell-id=\"E3\" data-x=\"4\" data-y=\"3\" data-db-index=\"3\" class=\"htMiddle fsize-14 htLeft\" data-cell-type=\"text\" data-original-value=\"3.2V\/60000MA\" data-order=\"3.2V\/60000MA\" >3.2V\/60000MA <\/td><td data-cell-id=\"F3\" data-x=\"5\" data-y=\"3\" data-db-index=\"3\" class=\"htMiddle fsize-14 htLeft\" data-cell-type=\"text\" data-original-value=\"5V\/80W\" data-order=\"5V\/80W\" >5V\/80W <\/td><td data-cell-id=\"G3\" data-x=\"6\" data-y=\"3\" data-db-index=\"3\" class=\"htMiddle fsize-14 htLeft\" data-cell-type=\"text\" data-original-value=\"670*690*30\" data-order=\"670*690*30\" >670*690*30 <\/td><td data-cell-id=\"H3\" data-x=\"7\" data-y=\"3\" data-db-index=\"3\" class=\"htMiddle fsize-14 htLeft\" data-cell-type=\"text\" data-original-value=\"530*220*65\" data-order=\"530*220*65\" >530*220*65 <\/td><\/tr><tr style=\"height:px\" ><td data-cell-id=\"A4\" data-x=\"0\" data-y=\"4\" data-db-index=\"4\" class=\"htMiddle fsize-14 htLeft\" data-cell-type=\"text\" data-original-value=\"&lt;a href=&quot;https:\/\/solaroglo.com\/product\/sg719-500-solar-street-light-long-lasting-solution-for-rural-and-public-roads\/&quot; target=&quot;_self&quot;&gt;SG719-500&lt;\/a&gt;\" data-order=\"&lt;a href=&quot;https:\/\/solaroglo.com\/product\/sg719-500-solar-street-light-long-lasting-solution-for-rural-and-public-roads\/&quot; target=&quot;_self&quot;&gt;SG719-500&lt;\/a&gt;\" ><a href=\"https:\/\/solaroglo.com\/product\/sg719-500-solar-street-light-long-lasting-solution-for-rural-and-public-roads\/\" target=\"_self\">SG719-500<\/a><\/td><td data-cell-id=\"B4\" data-x=\"1\" data-y=\"4\" data-db-index=\"4\" class=\"htMiddle fsize-14 htLeft\" data-cell-type=\"text\" data-original-value=\"Die-casting aluminum lamp body lamp body + optical lens mask\" data-order=\"Die-casting aluminum lamp body lamp body + optical lens mask\" >Die-casting aluminum lamp body lamp body + optical lens mask <\/td><td data-cell-id=\"C4\" data-x=\"2\" data-y=\"4\" data-db-index=\"4\" class=\"htMiddle fsize-14 htLeft\" data-cell-type=\"text\" data-original-value=\"6500K\" data-order=\"6500K\" >6500K <\/td><td data-cell-id=\"D4\" data-x=\"3\" data-y=\"4\" data-db-index=\"4\" class=\"htMiddle fsize-14 htLeft\" data-cell-type=\"text\" data-original-value=\"5054\/50PCS\" data-order=\"5054\/50PCS\" >5054\/50PCS <\/td><td data-cell-id=\"E4\" data-x=\"4\" data-y=\"4\" data-db-index=\"4\" class=\"htMiddle fsize-14 htLeft\" data-cell-type=\"text\" data-original-value=\"3.2V\/80000MA\" data-order=\"3.2V\/80000MA\" >3.2V\/80000MA <\/td><td data-cell-id=\"F4\" data-x=\"5\" data-y=\"4\" data-db-index=\"4\" class=\"htMiddle fsize-14 htLeft\" data-cell-type=\"text\" data-original-value=\"5V\/100W\" data-order=\"5V\/100W\" >5V\/100W <\/td><td data-cell-id=\"G4\" data-x=\"6\" data-y=\"4\" data-db-index=\"4\" class=\"htMiddle fsize-14 htLeft\" data-cell-type=\"text\" data-original-value=\"670*1020*30\" data-order=\"670*1020*30\" >670*1020*30 <\/td><td data-cell-id=\"H4\" data-x=\"7\" data-y=\"4\" data-db-index=\"4\" class=\"htMiddle fsize-14 htLeft\" data-cell-type=\"text\" data-original-value=\"530*220*65\" data-order=\"530*220*65\" >530*220*65 <\/td><\/tr><\/tbody><\/table><!-- \/#supsystic-table-3.supsystic-table --><\/div><!-- \/.supsystic-tables-wrap --><!-- Tables Generator by Supsystic --><!-- Version:1.10.46 --><!-- http:\/\/supsystic.com\/ -->\n<p>&nbsp;<\/p>\n<h2 class=\"detail_h2\">Praktische Anwendung<\/h2>\n<p data-pm-slice=\"1 1 []\">Die Solarstra\u00dfenlaterne der Serie SG719 ist speziell f\u00fcr den Bau l\u00e4ndlicher Beleuchtungsanlagen und Stra\u00dfenbeleuchtungsprojekte konzipiert. Mit hochwertiger Helligkeit, hervorragender Anpassungsf\u00e4higkeit und umfangreichen Individualisierungsoptionen ist es die bevorzugte Wahl f\u00fcr Masseninstallationen, die eine zuverl\u00e4ssige Leistung erfordern.<\/p>\n<ul>\n<li class=\"whitespace-normal break-words\"><strong>L\u00e4ndliche Stra\u00dfen: <\/strong>Entwicklung der l\u00e4ndlichen Infrastruktur<\/li>\n<li class=\"whitespace-normal break-words\"><strong>Autobahnprojekte: <\/strong>Beleuchtung wichtiger Verkehrskorridore<\/li>\n<li class=\"whitespace-normal break-words\"><strong>Kommunale Stra\u00dfen: <\/strong>Stadtentwicklungsprojekte<\/li>\n<li class=\"whitespace-normal break-words\"><strong>Industriezugang: <\/strong>Beleuchtung von Gewerbekomplexen<\/li>\n<li class=\"whitespace-normal break-words\"><strong>Wohngebiete:<\/strong> Beleuchtung von Wohnprojekten<\/li>\n<li class=\"whitespace-normal break-words\"><strong>Infrastruktur-Upgrades: <\/strong>Stra\u00dfenmodernisierungsprojekte<\/li>\n<\/ul>\n<p>&nbsp;<\/p>\n<p><img fetchpriority=\"high\" decoding=\"async\" class=\"alignnone size-medium wp-image-2131\" src=\"https:\/\/solaroglo.com\/wp-content\/uploads\/2024\/09\/1-288x300.png\" alt=\"SG719 Solar-Stra\u00dfenlaterne\" width=\"288\" height=\"300\" srcset=\"https:\/\/solaroglo.com\/wp-content\/uploads\/2024\/09\/1-288x300.png 288w, https:\/\/solaroglo.com\/wp-content\/uploads\/2024\/09\/1.png 470w\" sizes=\"(max-width: 288px) 100vw, 288px\" \/><\/p>\n","protected":false},"excerpt":{"rendered":"<ul>\n<li class=\"whitespace-normal break-words\"><strong>Erweiterte Laufzeit von \u00fcber 12 Stunden<\/strong> \u2013 Der leistungsstarke 50-Ah-Lithium-Eisenphosphat-Akku gew\u00e4hrleistet eine zuverl\u00e4ssige Beleuchtung die ganze Nacht \u00fcber f\u00fcr Gro\u00dfprojekte<\/li>\n<li class=\"whitespace-normal break-words\"><strong>Professionelle Haltbarkeit<\/strong> \u2013 Wasserdichtigkeit nach IP65 mit Aluminium-Druckgusskonstruktion, die f\u00fcr raues Wetter und langfristige Projektanforderungen ausgelegt ist<\/li>\n<li class=\"whitespace-normal break-words\"><strong>Smart Multi-Control System<\/strong> &#8211; Intelligente Lichtsensorik, Fernsteuerung und Zeitprogrammierung f\u00fcr flexiblen Betrieb an mehreren Installationsstandorten<\/li>\n<li class=\"whitespace-normal break-words\"><strong>Hocheffizientes Solarmodul<\/strong> \u2013 60 W polykristallines Siliziummodul mit Schnellladefunktion maximiert die Energieumwandlung f\u00fcr eine konstante Projektleistung<\/li>\n<\/ul>\n","protected":false},"featured_media":7434,"comment_status":"open","ping_status":"closed","template":"","meta":[],"product_brand":[],"product_cat":[98],"product_tag":[],"class_list":{"0":"post-7426","1":"product","2":"type-product","3":"status-publish","4":"has-post-thumbnail","6":"product_cat-solar-strasenlampe","8":"first","9":"instock","10":"shipping-taxable","11":"purchasable","12":"product-type-simple"},"_links":{"self":[{"href":"https:\/\/solaroglo.com\/de\/wp-json\/wp\/v2\/product\/7426","targetHints":{"allow":["GET"]}}],"collection":[{"href":"https:\/\/solaroglo.com\/de\/wp-json\/wp\/v2\/product"}],"about":[{"href":"https:\/\/solaroglo.com\/de\/wp-json\/wp\/v2\/types\/product"}],"replies":[{"embeddable":true,"href":"https:\/\/solaroglo.com\/de\/wp-json\/wp\/v2\/comments?post=7426"}],"wp:featuredmedia":[{"embeddable":true,"href":"https:\/\/solaroglo.com\/de\/wp-json\/wp\/v2\/media\/7434"}],"wp:attachment":[{"href":"https:\/\/solaroglo.com\/de\/wp-json\/wp\/v2\/media?parent=7426"}],"wp:term":[{"taxonomy":"product_brand","embeddable":true,"href":"https:\/\/solaroglo.com\/de\/wp-json\/wp\/v2\/product_brand?post=7426"},{"taxonomy":"product_cat","embeddable":true,"href":"https:\/\/solaroglo.com\/de\/wp-json\/wp\/v2\/product_cat?post=7426"},{"taxonomy":"product_tag","embeddable":true,"href":"https:\/\/solaroglo.com\/de\/wp-json\/wp\/v2\/product_tag?post=7426"}],"curies":[{"name":"wp","href":"https:\/\/api.w.org\/{rel}","templated":true}]}}